{"id":9951,"date":"2023-12-22T13:50:00","date_gmt":"2023-12-22T12:50:00","guid":{"rendered":"https:\/\/nownow.gallery\/shop\/unkategorisiert\/einen-barbie-traum-leben\/"},"modified":"2025-04-10T09:53:26","modified_gmt":"2025-04-10T07:53:26","slug":"im-barbie-cabrio","status":"publish","type":"product","link":"https:\/\/nownow.gallery\/de\/shop\/traume\/einen-barbie-traum-leben\/","title":{"rendered":"Living A Barbie Dream"},"content":{"rendered":"<h3>Im Barbie-Cabrio<\/h3>\n<p>Als ich ein Kind war, hatten fast alle meine Freundinnen ein rosa Barbie-Cabrio. Ich erinnere mich daran, wie das rosafarbene Plastik immer durch die Sonne verblasste. Ein Autosammler aus einem Dorf in der N\u00e4he von Stuttgart lie\u00df sich dieses Barbie-Chevrolet bis ins kleinste Detail nachbauen. Als ich das Auto in seiner Garage sah, fand ich es r\u00fchrend, dass ein 65-j\u00e4hriger Mann sich diesen Traum erf\u00fcllt hatte. An den deutlichen Abnutzungserscheinungen konnte man erkennen, dass ihm das Fahren mit seinem Traumauto genausoviel viel Spa\u00df macht, wie meinen Freundinnen fr\u00fcher das Spiel mit dem Barbie-Auto.<\/p>\n","protected":false},"excerpt":{"rendered":"<p>2022, Dreams, Joy, Living A Barbie Dream, amerikanisch, Autos, Barbie, Chevrolet, rosa, Dirk Bruniecki<\/p>\n","protected":false},"featured_media":9122,"comment_status":"closed","ping_status":"closed","template":"","meta":{"iawp_total_views":13},"product_brand":[],"product_cat":[460,468],"product_tag":[514,522,572,573,571],"class_list":{"0":"post-9951","1":"product","2":"type-product","3":"status-publish","4":"has-post-thumbnail","6":"product_cat-traume","7":"product_cat-freude","8":"product_tag-amerikanisch","9":"product_tag-autos","10":"product_tag-barbie-de","11":"product_tag-chevrolet-de","12":"product_tag-rosa","14":"first","15":"instock","16":"taxable","17":"shipping-taxable","18":"purchasable","19":"product-type-variable"},"supplier_id":null,"supplier_sku":"","barcode":null,"atum_controlled":true,"out_stock_date":null,"out_stock_threshold":null,"inheritable":false,"inbound_stock":null,"stock_on_hold":0,"sold_today":0,"sales_last_days":0,"reserved_stock":null,"customer_returns":null,"warehouse_damage":null,"lost_in_post":null,"other_logs":null,"out_stock_days":0,"lost_sales":0,"has_location":null,"update_date":"2024-11-29T00:11:42","atum_locations":[],"atum_stock_status":"instock","restock_status":false,"low_stock_amount":"","sales_update_date":"2024-11-29T00:11:42","calc_backorders":null,"_links":{"self":[{"href":"https:\/\/nownow.gallery\/de\/wp-json\/wp\/v2\/product\/9951","targetHints":{"allow":["GET"]}}],"collection":[{"href":"https:\/\/nownow.gallery\/de\/wp-json\/wp\/v2\/product"}],"about":[{"href":"https:\/\/nownow.gallery\/de\/wp-json\/wp\/v2\/types\/product"}],"replies":[{"embeddable":true,"href":"https:\/\/nownow.gallery\/de\/wp-json\/wp\/v2\/comments?post=9951"}],"wp:featuredmedia":[{"embeddable":true,"href":"https:\/\/nownow.gallery\/de\/wp-json\/wp\/v2\/media\/9122"}],"wp:attachment":[{"href":"https:\/\/nownow.gallery\/de\/wp-json\/wp\/v2\/media?parent=9951"}],"wp:term":[{"taxonomy":"product_brand","embeddable":true,"href":"https:\/\/nownow.gallery\/de\/wp-json\/wp\/v2\/product_brand?post=9951"},{"taxonomy":"product_cat","embeddable":true,"href":"https:\/\/nownow.gallery\/de\/wp-json\/wp\/v2\/product_cat?post=9951"},{"taxonomy":"product_tag","embeddable":true,"href":"https:\/\/nownow.gallery\/de\/wp-json\/wp\/v2\/product_tag?post=9951"}],"curies":[{"name":"wp","href":"https:\/\/api.w.org\/{rel}","templated":true}]}}