{"id":9790,"date":"2023-12-22T12:05:11","date_gmt":"2023-12-22T11:05:11","guid":{"rendered":"https:\/\/nownow.gallery\/shop\/unkategorisiert\/pop\/"},"modified":"2025-04-10T10:48:30","modified_gmt":"2025-04-10T08:48:30","slug":"spontanes-shooting","status":"publish","type":"product","link":"https:\/\/nownow.gallery\/de\/shop\/traume\/pop\/","title":{"rendered":"POP"},"content":{"rendered":"<p>Ich wurde f\u00fcr dieses Motiv vom britischen Modefotografen Tom Johnson inspiriert. Seine Fotografie ist knackig und warm. Wie er mag ich die Verspieltheit und Nat\u00fcrlichkeit von Bewegungen und starken Kontrasten. Jazmyn habe ich f\u00fcr das <em>Teeth Magazine<\/em> einfach auf einem Gehweg zwischen ein paar B\u00e4umen fotografiert.<\/p>\n","protected":false},"excerpt":{"rendered":"<p>Ich wurde f\u00fcr dieses Motiv vom britischen Modefotografen Tom Johnson inspiriert. Seine Fotografie ist knackig und warm. Wie er mag ich die Verspieltheit und Nat\u00fcrlichkeit von Bewegungen und starken Kontrasten. Jazmyn habe ich f\u00fcr das Teeth Magazine einfach auf einem Gehweg zwischen ein paar B\u00e4umen fotografiert.<\/p>\n","protected":false},"featured_media":9192,"comment_status":"closed","ping_status":"closed","template":"","meta":{"iawp_total_views":9},"product_brand":[],"product_cat":[460,468],"product_tag":[559,558,464,557],"class_list":{"0":"post-9790","1":"product","2":"type-product","3":"status-publish","4":"has-post-thumbnail","6":"product_cat-traume","7":"product_cat-freude","8":"product_tag-mode","9":"product_tag-seethrough-de","10":"product_tag-sommer","11":"product_tag-sonne","13":"first","14":"instock","15":"featured","16":"taxable","17":"shipping-taxable","18":"purchasable","19":"product-type-variable"},"supplier_id":null,"supplier_sku":"","barcode":null,"atum_controlled":true,"out_stock_date":null,"out_stock_threshold":null,"inheritable":true,"inbound_stock":null,"stock_on_hold":0,"sold_today":0,"sales_last_days":0,"reserved_stock":null,"customer_returns":null,"warehouse_damage":null,"lost_in_post":null,"other_logs":null,"out_stock_days":0,"lost_sales":0,"has_location":false,"update_date":"2025-05-13T13:01:35","atum_locations":[],"atum_stock_status":"instock","restock_status":false,"low_stock_amount":"","sales_update_date":"2024-11-21T00:01:56","calc_backorders":null,"_links":{"self":[{"href":"https:\/\/nownow.gallery\/de\/wp-json\/wp\/v2\/product\/9790","targetHints":{"allow":["GET"]}}],"collection":[{"href":"https:\/\/nownow.gallery\/de\/wp-json\/wp\/v2\/product"}],"about":[{"href":"https:\/\/nownow.gallery\/de\/wp-json\/wp\/v2\/types\/product"}],"replies":[{"embeddable":true,"href":"https:\/\/nownow.gallery\/de\/wp-json\/wp\/v2\/comments?post=9790"}],"wp:featuredmedia":[{"embeddable":true,"href":"https:\/\/nownow.gallery\/de\/wp-json\/wp\/v2\/media\/9192"}],"wp:attachment":[{"href":"https:\/\/nownow.gallery\/de\/wp-json\/wp\/v2\/media?parent=9790"}],"wp:term":[{"taxonomy":"product_brand","embeddable":true,"href":"https:\/\/nownow.gallery\/de\/wp-json\/wp\/v2\/product_brand?post=9790"},{"taxonomy":"product_cat","embeddable":true,"href":"https:\/\/nownow.gallery\/de\/wp-json\/wp\/v2\/product_cat?post=9790"},{"taxonomy":"product_tag","embeddable":true,"href":"https:\/\/nownow.gallery\/de\/wp-json\/wp\/v2\/product_tag?post=9790"}],"curies":[{"name":"wp","href":"https:\/\/api.w.org\/{rel}","templated":true}]}}