{"id":9777,"date":"2023-12-22T12:00:42","date_gmt":"2023-12-22T11:00:42","guid":{"rendered":"https:\/\/nownow.gallery\/shop\/unkategorisiert\/asahi-dake\/"},"modified":"2025-04-10T10:52:38","modified_gmt":"2025-04-10T08:52:38","slug":"ein-schwarm-von-kraehen","status":"publish","type":"product","link":"https:\/\/nownow.gallery\/de\/shop\/stadt\/asahi-dake\/","title":{"rendered":"Asahi Dake"},"content":{"rendered":"<h3>Unter einem Schwarm von Kr\u00e4hen<\/h3>\n<p>Nach einer sch\u00f6nen Wanderung auf den Vulkan Asahi Dake auf Hokkaid\u014d mit einem fantastischen Sonnenuntergang haben wir uns in den hei\u00dfen Quellen (Onsen) entspannt. Kurz nachdem wir sie verlassen hatten und auf dem Weg zum Abendessen waren, h\u00f6rten wir in der Ferne immer lauter werdendes Vogelgeschrei. Innerhalb weniger Minuten flogen Tausende von Kr\u00e4hen \u00fcber uns hinweg. Pl\u00f6tzlich war es wieder ruhig, denn die Kr\u00e4hen sa\u00dfen auf den Stromleitungen, H\u00e4usern und Laternen. Als ich meinen Kamerablitz ausl\u00f6ste, flogen sie mit einem Ruck auf und hinterlie\u00dfen einen Schiss auf meiner Schulter.<\/p>\n","protected":false},"excerpt":{"rendered":"<p>2019, Animal(istic), City, Asahi Dake, Fernweh, Himmel, Japan, V\u00f6gel, Vulkan, Tobias Volkmann<\/p>\n","protected":false},"featured_media":9198,"comment_status":"closed","ping_status":"closed","template":"","meta":{"iawp_total_views":9},"product_brand":[],"product_cat":[551,497],"product_tag":[508,542,555,554,556],"class_list":{"0":"post-9777","1":"product","2":"type-product","3":"status-publish","4":"has-post-thumbnail","6":"product_cat-tieristisch","7":"product_cat-stadt","8":"product_tag-fernweh","9":"product_tag-himmel","10":"product_tag-japan-de","11":"product_tag-vogel-de","12":"product_tag-vulkan","14":"first","15":"instock","16":"taxable","17":"shipping-taxable","18":"purchasable","19":"product-type-variable"},"supplier_id":null,"supplier_sku":"","barcode":null,"atum_controlled":true,"out_stock_date":null,"out_stock_threshold":null,"inheritable":true,"inbound_stock":null,"stock_on_hold":0,"sold_today":0,"sales_last_days":0,"reserved_stock":null,"customer_returns":null,"warehouse_damage":null,"lost_in_post":null,"other_logs":null,"out_stock_days":0,"lost_sales":0,"has_location":false,"update_date":"2025-05-13T13:01:52","atum_locations":[],"atum_stock_status":"instock","restock_status":false,"low_stock_amount":"","sales_update_date":"2024-11-21T00:01:48","calc_backorders":null,"_links":{"self":[{"href":"https:\/\/nownow.gallery\/de\/wp-json\/wp\/v2\/product\/9777","targetHints":{"allow":["GET"]}}],"collection":[{"href":"https:\/\/nownow.gallery\/de\/wp-json\/wp\/v2\/product"}],"about":[{"href":"https:\/\/nownow.gallery\/de\/wp-json\/wp\/v2\/types\/product"}],"replies":[{"embeddable":true,"href":"https:\/\/nownow.gallery\/de\/wp-json\/wp\/v2\/comments?post=9777"}],"wp:featuredmedia":[{"embeddable":true,"href":"https:\/\/nownow.gallery\/de\/wp-json\/wp\/v2\/media\/9198"}],"wp:attachment":[{"href":"https:\/\/nownow.gallery\/de\/wp-json\/wp\/v2\/media?parent=9777"}],"wp:term":[{"taxonomy":"product_brand","embeddable":true,"href":"https:\/\/nownow.gallery\/de\/wp-json\/wp\/v2\/product_brand?post=9777"},{"taxonomy":"product_cat","embeddable":true,"href":"https:\/\/nownow.gallery\/de\/wp-json\/wp\/v2\/product_cat?post=9777"},{"taxonomy":"product_tag","embeddable":true,"href":"https:\/\/nownow.gallery\/de\/wp-json\/wp\/v2\/product_tag?post=9777"}],"curies":[{"name":"wp","href":"https:\/\/api.w.org\/{rel}","templated":true}]}}