{"id":9738,"date":"2023-12-22T11:51:04","date_gmt":"2023-12-22T10:51:04","guid":{"rendered":"https:\/\/nownow.gallery\/shop\/unkategorisiert\/vorhersage-unmoeglich\/"},"modified":"2025-04-11T10:07:50","modified_gmt":"2025-04-11T08:07:50","slug":"pontadipico","status":"publish","type":"product","link":"https:\/\/nownow.gallery\/de\/shop\/traume\/vorhersage-unmoeglich\/","title":{"rendered":"Forecast Impossible"},"content":{"rendered":"<h3>Turbulenzen am Ponta di Pico<\/h3>\n<p>W\u00e4hrend des Aufstiegs zum Ponta di Pico drehte ich mich um und machte dieses Foto. Der inaktive Vulkan ist mit 2351 Metern der h\u00f6chste Berg Portugals und liegt auf der Azoreninsel Pico. Wir mussten uns anmelden, um auf den Gipfel zu gelangen. Die Beh\u00f6rden lassen nur eine bestimmte Anzahl von Personen rauf, und jeder muss einen GPS-Tracker tragen. Aus Sicherheitsgr\u00fcnden. Denn das Wetter kann sich auf den Azoren unglaublich schnell \u00e4ndern und pl\u00f6tzlich steht man nach Sonnenschein im dichten Nebel und verl\u00e4uft sich. Wir haben auch einen Wetterumschwung erlebt. Die Sonne schien noch, als ich das Foto machte, aber die Wolken, die man hier sehen kann, k\u00fcndigten bereits den Regen an. Kurze Zeit sp\u00e4ter frischte der Wind auf, und wenige Augenblicke sp\u00e4ter wurden wir nass.<\/p>\n","protected":false},"excerpt":{"rendered":"<p>2021, Dreams, Sea Life, Party Time, Forecast Impossible, Azoren, Fernweh, Himmel, Insel, Sommer, Wolken, Shin Miura<\/p>\n","protected":false},"featured_media":9170,"comment_status":"closed","ping_status":"closed","template":"","meta":{"iawp_total_views":10},"product_brand":[],"product_cat":[460,548,474],"product_tag":[549,508,542,540,464,547],"class_list":{"0":"post-9738","1":"product","2":"type-product","3":"status-publish","4":"has-post-thumbnail","6":"product_cat-traume","7":"product_cat-meeresleben","8":"product_cat-fortgehen","9":"product_tag-azoren","10":"product_tag-fernweh","11":"product_tag-himmel","12":"product_tag-insel","13":"product_tag-sommer","14":"product_tag-wolken","16":"first","17":"instock","18":"featured","19":"taxable","20":"shipping-taxable","21":"purchasable","22":"product-type-variable"},"supplier_id":null,"supplier_sku":"","barcode":null,"atum_controlled":true,"out_stock_date":null,"out_stock_threshold":null,"inheritable":false,"inbound_stock":null,"stock_on_hold":0,"sold_today":0,"sales_last_days":0,"reserved_stock":null,"customer_returns":null,"warehouse_damage":null,"lost_in_post":null,"other_logs":null,"out_stock_days":0,"lost_sales":0,"has_location":null,"update_date":"2024-11-21T00:01:32","atum_locations":[],"atum_stock_status":"instock","restock_status":false,"low_stock_amount":"","sales_update_date":"2024-11-21T00:01:32","calc_backorders":null,"_links":{"self":[{"href":"https:\/\/nownow.gallery\/de\/wp-json\/wp\/v2\/product\/9738","targetHints":{"allow":["GET"]}}],"collection":[{"href":"https:\/\/nownow.gallery\/de\/wp-json\/wp\/v2\/product"}],"about":[{"href":"https:\/\/nownow.gallery\/de\/wp-json\/wp\/v2\/types\/product"}],"replies":[{"embeddable":true,"href":"https:\/\/nownow.gallery\/de\/wp-json\/wp\/v2\/comments?post=9738"}],"wp:featuredmedia":[{"embeddable":true,"href":"https:\/\/nownow.gallery\/de\/wp-json\/wp\/v2\/media\/9170"}],"wp:attachment":[{"href":"https:\/\/nownow.gallery\/de\/wp-json\/wp\/v2\/media?parent=9738"}],"wp:term":[{"taxonomy":"product_brand","embeddable":true,"href":"https:\/\/nownow.gallery\/de\/wp-json\/wp\/v2\/product_brand?post=9738"},{"taxonomy":"product_cat","embeddable":true,"href":"https:\/\/nownow.gallery\/de\/wp-json\/wp\/v2\/product_cat?post=9738"},{"taxonomy":"product_tag","embeddable":true,"href":"https:\/\/nownow.gallery\/de\/wp-json\/wp\/v2\/product_tag?post=9738"}],"curies":[{"name":"wp","href":"https:\/\/api.w.org\/{rel}","templated":true}]}}