{"id":9606,"date":"2023-12-22T10:57:51","date_gmt":"2023-12-22T09:57:51","guid":{"rendered":"https:\/\/nownow.gallery\/shop\/unkategorisiert\/la-corbiere\/"},"modified":"2025-04-11T14:41:24","modified_gmt":"2025-04-11T12:41:24","slug":"unterwasserstrasse","status":"publish","type":"product","link":"https:\/\/nownow.gallery\/de\/shop\/traume\/la-corbiere\/","title":{"rendered":"La Corbi\u00e8re"},"content":{"rendered":"<h3>Unterwasserstra\u00dfe<\/h3>\n<p>Der Leuchtturm von La Corbi\u00e8re liegt vor der Insel Jersey. Auf dem Bild erkennt man unter Wasser die Schemen der Stra\u00dfe, die zum Leuchtturm f\u00fchrt und nur bei Ebbe befahrbar ist.\u00a0Das Meer in der Region hat den zweitgr\u00f6\u00dften Tidenhub der Welt. Der Wasserstand variiert zwischen Ebbe und Flut um fast elf Meter.\u00a0Ich war zum Assistieren auf der Insel. Wir fotografierten Affen und Pfeilgiftfr\u00f6sche in einem Zoo. Ich wei\u00df nicht, warum wir daf\u00fcr ausgerechnet nach Jersey reisen mussten.\u00a0Aber wie so oft f\u00e4hrt man f\u00fcr einen Job an einen Ort, den man mit ziemlich grosser Sicherheit niemals sonst besucht h\u00e4tte.<\/p>\n","protected":false},"excerpt":{"rendered":"<p>Dreams, Party Time, La Corbi\u00e8re, Hochwasser, Insel, Jersey, Leuchtturm, Seaside, Stra\u00dfen, UK, Roderick Aichinger<\/p>\n","protected":false},"featured_media":8940,"comment_status":"closed","ping_status":"closed","template":"","meta":{"iawp_total_views":22},"product_brand":[],"product_cat":[460,474],"product_tag":[538,540,533,536,530,543,534],"class_list":{"0":"post-9606","1":"product","2":"type-product","3":"status-publish","4":"has-post-thumbnail","6":"product_cat-traume","7":"product_cat-fortgehen","8":"product_tag-hochwasser","9":"product_tag-insel","10":"product_tag-jersey-de","11":"product_tag-leuchtturm","12":"product_tag-seaside-de","13":"product_tag-strasen","14":"product_tag-uk-de","16":"first","17":"instock","18":"featured","19":"taxable","20":"shipping-taxable","21":"purchasable","22":"product-type-variable"},"supplier_id":null,"supplier_sku":"","barcode":null,"atum_controlled":true,"out_stock_date":null,"out_stock_threshold":null,"inheritable":true,"inbound_stock":null,"stock_on_hold":0,"sold_today":0,"sales_last_days":0,"reserved_stock":null,"customer_returns":null,"warehouse_damage":null,"lost_in_post":null,"other_logs":null,"out_stock_days":0,"lost_sales":0,"has_location":false,"update_date":"2025-02-03T08:10:44","atum_locations":[],"atum_stock_status":"instock","restock_status":false,"low_stock_amount":"","sales_update_date":"2024-11-20T00:01:26","calc_backorders":null,"_links":{"self":[{"href":"https:\/\/nownow.gallery\/de\/wp-json\/wp\/v2\/product\/9606","targetHints":{"allow":["GET"]}}],"collection":[{"href":"https:\/\/nownow.gallery\/de\/wp-json\/wp\/v2\/product"}],"about":[{"href":"https:\/\/nownow.gallery\/de\/wp-json\/wp\/v2\/types\/product"}],"replies":[{"embeddable":true,"href":"https:\/\/nownow.gallery\/de\/wp-json\/wp\/v2\/comments?post=9606"}],"wp:featuredmedia":[{"embeddable":true,"href":"https:\/\/nownow.gallery\/de\/wp-json\/wp\/v2\/media\/8940"}],"wp:attachment":[{"href":"https:\/\/nownow.gallery\/de\/wp-json\/wp\/v2\/media?parent=9606"}],"wp:term":[{"taxonomy":"product_brand","embeddable":true,"href":"https:\/\/nownow.gallery\/de\/wp-json\/wp\/v2\/product_brand?post=9606"},{"taxonomy":"product_cat","embeddable":true,"href":"https:\/\/nownow.gallery\/de\/wp-json\/wp\/v2\/product_cat?post=9606"},{"taxonomy":"product_tag","embeddable":true,"href":"https:\/\/nownow.gallery\/de\/wp-json\/wp\/v2\/product_tag?post=9606"}],"curies":[{"name":"wp","href":"https:\/\/api.w.org\/{rel}","templated":true}]}}