{"id":9599,"date":"2023-12-22T11:09:11","date_gmt":"2023-12-22T10:09:11","guid":{"rendered":"https:\/\/nownow.gallery\/shop\/unkategorisiert\/palast-der-republik\/"},"modified":"2025-04-11T10:34:26","modified_gmt":"2025-04-11T08:34:26","slug":"palast-der-republik","status":"publish","type":"product","link":"https:\/\/nownow.gallery\/de\/shop\/stadt\/palast-der-republik\/","title":{"rendered":"Palast der Republik"},"content":{"rendered":"<h3>Vergessener Palast<\/h3>\n<p>Dieses Bild habe ich im Winter 2006\/2007 aufgenommen. Da ich es analog im Gro\u00dfformat fotografiert habe, kann ich mich nicht mehr erinnern, wann genau. Ich hatte das Motiv schon am Vortag entdeckt, als ich dort vorbeiging, aber keine Ausr\u00fcstung dabei hatte. Als ich am n\u00e4chsten Tag die Kamera aufstellte, war das Wetter einfach perfekt. Der Himmel war grau, aber im Westen klarte es auf. Die untergehende Sonne beleuchtete die bereits bronze-goldfarbene Fassade. Der Palast der Republik stand in Flammen. Er wurde dann 2008 abgerissen, was ein gro\u00dfer Fehler war. Der Palast w\u00e4re ein hervorragender Ort gewesen, um sich mit der deutsch-deutschen Geschichte zu besch\u00e4ftigen. Stattdessen wurde ein Teil davon mit einem Bulldozer wegger\u00e4umt.<\/p>\n","protected":false},"excerpt":{"rendered":"<p>2006, City, Nostalgia, Palast der Republik, Architektur, Berlin, Leben in der Vergangenheit, Stadtbild, Roderick Aichinger<\/p>\n","protected":false},"featured_media":8936,"comment_status":"closed","ping_status":"closed","template":"","meta":{"iawp_total_views":221},"product_brand":[],"product_cat":[497,510],"product_tag":[476,527,528,509],"class_list":{"0":"post-9599","1":"product","2":"type-product","3":"status-publish","4":"has-post-thumbnail","6":"product_cat-stadt","7":"product_cat-nostalgie","8":"product_tag-architektur","9":"product_tag-berlin-de","10":"product_tag-leben-in-der-vergangenheit","11":"product_tag-stadtbild","13":"first","14":"instock","15":"featured","16":"taxable","17":"shipping-taxable","18":"purchasable","19":"product-type-variable"},"supplier_id":null,"supplier_sku":"","barcode":null,"atum_controlled":true,"out_stock_date":null,"out_stock_threshold":null,"inheritable":true,"inbound_stock":null,"stock_on_hold":0,"sold_today":0,"sales_last_days":1,"reserved_stock":null,"customer_returns":null,"warehouse_damage":null,"lost_in_post":null,"other_logs":null,"out_stock_days":0,"lost_sales":0,"has_location":false,"update_date":"2025-02-03T08:07:33","atum_locations":[],"atum_stock_status":"instock","restock_status":false,"low_stock_amount":"","sales_update_date":"2024-11-20T00:01:33","calc_backorders":null,"_links":{"self":[{"href":"https:\/\/nownow.gallery\/de\/wp-json\/wp\/v2\/product\/9599","targetHints":{"allow":["GET"]}}],"collection":[{"href":"https:\/\/nownow.gallery\/de\/wp-json\/wp\/v2\/product"}],"about":[{"href":"https:\/\/nownow.gallery\/de\/wp-json\/wp\/v2\/types\/product"}],"replies":[{"embeddable":true,"href":"https:\/\/nownow.gallery\/de\/wp-json\/wp\/v2\/comments?post=9599"}],"wp:featuredmedia":[{"embeddable":true,"href":"https:\/\/nownow.gallery\/de\/wp-json\/wp\/v2\/media\/8936"}],"wp:attachment":[{"href":"https:\/\/nownow.gallery\/de\/wp-json\/wp\/v2\/media?parent=9599"}],"wp:term":[{"taxonomy":"product_brand","embeddable":true,"href":"https:\/\/nownow.gallery\/de\/wp-json\/wp\/v2\/product_brand?post=9599"},{"taxonomy":"product_cat","embeddable":true,"href":"https:\/\/nownow.gallery\/de\/wp-json\/wp\/v2\/product_cat?post=9599"},{"taxonomy":"product_tag","embeddable":true,"href":"https:\/\/nownow.gallery\/de\/wp-json\/wp\/v2\/product_tag?post=9599"}],"curies":[{"name":"wp","href":"https:\/\/api.w.org\/{rel}","templated":true}]}}