{"id":9592,"date":"2023-12-19T17:29:36","date_gmt":"2023-12-19T16:29:36","guid":{"rendered":"https:\/\/nownow.gallery\/shop\/unkategorisiert\/vino-in-como\/"},"modified":"2024-05-13T10:40:20","modified_gmt":"2024-05-13T08:40:20","slug":"vino-in-como","status":"publish","type":"product","link":"https:\/\/nownow.gallery\/de\/shop\/essen-liebe\/vino-in-como\/","title":{"rendered":"Vino in Como"},"content":{"rendered":"<p>Nach dem Abschluss eines sehr hektischen Fotoshootings fand ich mich mit der Crew in einem kleinen italienischen Restaurant wieder. Wir bestellten Meeresfr\u00fcchte, Pasta und Wein und lie\u00dfen die Atmosph\u00e4re auf uns wirken. Ich hatte noch ein paar Aufnahmen auf meiner Rolle \u00fcbrig und fing an, mit dem Blitz zu fotografieren, um ein paar private Erinnerungen festzuhalten. Letztlich entstand neben ein paar anderen diese Aufnahme. Ich mag sie, weil sie unsere Stimmung perfekt einf\u00e4ngt. Die Unbeschwertheit unserer Gespr\u00e4che an diesem Abend, die Jokes und die Intimit\u00e4t des Kennenlernens, w\u00e4hrend der Wein zu flie\u00dfen beginnt; das Chaos eines italienischen Drei-G\u00e4nge-Men\u00fcs: all das ist in diesem Moment unter neuen Freunden enthalten.<\/p>\n","protected":false},"excerpt":{"rendered":"<p>Food Love, Joy, True Romance, Vino in Como, Abendessen, Italien, Spa\u00df, Trinken, David Barnwell<\/p>\n","protected":false},"featured_media":9052,"comment_status":"closed","ping_status":"closed","template":"","meta":{"iawp_total_views":11},"product_brand":[],"product_cat":[467,468,472],"product_tag":[525,465,524,526],"class_list":{"0":"post-9592","1":"product","2":"type-product","3":"status-publish","4":"has-post-thumbnail","6":"product_cat-essen-liebe","7":"product_cat-freude","8":"product_cat-wahre-romantik","9":"product_tag-abendessen","10":"product_tag-italien","11":"product_tag-spas","12":"product_tag-trinken","14":"first","15":"instock","16":"taxable","17":"shipping-taxable","18":"purchasable","19":"product-type-variable"},"supplier_id":null,"supplier_sku":"","barcode":null,"atum_controlled":true,"out_stock_date":null,"out_stock_threshold":null,"inheritable":false,"inbound_stock":null,"stock_on_hold":0,"sold_today":0,"sales_last_days":0,"reserved_stock":null,"customer_returns":null,"warehouse_damage":null,"lost_in_post":null,"other_logs":null,"out_stock_days":0,"lost_sales":0,"has_location":null,"update_date":"2024-11-29T00:11:34","atum_locations":[],"atum_stock_status":"instock","restock_status":false,"low_stock_amount":"","sales_update_date":"2024-11-29T00:11:34","calc_backorders":null,"_links":{"self":[{"href":"https:\/\/nownow.gallery\/de\/wp-json\/wp\/v2\/product\/9592","targetHints":{"allow":["GET"]}}],"collection":[{"href":"https:\/\/nownow.gallery\/de\/wp-json\/wp\/v2\/product"}],"about":[{"href":"https:\/\/nownow.gallery\/de\/wp-json\/wp\/v2\/types\/product"}],"replies":[{"embeddable":true,"href":"https:\/\/nownow.gallery\/de\/wp-json\/wp\/v2\/comments?post=9592"}],"wp:featuredmedia":[{"embeddable":true,"href":"https:\/\/nownow.gallery\/de\/wp-json\/wp\/v2\/media\/9052"}],"wp:attachment":[{"href":"https:\/\/nownow.gallery\/de\/wp-json\/wp\/v2\/media?parent=9592"}],"wp:term":[{"taxonomy":"product_brand","embeddable":true,"href":"https:\/\/nownow.gallery\/de\/wp-json\/wp\/v2\/product_brand?post=9592"},{"taxonomy":"product_cat","embeddable":true,"href":"https:\/\/nownow.gallery\/de\/wp-json\/wp\/v2\/product_cat?post=9592"},{"taxonomy":"product_tag","embeddable":true,"href":"https:\/\/nownow.gallery\/de\/wp-json\/wp\/v2\/product_tag?post=9592"}],"curies":[{"name":"wp","href":"https:\/\/api.w.org\/{rel}","templated":true}]}}