{"id":9552,"date":"2023-12-19T17:22:38","date_gmt":"2023-12-19T16:22:38","guid":{"rendered":"https:\/\/nownow.gallery\/shop\/unkategorisiert\/gold-bleiben\/"},"modified":"2024-05-13T10:44:55","modified_gmt":"2024-05-13T08:44:55","slug":"gold-bleiben","status":"publish","type":"product","link":"https:\/\/nownow.gallery\/de\/shop\/freude\/gold-bleiben\/","title":{"rendered":"Stay Gold"},"content":{"rendered":"<p>Diese Aufnahme habe ich ganz zuf\u00e4llig auf meinem morgendlichen Weg ins B\u00fcro in M\u00fcnchen gemacht. Es war ein nasser und grauer Tag, so dass ich nicht wirklich darauf vorbereitet war, etwas zu fotografieren. Dann, wie aus dem Nichts, hielt dieser riesige Lastwagen direkt vor mir, und ganz langsam \u00f6ffnete sich die Schiebet\u00fcr. Ich sah die goldene Lackierung des Mercedes-Oldtimers herausschauen und holte gerade noch rechtzeitig meine Kamera aus dem Rucksack. Ich mag diese Aufnahme sehr, weil sie so unerwartet war, ein kleiner Goldschimmer an einem regnerischen Morgen, eine angenehme \u00dcberraschung, die meine sonst sehr langweilige Morgenroutine auflockerte. (Es sei erw\u00e4hnt, dass das Motiv auch auf Kodak Gold aufgenommen wurde).<\/p>\n","protected":false},"excerpt":{"rendered":"<p>Joy, Party Time, True Romance, Stay Gold, Autos, Luxus, Otto-Normalverbraucher, David Barnwell<\/p>\n","protected":false},"featured_media":9042,"comment_status":"closed","ping_status":"closed","template":"","meta":{"iawp_total_views":9},"product_brand":[],"product_cat":[468,474,472],"product_tag":[522,520,521],"class_list":{"0":"post-9552","1":"product","2":"type-product","3":"status-publish","4":"has-post-thumbnail","6":"product_cat-freude","7":"product_cat-fortgehen","8":"product_cat-wahre-romantik","9":"product_tag-autos","10":"product_tag-luxus","11":"product_tag-otto-normalverbraucher","13":"first","14":"instock","15":"taxable","16":"shipping-taxable","17":"purchasable","18":"product-type-variable"},"supplier_id":null,"supplier_sku":"","barcode":null,"atum_controlled":true,"out_stock_date":null,"out_stock_threshold":null,"inheritable":true,"inbound_stock":null,"stock_on_hold":0,"sold_today":0,"sales_last_days":0,"reserved_stock":null,"customer_returns":null,"warehouse_damage":null,"lost_in_post":null,"other_logs":null,"out_stock_days":0,"lost_sales":0,"has_location":false,"update_date":"2025-02-03T08:20:07","atum_locations":[],"atum_stock_status":"instock","restock_status":false,"low_stock_amount":"","sales_update_date":"2024-11-20T00:01:11","calc_backorders":null,"_links":{"self":[{"href":"https:\/\/nownow.gallery\/de\/wp-json\/wp\/v2\/product\/9552","targetHints":{"allow":["GET"]}}],"collection":[{"href":"https:\/\/nownow.gallery\/de\/wp-json\/wp\/v2\/product"}],"about":[{"href":"https:\/\/nownow.gallery\/de\/wp-json\/wp\/v2\/types\/product"}],"replies":[{"embeddable":true,"href":"https:\/\/nownow.gallery\/de\/wp-json\/wp\/v2\/comments?post=9552"}],"wp:featuredmedia":[{"embeddable":true,"href":"https:\/\/nownow.gallery\/de\/wp-json\/wp\/v2\/media\/9042"}],"wp:attachment":[{"href":"https:\/\/nownow.gallery\/de\/wp-json\/wp\/v2\/media?parent=9552"}],"wp:term":[{"taxonomy":"product_brand","embeddable":true,"href":"https:\/\/nownow.gallery\/de\/wp-json\/wp\/v2\/product_brand?post=9552"},{"taxonomy":"product_cat","embeddable":true,"href":"https:\/\/nownow.gallery\/de\/wp-json\/wp\/v2\/product_cat?post=9552"},{"taxonomy":"product_tag","embeddable":true,"href":"https:\/\/nownow.gallery\/de\/wp-json\/wp\/v2\/product_tag?post=9552"}],"curies":[{"name":"wp","href":"https:\/\/api.w.org\/{rel}","templated":true}]}}