{"id":24465,"date":"2026-02-16T14:38:15","date_gmt":"2026-02-16T13:38:15","guid":{"rendered":"https:\/\/nownow.gallery\/?post_type=product&#038;p=24465"},"modified":"2026-02-16T14:41:50","modified_gmt":"2026-02-16T13:41:50","slug":"gemuese-stilleben","status":"publish","type":"product","link":"https:\/\/nownow.gallery\/de\/shop\/essen-liebe\/gemuese-stilleben\/","title":{"rendered":"Tourrettes-sur-Loup"},"content":{"rendered":"<h3>Stillleben aus Gem\u00fcse<\/h3>\n<div class=\"main-content svelte-mhuesr\">\n<div class=\"translator-container svelte-bad754\" data-testid=\"side-panel-translator\">\n<div class=\"output-area svelte-10aez33\" dir=\"ltr\" data-testid=\"side-panel-output\">\n<p>Auf Reisen gehe ich gerne in Superm\u00e4rkte, um heimisches Essen zu probieren. Besonders freue ich mich in Frankreich und Italien auf den Lebensmitteleinkauf: frisches Gem\u00fcse und Obst, k\u00f6stlichen K\u00e4se, handgemachte Pasta. Einige Zutaten sind vor dem Kochen noch vor meiner Kamera gelandet. Die Tomaten und Paprika sahen aus wie kleine Skulpturen, zu sch\u00f6n, um sie direkt zu essen.<\/p>\n<p>&nbsp;<\/p>\n<footer class=\"footer svelte-29epsp\">\n<div>\n<div><\/div>\n<\/div>\n<\/footer>\n<\/div>\n<\/div>\n<\/div>\n<p>&nbsp;<\/p>\n<footer class=\"footer svelte-29epsp\">\n<div>\n<div><\/div>\n<\/div>\n<\/footer>\n","protected":false},"excerpt":{"rendered":"<p>2025, Food Love, The Human Experience, Travel, Tourrettes-sur-Loup , Amelie Niederbuchner, Amelie Niederbuchner<\/p>\n","protected":false},"featured_media":24343,"comment_status":"closed","ping_status":"closed","template":"","meta":{"iawp_total_views":2},"product_brand":[],"product_cat":[],"product_tag":[],"class_list":{"0":"post-24465","1":"product","2":"type-product","3":"status-publish","4":"has-post-thumbnail","7":"first","8":"instock","9":"featured","10":"taxable","11":"shipping-taxable","12":"purchasable","13":"product-type-variable"},"supplier_id":null,"supplier_sku":"","barcode":null,"atum_controlled":true,"out_stock_date":null,"out_stock_threshold":null,"inheritable":true,"inbound_stock":null,"stock_on_hold":null,"sold_today":null,"sales_last_days":null,"reserved_stock":null,"customer_returns":null,"warehouse_damage":null,"lost_in_post":null,"other_logs":null,"out_stock_days":null,"lost_sales":null,"has_location":false,"update_date":"2026-02-16T13:41:51","atum_locations":[],"atum_stock_status":"instock","restock_status":false,"low_stock_amount":10,"sales_update_date":null,"calc_backorders":null,"_links":{"self":[{"href":"https:\/\/nownow.gallery\/de\/wp-json\/wp\/v2\/product\/24465","targetHints":{"allow":["GET"]}}],"collection":[{"href":"https:\/\/nownow.gallery\/de\/wp-json\/wp\/v2\/product"}],"about":[{"href":"https:\/\/nownow.gallery\/de\/wp-json\/wp\/v2\/types\/product"}],"replies":[{"embeddable":true,"href":"https:\/\/nownow.gallery\/de\/wp-json\/wp\/v2\/comments?post=24465"}],"wp:featuredmedia":[{"embeddable":true,"href":"https:\/\/nownow.gallery\/de\/wp-json\/wp\/v2\/media\/24343"}],"wp:attachment":[{"href":"https:\/\/nownow.gallery\/de\/wp-json\/wp\/v2\/media?parent=24465"}],"wp:term":[{"taxonomy":"product_brand","embeddable":true,"href":"https:\/\/nownow.gallery\/de\/wp-json\/wp\/v2\/product_brand?post=24465"},{"taxonomy":"product_cat","embeddable":true,"href":"https:\/\/nownow.gallery\/de\/wp-json\/wp\/v2\/product_cat?post=24465"},{"taxonomy":"product_tag","embeddable":true,"href":"https:\/\/nownow.gallery\/de\/wp-json\/wp\/v2\/product_tag?post=24465"}],"curies":[{"name":"wp","href":"https:\/\/api.w.org\/{rel}","templated":true}]}}