{"id":24346,"date":"2026-02-16T13:59:32","date_gmt":"2026-02-16T12:59:32","guid":{"rendered":"https:\/\/nownow.gallery\/?post_type=product&#038;p=24346"},"modified":"2026-02-16T14:05:18","modified_gmt":"2026-02-16T13:05:18","slug":"trachtenumzug","status":"publish","type":"product","link":"https:\/\/nownow.gallery\/de\/shop\/stadt\/trachtenumzug\/","title":{"rendered":"Ebs"},"content":{"rendered":"<h3>Trachtenumzug<\/h3>\n<div class=\"main-content svelte-mhuesr\">\n<div class=\"translator-container svelte-bad754\" data-testid=\"side-panel-translator\">\n<div class=\"output-area svelte-10aez33\" dir=\"ltr\" data-testid=\"side-panel-output\">Parallel zur Wiesn findet in M\u00fcnchen jedes Jahr am ersten Sonntag des Oktoberfests der Trachtenumzug statt. Den Umzug gibt es seit 1835; rund 9.000 Teilnehmer*innen aus Trachtenvereinen aus Bayern und ganz Deutschland ziehen von der Maximilianstra\u00dfe durch die M\u00fcnchner Innenstadt zum Oktoberfestplatz.<br \/>\nAm Morgen des Umzugs versammeln sich alle Trachtenvereine an der Isar und warten, dass es losgeht. Wer fr\u00fch aufsteht, kann hier durchs Gewusel von Musikkapellen, Brauereigespannen und Fahnentr\u00e4gern spazieren. Der Verein auf dem Foto, mit den wei\u00dfen Federn auf ihren H\u00fcten, die im Gegenlicht leuchten, ist mir direkt ins Auge gesprungen.<\/div>\n<\/div>\n<\/div>\n<p>&nbsp;<\/p>\n<footer class=\"footer svelte-29epsp\">\n<div>\n<div><\/div>\n<\/div>\n<\/footer>\n","protected":false},"excerpt":{"rendered":"<p>2025, City, Nostalgia, Party Zeit, Ebs <\/p>\n","protected":false},"featured_media":24337,"comment_status":"closed","ping_status":"closed","template":"","meta":{"iawp_total_views":1},"product_brand":[],"product_cat":[497,510,828],"product_tag":[],"class_list":{"0":"post-24346","1":"product","2":"type-product","3":"status-publish","4":"has-post-thumbnail","6":"product_cat-stadt","7":"product_cat-nostalgie","8":"product_cat-party-zeit","10":"first","11":"instock","12":"taxable","13":"shipping-taxable","14":"purchasable","15":"product-type-variable"},"supplier_id":null,"supplier_sku":"","barcode":null,"atum_controlled":true,"out_stock_date":null,"out_stock_threshold":null,"inheritable":true,"inbound_stock":null,"stock_on_hold":null,"sold_today":null,"sales_last_days":null,"reserved_stock":null,"customer_returns":null,"warehouse_damage":null,"lost_in_post":null,"other_logs":null,"out_stock_days":null,"lost_sales":null,"has_location":false,"update_date":"2026-02-16T13:05:20","atum_locations":[],"atum_stock_status":"instock","restock_status":false,"low_stock_amount":10,"sales_update_date":null,"calc_backorders":null,"_links":{"self":[{"href":"https:\/\/nownow.gallery\/de\/wp-json\/wp\/v2\/product\/24346","targetHints":{"allow":["GET"]}}],"collection":[{"href":"https:\/\/nownow.gallery\/de\/wp-json\/wp\/v2\/product"}],"about":[{"href":"https:\/\/nownow.gallery\/de\/wp-json\/wp\/v2\/types\/product"}],"replies":[{"embeddable":true,"href":"https:\/\/nownow.gallery\/de\/wp-json\/wp\/v2\/comments?post=24346"}],"wp:featuredmedia":[{"embeddable":true,"href":"https:\/\/nownow.gallery\/de\/wp-json\/wp\/v2\/media\/24337"}],"wp:attachment":[{"href":"https:\/\/nownow.gallery\/de\/wp-json\/wp\/v2\/media?parent=24346"}],"wp:term":[{"taxonomy":"product_brand","embeddable":true,"href":"https:\/\/nownow.gallery\/de\/wp-json\/wp\/v2\/product_brand?post=24346"},{"taxonomy":"product_cat","embeddable":true,"href":"https:\/\/nownow.gallery\/de\/wp-json\/wp\/v2\/product_cat?post=24346"},{"taxonomy":"product_tag","embeddable":true,"href":"https:\/\/nownow.gallery\/de\/wp-json\/wp\/v2\/product_tag?post=24346"}],"curies":[{"name":"wp","href":"https:\/\/api.w.org\/{rel}","templated":true}]}}