{"id":24185,"date":"2026-02-16T11:26:28","date_gmt":"2026-02-16T10:26:28","guid":{"rendered":"https:\/\/nownow.gallery\/?post_type=product&#038;p=24185"},"modified":"2026-02-16T11:34:51","modified_gmt":"2026-02-16T10:34:51","slug":"insekt","status":"publish","type":"product","link":"https:\/\/nownow.gallery\/de\/shop\/natur-liebe\/insekt\/","title":{"rendered":"Insekt"},"content":{"rendered":"<h3>\u00dcber Wasser gehen<\/h3>\n<p>Sommerurlaub auf Sardinien: Das hellblaue Chlorwasser im Pool unserer Unterkunft glitzerte so hell, dass ich nicht aufh\u00f6ren konnte, Fotos zu machen: Von meinem Partner, unseren Gliedma\u00dfen unter Wasser, vom Tauchen, und dann tauchte pl\u00f6tzlich dieses kraftvolle Wesen auf. Nat\u00fcrlich haben wir anschlie\u00dfend versucht, es zu retten.<\/p>\n","protected":false},"excerpt":{"rendered":"<p>2023, Dreams, Nature Love, Insekt, Gina Bolle<\/p>\n","protected":false},"featured_media":23994,"comment_status":"closed","ping_status":"closed","template":"","meta":{"iawp_total_views":2},"product_brand":[],"product_cat":[461,460],"product_tag":[],"class_list":{"0":"post-24185","1":"product","2":"type-product","3":"status-publish","4":"has-post-thumbnail","6":"product_cat-natur-liebe","7":"product_cat-traume","9":"first","10":"instock","11":"taxable","12":"shipping-taxable","13":"purchasable","14":"product-type-variable"},"supplier_id":null,"supplier_sku":"","barcode":null,"atum_controlled":true,"out_stock_date":null,"out_stock_threshold":null,"inheritable":true,"inbound_stock":null,"stock_on_hold":null,"sold_today":null,"sales_last_days":null,"reserved_stock":null,"customer_returns":null,"warehouse_damage":null,"lost_in_post":null,"other_logs":null,"out_stock_days":null,"lost_sales":null,"has_location":false,"update_date":"2026-02-16T10:34:52","atum_locations":[],"atum_stock_status":"instock","restock_status":false,"low_stock_amount":10,"sales_update_date":null,"calc_backorders":null,"_links":{"self":[{"href":"https:\/\/nownow.gallery\/de\/wp-json\/wp\/v2\/product\/24185","targetHints":{"allow":["GET"]}}],"collection":[{"href":"https:\/\/nownow.gallery\/de\/wp-json\/wp\/v2\/product"}],"about":[{"href":"https:\/\/nownow.gallery\/de\/wp-json\/wp\/v2\/types\/product"}],"replies":[{"embeddable":true,"href":"https:\/\/nownow.gallery\/de\/wp-json\/wp\/v2\/comments?post=24185"}],"wp:featuredmedia":[{"embeddable":true,"href":"https:\/\/nownow.gallery\/de\/wp-json\/wp\/v2\/media\/23994"}],"wp:attachment":[{"href":"https:\/\/nownow.gallery\/de\/wp-json\/wp\/v2\/media?parent=24185"}],"wp:term":[{"taxonomy":"product_brand","embeddable":true,"href":"https:\/\/nownow.gallery\/de\/wp-json\/wp\/v2\/product_brand?post=24185"},{"taxonomy":"product_cat","embeddable":true,"href":"https:\/\/nownow.gallery\/de\/wp-json\/wp\/v2\/product_cat?post=24185"},{"taxonomy":"product_tag","embeddable":true,"href":"https:\/\/nownow.gallery\/de\/wp-json\/wp\/v2\/product_tag?post=24185"}],"curies":[{"name":"wp","href":"https:\/\/api.w.org\/{rel}","templated":true}]}}