{"id":22061,"date":"2025-03-04T11:20:40","date_gmt":"2025-03-04T10:20:40","guid":{"rendered":"https:\/\/nownow.gallery\/?post_type=product&#038;p=22061"},"modified":"2025-03-20T09:00:02","modified_gmt":"2025-03-20T08:00:02","slug":"tarragonian-networks","status":"publish","type":"product","link":"https:\/\/nownow.gallery\/de\/shop\/serie\/tarragonian-networks\/","title":{"rendered":"Castells (Serie)"},"content":{"rendered":"<p><strong>Tarragonian Networks<\/strong><\/p>\n<p>Ich war f\u00fcr das Magazin <em>Monocle<\/em> in katalonischen Tarragona, um den Wettbewerb Concours de Castells zu fotografieren. In einer alten Stierkampfarena treffen sich dort verschiedene Teams, um sich im Bau von Menscht\u00fcrmen, Castells genannt, zu messen. In Katalonien hat das eine \u00fcber 200-j\u00e4hrige Tradition. Heute stapeln manche Gruppen bis zu zehn Stockwerke aus Menschen \u00fcbereinander und k\u00f6nnen so eine H\u00f6he von zw\u00f6lf Metern erreichen. Dieses Bild habe ich von der Trib\u00fcne der Arena aufgenommen. Es zeigt ein Castell, das sich gerade im Aufbau befindet. Zuerst wird die Basis, die Pinya, gebildet, sie besteht aus bis zu hundert Menschen. Aus ihr entspringt dann der Stamm, der tronc, hier bilden f\u00fcnf Menschen ein Stockwerk. Und ganz oben endet der Turm dann mit der Kuppel, der Pom de Dalt. Meistens ist da sehr leichtes Kind im Grundschulalter. Die Basis steht nach etwa f\u00fcnf Minuten und der Aufbau des Turms geht dann sehr schnell, innerhalb von ein bis zwei Minuten. Mich hat total fasziniert, wie harmonisch und effizient diese vielen Menschen zusammengearbeitet haben, um aus ihren K\u00f6rper etwas Wundersch\u00f6nes zu entwickeln. Der Abbau des Turmes ist dann \u00fcbrigens genauso wichtig wie der Aufbau, denn auch er geht in die Wertung ein. Er erfordert besondere Konzentration, denn die Kr\u00e4fte schwinden und alles sind innerlich schon am Feiern, weil sie den Aufbau geschafft haben. Doch es ist noch nicht vorbei.<\/p>\n","protected":false},"excerpt":{"rendered":"<p>2024, Series, Castells (Serie), Julia Sellmann<\/p>\n","protected":false},"featured_media":21766,"comment_status":"closed","ping_status":"closed","template":"","meta":{"iawp_total_views":10},"product_brand":[],"product_cat":[668],"product_tag":[],"class_list":{"0":"post-22061","1":"product","2":"type-product","3":"status-publish","4":"has-post-thumbnail","6":"product_cat-serie","8":"first","9":"instock","10":"taxable","11":"shipping-taxable","12":"purchasable","13":"product-type-woosb"},"supplier_id":null,"supplier_sku":"","barcode":null,"atum_controlled":true,"out_stock_date":null,"out_stock_threshold":null,"inheritable":false,"inbound_stock":null,"stock_on_hold":null,"sold_today":null,"sales_last_days":null,"reserved_stock":null,"customer_returns":null,"warehouse_damage":null,"lost_in_post":null,"other_logs":null,"out_stock_days":null,"lost_sales":null,"has_location":false,"update_date":"2025-04-02T14:28:49","atum_locations":[],"atum_stock_status":"instock","restock_status":false,"low_stock_amount":10,"sales_update_date":null,"calc_backorders":null,"_links":{"self":[{"href":"https:\/\/nownow.gallery\/de\/wp-json\/wp\/v2\/product\/22061","targetHints":{"allow":["GET"]}}],"collection":[{"href":"https:\/\/nownow.gallery\/de\/wp-json\/wp\/v2\/product"}],"about":[{"href":"https:\/\/nownow.gallery\/de\/wp-json\/wp\/v2\/types\/product"}],"replies":[{"embeddable":true,"href":"https:\/\/nownow.gallery\/de\/wp-json\/wp\/v2\/comments?post=22061"}],"wp:featuredmedia":[{"embeddable":true,"href":"https:\/\/nownow.gallery\/de\/wp-json\/wp\/v2\/media\/21766"}],"wp:attachment":[{"href":"https:\/\/nownow.gallery\/de\/wp-json\/wp\/v2\/media?parent=22061"}],"wp:term":[{"taxonomy":"product_brand","embeddable":true,"href":"https:\/\/nownow.gallery\/de\/wp-json\/wp\/v2\/product_brand?post=22061"},{"taxonomy":"product_cat","embeddable":true,"href":"https:\/\/nownow.gallery\/de\/wp-json\/wp\/v2\/product_cat?post=22061"},{"taxonomy":"product_tag","embeddable":true,"href":"https:\/\/nownow.gallery\/de\/wp-json\/wp\/v2\/product_tag?post=22061"}],"curies":[{"name":"wp","href":"https:\/\/api.w.org\/{rel}","templated":true}]}}