{"id":21959,"date":"2025-03-04T11:16:02","date_gmt":"2025-03-04T10:16:02","guid":{"rendered":"https:\/\/nownow.gallery\/?post_type=product&#038;p=21959"},"modified":"2025-07-21T09:26:36","modified_gmt":"2025-07-21T07:26:36","slug":"one-for-all","status":"publish","type":"product","link":"https:\/\/nownow.gallery\/de\/shop\/die-menschliche-erfahrung\/one-for-all\/","title":{"rendered":"One For All"},"content":{"rendered":"<h3>Wird der Turm einst\u00fcrzen<\/h3>\n<p>Einen Menschenturm zu bauen, ist f\u00fcr alle Beteiligten ungeheuer anstrengend. Physisch und psychisch, weil jede und jeder sehr konzentriert sein muss. Und es ist auch nicht ganz ungef\u00e4hrlich. Vor dem Stadion in Tarragona standen schon am Morgen viele Krankenwagen als wir dort waren. Denn es kommt immer wieder vor, dass die T\u00fcrme zusammenfallen. Man nennt das dann fer llenya (Kleinholz machen), weil die Beteiligten wie Streichh\u00f6lzer herumfallen. Schwere Verletzungen gibt es dennoch selten, was bei der H\u00f6he mancher T\u00fcrme schon erstaunlich ist.<\/p>\n","protected":false},"excerpt":{"rendered":"<p>2024, The Human Experience, One For All, Julia Sellmann<\/p>\n","protected":false},"featured_media":22031,"comment_status":"closed","ping_status":"closed","template":"","meta":{"iawp_total_views":14},"product_brand":[],"product_cat":[519],"product_tag":[],"class_list":{"0":"post-21959","1":"product","2":"type-product","3":"status-publish","4":"has-post-thumbnail","6":"product_cat-die-menschliche-erfahrung","8":"first","9":"instock","10":"featured","11":"taxable","12":"shipping-taxable","13":"purchasable","14":"product-type-variable","15":"has-default-attributes"},"supplier_id":null,"supplier_sku":"","barcode":null,"atum_controlled":true,"out_stock_date":null,"out_stock_threshold":null,"inheritable":true,"inbound_stock":null,"stock_on_hold":null,"sold_today":null,"sales_last_days":null,"reserved_stock":null,"customer_returns":null,"warehouse_damage":null,"lost_in_post":null,"other_logs":null,"out_stock_days":34,"lost_sales":null,"has_location":false,"update_date":"2025-06-13T14:25:44","atum_locations":[],"atum_stock_status":"instock","restock_status":false,"low_stock_amount":10,"sales_update_date":null,"calc_backorders":null,"_links":{"self":[{"href":"https:\/\/nownow.gallery\/de\/wp-json\/wp\/v2\/product\/21959","targetHints":{"allow":["GET"]}}],"collection":[{"href":"https:\/\/nownow.gallery\/de\/wp-json\/wp\/v2\/product"}],"about":[{"href":"https:\/\/nownow.gallery\/de\/wp-json\/wp\/v2\/types\/product"}],"replies":[{"embeddable":true,"href":"https:\/\/nownow.gallery\/de\/wp-json\/wp\/v2\/comments?post=21959"}],"wp:featuredmedia":[{"embeddable":true,"href":"https:\/\/nownow.gallery\/de\/wp-json\/wp\/v2\/media\/22031"}],"wp:attachment":[{"href":"https:\/\/nownow.gallery\/de\/wp-json\/wp\/v2\/media?parent=21959"}],"wp:term":[{"taxonomy":"product_brand","embeddable":true,"href":"https:\/\/nownow.gallery\/de\/wp-json\/wp\/v2\/product_brand?post=21959"},{"taxonomy":"product_cat","embeddable":true,"href":"https:\/\/nownow.gallery\/de\/wp-json\/wp\/v2\/product_cat?post=21959"},{"taxonomy":"product_tag","embeddable":true,"href":"https:\/\/nownow.gallery\/de\/wp-json\/wp\/v2\/product_tag?post=21959"}],"curies":[{"name":"wp","href":"https:\/\/api.w.org\/{rel}","templated":true}]}}