{"id":21661,"date":"2025-02-24T17:27:32","date_gmt":"2025-02-24T16:27:32","guid":{"rendered":"https:\/\/nownow.gallery\/?post_type=product&#038;p=21661"},"modified":"2025-07-21T09:48:17","modified_gmt":"2025-07-21T07:48:17","slug":"howling-etna","status":"publish","type":"product","link":"https:\/\/nownow.gallery\/de\/shop\/natur-liebe\/howling-etna\/","title":{"rendered":"Howling Etna"},"content":{"rendered":"<h3>In den Wolken des \u00c4tna<\/h3>\n<p>Ich klettere. Ein Schritt, zwei Schritte, drei. Meine F\u00fc\u00dfe sinken in den schwarzen Sand, jeder Schritt ein Kampf, ein Schmerz, der Vulkan h\u00e4lt mich fest, packt mich ein wenig, bevor er mich wieder losl\u00e4sst. Um mich herum kreischt der Wind, trocken und aschfahl, und schon ist da dieser Geruch &#8211; scharf, rau, Schwefel, der sich seinen Weg in meine Kehle bahnt und sich tief in meine Nase gr\u00e4bt.<\/p>\n<p>&nbsp;<\/p>\n<p>Und dann, endlich, ist da der Gipfel.<\/p>\n<p>&nbsp;<\/p>\n<p>Alles ist wie zerfetzt. Alles \u00f6ffnet sich. Ein Wald ohne B\u00e4ume, ein Ozean ohne Wasser. Nur diese aufsteigenden Dampfs\u00e4ulen, die ineinander gleiten, sich dehnen, sich ineinander winden, lebendig. Dicke Wolken kriechen, rollen, entwirren sich, wickeln sich um mich, bevor sie mich wieder ausspucken. Die Luft zittert. Ich lausche. Unter dem Atem des Windes, unter der schwebenden Stille der H\u00f6he. Heult der Berg.<\/p>\n","protected":false},"excerpt":{"rendered":"<p>2020, Nature Love, Howling Etna, \u00c4tna, Berg, Klettern, Sizilien, Vulkan, Wolken, Antoine Lacour<\/p>\n","protected":false},"featured_media":21695,"comment_status":"closed","ping_status":"closed","template":"","meta":{"iawp_total_views":12},"product_brand":[],"product_cat":[461],"product_tag":[1036,861,1038,1037,556,547],"class_list":{"0":"post-21661","1":"product","2":"type-product","3":"status-publish","4":"has-post-thumbnail","6":"product_cat-natur-liebe","7":"product_tag-atna","8":"product_tag-berg","9":"product_tag-klettern","10":"product_tag-sizilien","11":"product_tag-vulkan","12":"product_tag-wolken","14":"first","15":"instock","16":"featured","17":"taxable","18":"shipping-taxable","19":"purchasable","20":"product-type-variable","21":"has-default-attributes"},"supplier_id":null,"supplier_sku":"","barcode":null,"atum_controlled":true,"out_stock_date":null,"out_stock_threshold":null,"inheritable":true,"inbound_stock":null,"stock_on_hold":null,"sold_today":null,"sales_last_days":null,"reserved_stock":null,"customer_returns":null,"warehouse_damage":null,"lost_in_post":null,"other_logs":null,"out_stock_days":null,"lost_sales":null,"has_location":false,"update_date":"2025-03-03T14:09:57","atum_locations":[],"atum_stock_status":"instock","restock_status":false,"low_stock_amount":10,"sales_update_date":null,"calc_backorders":null,"_links":{"self":[{"href":"https:\/\/nownow.gallery\/de\/wp-json\/wp\/v2\/product\/21661","targetHints":{"allow":["GET"]}}],"collection":[{"href":"https:\/\/nownow.gallery\/de\/wp-json\/wp\/v2\/product"}],"about":[{"href":"https:\/\/nownow.gallery\/de\/wp-json\/wp\/v2\/types\/product"}],"replies":[{"embeddable":true,"href":"https:\/\/nownow.gallery\/de\/wp-json\/wp\/v2\/comments?post=21661"}],"wp:featuredmedia":[{"embeddable":true,"href":"https:\/\/nownow.gallery\/de\/wp-json\/wp\/v2\/media\/21695"}],"wp:attachment":[{"href":"https:\/\/nownow.gallery\/de\/wp-json\/wp\/v2\/media?parent=21661"}],"wp:term":[{"taxonomy":"product_brand","embeddable":true,"href":"https:\/\/nownow.gallery\/de\/wp-json\/wp\/v2\/product_brand?post=21661"},{"taxonomy":"product_cat","embeddable":true,"href":"https:\/\/nownow.gallery\/de\/wp-json\/wp\/v2\/product_cat?post=21661"},{"taxonomy":"product_tag","embeddable":true,"href":"https:\/\/nownow.gallery\/de\/wp-json\/wp\/v2\/product_tag?post=21661"}],"curies":[{"name":"wp","href":"https:\/\/api.w.org\/{rel}","templated":true}]}}