{"id":21381,"date":"2025-02-24T15:09:57","date_gmt":"2025-02-24T14:09:57","guid":{"rendered":"https:\/\/nownow.gallery\/?post_type=product&#038;p=21381"},"modified":"2025-07-22T11:09:38","modified_gmt":"2025-07-22T09:09:38","slug":"nasi-padang","status":"publish","type":"product","link":"https:\/\/nownow.gallery\/de\/shop\/essen-liebe\/nasi-padang\/","title":{"rendered":"Nasi Padang"},"content":{"rendered":"<h3>Indonesisches Buffet<\/h3>\n<p>Nasi Padang ist ein indonesisches Gericht aus West-Sumatra, das eine Vielzahl von schmackhaften Beilagen enth\u00e4lt, darunter Rendang (w\u00fcrziger Rindfleischeintopf), Currys, Sambals und Gem\u00fcse. Es wird auf eine bestimmte Art serviert. Dabei stehen mehrere Gerichte auf dem Tisch, und die G\u00e4ste w\u00e4hlen aus, was sie essen m\u00f6chten.<\/p>\n","protected":false},"excerpt":{"rendered":"<p>Food Love, Nasi Padang, Abwasch, Eintopf, Indonesien, Lebensmittel, Daniel Nguyen<\/p>\n","protected":false},"featured_media":21415,"comment_status":"closed","ping_status":"closed","template":"","meta":{"iawp_total_views":21},"product_brand":[],"product_cat":[467],"product_tag":[1027,1028,1021,579],"class_list":{"0":"post-21381","1":"product","2":"type-product","3":"status-publish","4":"has-post-thumbnail","6":"product_cat-essen-liebe","7":"product_tag-abwasch","8":"product_tag-eintopf","9":"product_tag-indonesien","10":"product_tag-lebensmittel","12":"first","13":"instock","14":"featured","15":"taxable","16":"shipping-taxable","17":"purchasable","18":"product-type-variable","19":"has-default-attributes"},"supplier_id":null,"supplier_sku":"","barcode":null,"atum_controlled":true,"out_stock_date":null,"out_stock_threshold":null,"inheritable":true,"inbound_stock":null,"stock_on_hold":null,"sold_today":null,"sales_last_days":null,"reserved_stock":null,"customer_returns":null,"warehouse_damage":null,"lost_in_post":null,"other_logs":null,"out_stock_days":null,"lost_sales":null,"has_location":false,"update_date":"2025-03-20T09:11:32","atum_locations":[],"atum_stock_status":"instock","restock_status":false,"low_stock_amount":10,"sales_update_date":null,"calc_backorders":null,"_links":{"self":[{"href":"https:\/\/nownow.gallery\/de\/wp-json\/wp\/v2\/product\/21381","targetHints":{"allow":["GET"]}}],"collection":[{"href":"https:\/\/nownow.gallery\/de\/wp-json\/wp\/v2\/product"}],"about":[{"href":"https:\/\/nownow.gallery\/de\/wp-json\/wp\/v2\/types\/product"}],"replies":[{"embeddable":true,"href":"https:\/\/nownow.gallery\/de\/wp-json\/wp\/v2\/comments?post=21381"}],"wp:featuredmedia":[{"embeddable":true,"href":"https:\/\/nownow.gallery\/de\/wp-json\/wp\/v2\/media\/21415"}],"wp:attachment":[{"href":"https:\/\/nownow.gallery\/de\/wp-json\/wp\/v2\/media?parent=21381"}],"wp:term":[{"taxonomy":"product_brand","embeddable":true,"href":"https:\/\/nownow.gallery\/de\/wp-json\/wp\/v2\/product_brand?post=21381"},{"taxonomy":"product_cat","embeddable":true,"href":"https:\/\/nownow.gallery\/de\/wp-json\/wp\/v2\/product_cat?post=21381"},{"taxonomy":"product_tag","embeddable":true,"href":"https:\/\/nownow.gallery\/de\/wp-json\/wp\/v2\/product_tag?post=21381"}],"curies":[{"name":"wp","href":"https:\/\/api.w.org\/{rel}","templated":true}]}}