{"id":21328,"date":"2025-02-24T15:01:37","date_gmt":"2025-02-24T14:01:37","guid":{"rendered":"https:\/\/nownow.gallery\/?post_type=product&#038;p=21328"},"modified":"2025-03-20T10:24:45","modified_gmt":"2025-03-20T09:24:45","slug":"ramp-skating","status":"publish","type":"product","link":"https:\/\/nownow.gallery\/de\/shop\/sport-de\/ramp-skating\/","title":{"rendered":"Ramp Skating"},"content":{"rendered":"<h3>Beach Drop<\/h3>\n<p>2017 hielt Stussy sein International Stussy Tribe Gathering auf Bali im Potato Head Beach Club ab. \u00dcber zwei Tage hinweg traten dort internationaler Stars auf, und als Highlight wurde exklusiv f\u00fcr die Veranstaltung eine gro\u00dfe Mini-Rampe direkt am Strand aufgebaut.<\/p>\n","protected":false},"excerpt":{"rendered":"<p>2017, Sport, Ramp Skating, bali, Indonesien, Skateboard, skaten, Skatepark, Daniel Nguyen<\/p>\n","protected":false},"featured_media":21362,"comment_status":"closed","ping_status":"closed","template":"","meta":{"iawp_total_views":2},"product_brand":[],"product_cat":[950],"product_tag":[1024,1021,1020,1019,1022],"class_list":{"0":"post-21328","1":"product","2":"type-product","3":"status-publish","4":"has-post-thumbnail","6":"product_cat-sport-de","7":"product_tag-bali-de","8":"product_tag-indonesien","9":"product_tag-skateboard-de","10":"product_tag-skaten","11":"product_tag-skatepark-de","13":"first","14":"instock","15":"featured","16":"taxable","17":"shipping-taxable","18":"purchasable","19":"product-type-variable","20":"has-default-attributes"},"supplier_id":null,"supplier_sku":"","barcode":null,"atum_controlled":true,"out_stock_date":null,"out_stock_threshold":null,"inheritable":true,"inbound_stock":null,"stock_on_hold":null,"sold_today":null,"sales_last_days":null,"reserved_stock":null,"customer_returns":null,"warehouse_damage":null,"lost_in_post":null,"other_logs":null,"out_stock_days":null,"lost_sales":null,"has_location":false,"update_date":"2025-03-03T10:39:30","atum_locations":[],"atum_stock_status":"instock","restock_status":false,"low_stock_amount":10,"sales_update_date":null,"calc_backorders":null,"_links":{"self":[{"href":"https:\/\/nownow.gallery\/de\/wp-json\/wp\/v2\/product\/21328","targetHints":{"allow":["GET"]}}],"collection":[{"href":"https:\/\/nownow.gallery\/de\/wp-json\/wp\/v2\/product"}],"about":[{"href":"https:\/\/nownow.gallery\/de\/wp-json\/wp\/v2\/types\/product"}],"replies":[{"embeddable":true,"href":"https:\/\/nownow.gallery\/de\/wp-json\/wp\/v2\/comments?post=21328"}],"wp:featuredmedia":[{"embeddable":true,"href":"https:\/\/nownow.gallery\/de\/wp-json\/wp\/v2\/media\/21362"}],"wp:attachment":[{"href":"https:\/\/nownow.gallery\/de\/wp-json\/wp\/v2\/media?parent=21328"}],"wp:term":[{"taxonomy":"product_brand","embeddable":true,"href":"https:\/\/nownow.gallery\/de\/wp-json\/wp\/v2\/product_brand?post=21328"},{"taxonomy":"product_cat","embeddable":true,"href":"https:\/\/nownow.gallery\/de\/wp-json\/wp\/v2\/product_cat?post=21328"},{"taxonomy":"product_tag","embeddable":true,"href":"https:\/\/nownow.gallery\/de\/wp-json\/wp\/v2\/product_tag?post=21328"}],"curies":[{"name":"wp","href":"https:\/\/api.w.org\/{rel}","templated":true}]}}