{"id":20863,"date":"2024-10-30T14:49:35","date_gmt":"2024-10-30T13:49:35","guid":{"rendered":"https:\/\/nownow.gallery\/?post_type=product&#038;p=20863"},"modified":"2024-11-14T08:58:47","modified_gmt":"2024-11-14T07:58:47","slug":"baked-beans","status":"publish","type":"product","link":"https:\/\/nownow.gallery\/de\/shop\/essen-liebe\/baked-beans\/","title":{"rendered":"Fr\u00fchst\u00fcck III"},"content":{"rendered":"<h3>Das halbe englische Fr\u00fchst\u00fcck<\/h3>\n<p>Es gab eine Woche im September 2023, in der ich wie besessen Bilder von meinem Fr\u00fchst\u00fcck gemacht habe, weil ich fasziniert davon war, wie sch\u00f6n ein einfaches Ei auf Toast in Kombination mit meinem Besteck, meinem alten WMF Eierbecher (von Wagenfeld) und meinem achteckigen Glasteller aussah. Ich habe mein Fr\u00fchst\u00fcck und meine anderen K\u00fcchenutensilien weiter erforscht und dabei eine Sequenz einer Mahlzeit erstellt, die von einem traditionellen englischen Fr\u00fchst\u00fcck inspiriert war. Kenner werden leicht erkennen, dass mir ein paar wichtige Zutaten fehlten.<\/p>\n","protected":false},"excerpt":{"rendered":"<p>2023, Food Love, Fr\u00fchst\u00fcck III, Butter, Ei, Fr\u00fchst\u00fcck, Lebensmittel, Lecker, Mahlzeit, Annika Weertz<\/p>\n","protected":false},"featured_media":20898,"comment_status":"closed","ping_status":"closed","template":"","meta":{"iawp_total_views":5},"product_brand":[],"product_cat":[467],"product_tag":[1012,1011,1009,579,1013,1010],"class_list":{"0":"post-20863","1":"product","2":"type-product","3":"status-publish","4":"has-post-thumbnail","6":"product_cat-essen-liebe","7":"product_tag-butter-de","8":"product_tag-ei","9":"product_tag-fruhstuck","10":"product_tag-lebensmittel","11":"product_tag-lecker","12":"product_tag-mahlzeit","14":"first","15":"instock","16":"featured","17":"taxable","18":"shipping-taxable","19":"purchasable","20":"product-type-variable","21":"has-default-attributes"},"supplier_id":null,"supplier_sku":"","barcode":null,"atum_controlled":true,"out_stock_date":null,"out_stock_threshold":null,"inheritable":false,"inbound_stock":0,"stock_on_hold":0,"sold_today":null,"sales_last_days":null,"reserved_stock":0,"customer_returns":0,"warehouse_damage":0,"lost_in_post":0,"other_logs":0,"out_stock_days":null,"lost_sales":null,"has_location":false,"update_date":"2024-11-19T09:08:20","atum_locations":[],"atum_stock_status":"instock","restock_status":false,"low_stock_amount":10,"sales_update_date":"2024-11-19T09:08:20","calc_backorders":null,"_links":{"self":[{"href":"https:\/\/nownow.gallery\/de\/wp-json\/wp\/v2\/product\/20863","targetHints":{"allow":["GET"]}}],"collection":[{"href":"https:\/\/nownow.gallery\/de\/wp-json\/wp\/v2\/product"}],"about":[{"href":"https:\/\/nownow.gallery\/de\/wp-json\/wp\/v2\/types\/product"}],"replies":[{"embeddable":true,"href":"https:\/\/nownow.gallery\/de\/wp-json\/wp\/v2\/comments?post=20863"}],"wp:featuredmedia":[{"embeddable":true,"href":"https:\/\/nownow.gallery\/de\/wp-json\/wp\/v2\/media\/20898"}],"wp:attachment":[{"href":"https:\/\/nownow.gallery\/de\/wp-json\/wp\/v2\/media?parent=20863"}],"wp:term":[{"taxonomy":"product_brand","embeddable":true,"href":"https:\/\/nownow.gallery\/de\/wp-json\/wp\/v2\/product_brand?post=20863"},{"taxonomy":"product_cat","embeddable":true,"href":"https:\/\/nownow.gallery\/de\/wp-json\/wp\/v2\/product_cat?post=20863"},{"taxonomy":"product_tag","embeddable":true,"href":"https:\/\/nownow.gallery\/de\/wp-json\/wp\/v2\/product_tag?post=20863"}],"curies":[{"name":"wp","href":"https:\/\/api.w.org\/{rel}","templated":true}]}}