{"id":20811,"date":"2024-10-30T14:48:42","date_gmt":"2024-10-30T13:48:42","guid":{"rendered":"https:\/\/nownow.gallery\/?post_type=product&#038;p=20811"},"modified":"2024-11-14T09:09:48","modified_gmt":"2024-11-14T08:09:48","slug":"toastundei","status":"publish","type":"product","link":"https:\/\/nownow.gallery\/de\/shop\/essen-liebe\/toastundei\/","title":{"rendered":"Fr\u00fchst\u00fcck II"},"content":{"rendered":"<h3>The Half English Breakfast<\/h3>\n<p>W\u00e4hrend einer Woche im September 2023 habe ich wie besessen Bilder von meinem Fr\u00fchst\u00fcck gemacht. Ich war fasziniert davon, wie sch\u00f6n ein einfaches Ei auf Toast in Kombination mit meinem Besteck, meinem alten WMF Eierbecher (von Wagenfeld) und meinem achteckigen Glasteller aussah. Ich habe mein Fr\u00fchst\u00fcck und meine anderen K\u00fcchenutensilien weiter analysiert und dabei eine Sequenz erstellt, die vom traditionellen englischen Fr\u00fchst\u00fcck inspiriert war. Kenner werden leicht erkennen, dass mir allerdings ein paar wichtige Zutaten fehlten.<\/p>\n","protected":false},"excerpt":{"rendered":"<p>2023, Food Love, Uncategorized, Fr\u00fchst\u00fcck II, Butter, Ei, Fr\u00fchst\u00fcck, Lebensmittel, Lecker, Mahlzeit, Annika Weertz<\/p>\n","protected":false},"featured_media":20829,"comment_status":"closed","ping_status":"closed","template":"","meta":{"iawp_total_views":6},"product_brand":[],"product_cat":[467,778],"product_tag":[1012,1011,1009,579,1013,1010],"class_list":{"0":"post-20811","1":"product","2":"type-product","3":"status-publish","4":"has-post-thumbnail","6":"product_cat-essen-liebe","7":"product_cat-uncategorized-de","8":"product_tag-butter-de","9":"product_tag-ei","10":"product_tag-fruhstuck","11":"product_tag-lebensmittel","12":"product_tag-lecker","13":"product_tag-mahlzeit","15":"first","16":"instock","17":"featured","18":"taxable","19":"shipping-taxable","20":"purchasable","21":"product-type-variable","22":"has-default-attributes"},"supplier_id":null,"supplier_sku":"","barcode":null,"atum_controlled":true,"out_stock_date":null,"out_stock_threshold":null,"inheritable":false,"inbound_stock":0,"stock_on_hold":0,"sold_today":null,"sales_last_days":null,"reserved_stock":0,"customer_returns":0,"warehouse_damage":0,"lost_in_post":0,"other_logs":0,"out_stock_days":null,"lost_sales":null,"has_location":false,"update_date":"2024-11-19T09:08:24","atum_locations":[],"atum_stock_status":"instock","restock_status":false,"low_stock_amount":10,"sales_update_date":"2024-11-19T09:08:24","calc_backorders":null,"_links":{"self":[{"href":"https:\/\/nownow.gallery\/de\/wp-json\/wp\/v2\/product\/20811","targetHints":{"allow":["GET"]}}],"collection":[{"href":"https:\/\/nownow.gallery\/de\/wp-json\/wp\/v2\/product"}],"about":[{"href":"https:\/\/nownow.gallery\/de\/wp-json\/wp\/v2\/types\/product"}],"replies":[{"embeddable":true,"href":"https:\/\/nownow.gallery\/de\/wp-json\/wp\/v2\/comments?post=20811"}],"wp:featuredmedia":[{"embeddable":true,"href":"https:\/\/nownow.gallery\/de\/wp-json\/wp\/v2\/media\/20829"}],"wp:attachment":[{"href":"https:\/\/nownow.gallery\/de\/wp-json\/wp\/v2\/media?parent=20811"}],"wp:term":[{"taxonomy":"product_brand","embeddable":true,"href":"https:\/\/nownow.gallery\/de\/wp-json\/wp\/v2\/product_brand?post=20811"},{"taxonomy":"product_cat","embeddable":true,"href":"https:\/\/nownow.gallery\/de\/wp-json\/wp\/v2\/product_cat?post=20811"},{"taxonomy":"product_tag","embeddable":true,"href":"https:\/\/nownow.gallery\/de\/wp-json\/wp\/v2\/product_tag?post=20811"}],"curies":[{"name":"wp","href":"https:\/\/api.w.org\/{rel}","templated":true}]}}