{"id":19913,"date":"2024-10-29T15:01:48","date_gmt":"2024-10-29T14:01:48","guid":{"rendered":"https:\/\/nownow.gallery\/?post_type=product&#038;p=19913"},"modified":"2025-02-04T08:30:22","modified_gmt":"2025-02-04T07:30:22","slug":"eleganzdressur","status":"publish","type":"product","link":"https:\/\/nownow.gallery\/de\/shop\/tieristisch\/eleganzdressur\/","title":{"rendered":"Unee II"},"content":{"rendered":"<h3>Ein Pferd im Blitzlicht<\/h3>\n<p>Ich habe die Dressurreiterin Jessica von Bredow und ihren Hengst Un\u00e9e 2019 f\u00fcr mein Olympia-Projekt fotografiert. Es war mein erster Kontakt mit dem Pferdesport und eine super pers\u00f6nliche und aufregende Erfahrung, denn Jessica und Un\u00e9e haben eine einzigartige Beziehung. Mit Un\u00e9e begann 2012 Jessica von Bredow-Werndls internationale Karriere. Er war bis heute ihr bester Trainer, engster Freund und treuester Begleiter. Ich wollte die Eleganz und Leichtigkeit des Pferdesports im Zusammenspiel von Farbe, Licht und Schatten fotografisch festhalten. Als Jessica mir erz\u00e4hlte, dass der Hengst \u201efoto-happy\u201c ist und sich von dem st\u00e4ndigen Blitzlichtgewitter und der Nebelmaschine nicht irritieren oder st\u00f6ren l\u00e4sst, konnte ich es kaum glauben. Doch er genoss das Shooting mit voller Konzentration und Entspannung.<\/p>\n","protected":false},"excerpt":{"rendered":"<p>Animal(istic), Unee II, Pferd, Tier, Michael Philipp Bader<\/p>\n","protected":false},"featured_media":19971,"comment_status":"closed","ping_status":"closed","template":"","meta":{"iawp_total_views":6},"product_brand":[],"product_cat":[551],"product_tag":[575,607],"class_list":{"0":"post-19913","1":"product","2":"type-product","3":"status-publish","4":"has-post-thumbnail","6":"product_cat-tieristisch","7":"product_tag-pferd","8":"product_tag-tier","10":"first","11":"instock","12":"featured","13":"taxable","14":"shipping-taxable","15":"purchasable","16":"product-type-variable","17":"has-default-attributes"},"supplier_id":null,"supplier_sku":"","barcode":null,"atum_controlled":true,"out_stock_date":null,"out_stock_threshold":null,"inheritable":false,"inbound_stock":null,"stock_on_hold":null,"sold_today":null,"sales_last_days":null,"reserved_stock":null,"customer_returns":null,"warehouse_damage":null,"lost_in_post":null,"other_logs":null,"out_stock_days":null,"lost_sales":null,"has_location":null,"update_date":null,"atum_locations":[],"atum_stock_status":"instock","restock_status":false,"low_stock_amount":10,"sales_update_date":null,"calc_backorders":null,"_links":{"self":[{"href":"https:\/\/nownow.gallery\/de\/wp-json\/wp\/v2\/product\/19913","targetHints":{"allow":["GET"]}}],"collection":[{"href":"https:\/\/nownow.gallery\/de\/wp-json\/wp\/v2\/product"}],"about":[{"href":"https:\/\/nownow.gallery\/de\/wp-json\/wp\/v2\/types\/product"}],"replies":[{"embeddable":true,"href":"https:\/\/nownow.gallery\/de\/wp-json\/wp\/v2\/comments?post=19913"}],"wp:featuredmedia":[{"embeddable":true,"href":"https:\/\/nownow.gallery\/de\/wp-json\/wp\/v2\/media\/19971"}],"wp:attachment":[{"href":"https:\/\/nownow.gallery\/de\/wp-json\/wp\/v2\/media?parent=19913"}],"wp:term":[{"taxonomy":"product_brand","embeddable":true,"href":"https:\/\/nownow.gallery\/de\/wp-json\/wp\/v2\/product_brand?post=19913"},{"taxonomy":"product_cat","embeddable":true,"href":"https:\/\/nownow.gallery\/de\/wp-json\/wp\/v2\/product_cat?post=19913"},{"taxonomy":"product_tag","embeddable":true,"href":"https:\/\/nownow.gallery\/de\/wp-json\/wp\/v2\/product_tag?post=19913"}],"curies":[{"name":"wp","href":"https:\/\/api.w.org\/{rel}","templated":true}]}}