{"id":19649,"date":"2024-10-29T14:52:55","date_gmt":"2024-10-29T13:52:55","guid":{"rendered":"https:\/\/nownow.gallery\/?post_type=product&#038;p=19649"},"modified":"2025-02-04T08:41:43","modified_gmt":"2025-02-04T07:41:43","slug":"heldenposemitball","status":"publish","type":"product","link":"https:\/\/nownow.gallery\/de\/shop\/sport-de\/heldenposemitball\/","title":{"rendered":"Ball Room"},"content":{"rendered":"<h3>Heldenpose mit Ball<\/h3>\n<p>Dieses Motiv ist w\u00e4hrend der Produktion mit dem Profi-Basketballspieler Ren\u00e9 Kindzeka entstanden. Mit Basketball verbinde ich intensive Athletik, Bewegungen und Gesten, die sehr grafisch sein k\u00f6nnen. Diese Elemente wollte ich einfangen. Der Basketball und Ren\u00e9s Hand bilden eine ikonische Einheit. So ist dieses anmutige und irgendwie auch heroische Foto entstanden.<\/p>\n","protected":false},"excerpt":{"rendered":"<p>Sport, Ball Room, Hand, Korbball, Kugel, Schwarz und Wei\u00df, Michael Philipp Bader<\/p>\n","protected":false},"featured_media":19707,"comment_status":"closed","ping_status":"closed","template":"","meta":{"iawp_total_views":0},"product_brand":[],"product_cat":[950],"product_tag":[818,951,952,576],"class_list":{"0":"post-19649","1":"product","2":"type-product","3":"status-publish","4":"has-post-thumbnail","6":"product_cat-sport-de","7":"product_tag-hand-de","8":"product_tag-korbball","9":"product_tag-kugel","10":"product_tag-schwarz-und-weis","12":"first","13":"instock","14":"featured","15":"taxable","16":"shipping-taxable","17":"purchasable","18":"product-type-variable","19":"has-default-attributes"},"supplier_id":null,"supplier_sku":"","barcode":null,"atum_controlled":true,"out_stock_date":null,"out_stock_threshold":null,"inheritable":false,"inbound_stock":null,"stock_on_hold":null,"sold_today":null,"sales_last_days":null,"reserved_stock":null,"customer_returns":null,"warehouse_damage":null,"lost_in_post":null,"other_logs":null,"out_stock_days":null,"lost_sales":null,"has_location":null,"update_date":null,"atum_locations":[],"atum_stock_status":"instock","restock_status":false,"low_stock_amount":10,"sales_update_date":null,"calc_backorders":null,"_links":{"self":[{"href":"https:\/\/nownow.gallery\/de\/wp-json\/wp\/v2\/product\/19649","targetHints":{"allow":["GET"]}}],"collection":[{"href":"https:\/\/nownow.gallery\/de\/wp-json\/wp\/v2\/product"}],"about":[{"href":"https:\/\/nownow.gallery\/de\/wp-json\/wp\/v2\/types\/product"}],"replies":[{"embeddable":true,"href":"https:\/\/nownow.gallery\/de\/wp-json\/wp\/v2\/comments?post=19649"}],"wp:featuredmedia":[{"embeddable":true,"href":"https:\/\/nownow.gallery\/de\/wp-json\/wp\/v2\/media\/19707"}],"wp:attachment":[{"href":"https:\/\/nownow.gallery\/de\/wp-json\/wp\/v2\/media?parent=19649"}],"wp:term":[{"taxonomy":"product_brand","embeddable":true,"href":"https:\/\/nownow.gallery\/de\/wp-json\/wp\/v2\/product_brand?post=19649"},{"taxonomy":"product_cat","embeddable":true,"href":"https:\/\/nownow.gallery\/de\/wp-json\/wp\/v2\/product_cat?post=19649"},{"taxonomy":"product_tag","embeddable":true,"href":"https:\/\/nownow.gallery\/de\/wp-json\/wp\/v2\/product_tag?post=19649"}],"curies":[{"name":"wp","href":"https:\/\/api.w.org\/{rel}","templated":true}]}}