{"id":19466,"date":"2024-10-29T14:38:10","date_gmt":"2024-10-29T13:38:10","guid":{"rendered":"https:\/\/nownow.gallery\/?post_type=product&#038;p=19466"},"modified":"2025-02-04T08:48:46","modified_gmt":"2025-02-04T07:48:46","slug":"japanischearchitektur","status":"publish","type":"product","link":"https:\/\/nownow.gallery\/de\/shop\/stadt\/japanischearchitektur\/","title":{"rendered":"Yoshi"},"content":{"rendered":"<h3>Goldene Stunden in Japan<\/h3>\n<p>Japan fasziniert mich in jeder Hinsicht. Besonders beeindruckt bin ich von der einzigartigen Architektur und der ausgepr\u00e4gten Ordnung des Landes. Als Fotograf bin ich immer wieder begeistert vom Licht in Japan. Im Sommer geht die Sonne fr\u00fch unter und schafft so fantastische Bedingungen f\u00fcr Aufnahmen w\u00e4hrend der sogenannten &#8222;Goldenen Stunde&#8220;. Dieses Bild wurde genau in dieser Zeit aufgenommen. Wir waren auf dem zu Yoshi, unserem Sushi-Meister in Tokio. Kanpai!<\/p>\n","protected":false},"excerpt":{"rendered":"<p>City, Yoshi, Geb\u00e4ude, goldene Stunde, Stra\u00dfe, Struktur, Yoshi, Tobias Volkmann<\/p>\n","protected":false},"featured_media":19526,"comment_status":"closed","ping_status":"closed","template":"","meta":{"iawp_total_views":5},"product_brand":[],"product_cat":[497],"product_tag":[840,941,506,942,940],"class_list":{"0":"post-19466","1":"product","2":"type-product","3":"status-publish","4":"has-post-thumbnail","6":"product_cat-stadt","7":"product_tag-gebaude-de","8":"product_tag-goldene-stunde","9":"product_tag-strase","10":"product_tag-struktur","11":"product_tag-yoshi-de","13":"first","14":"instock","15":"featured","16":"taxable","17":"shipping-taxable","18":"purchasable","19":"product-type-variable","20":"has-default-attributes"},"supplier_id":null,"supplier_sku":"","barcode":null,"atum_controlled":true,"out_stock_date":null,"out_stock_threshold":null,"inheritable":false,"inbound_stock":null,"stock_on_hold":null,"sold_today":null,"sales_last_days":null,"reserved_stock":null,"customer_returns":null,"warehouse_damage":null,"lost_in_post":null,"other_logs":null,"out_stock_days":null,"lost_sales":null,"has_location":null,"update_date":null,"atum_locations":[],"atum_stock_status":"instock","restock_status":false,"low_stock_amount":10,"sales_update_date":null,"calc_backorders":null,"_links":{"self":[{"href":"https:\/\/nownow.gallery\/de\/wp-json\/wp\/v2\/product\/19466","targetHints":{"allow":["GET"]}}],"collection":[{"href":"https:\/\/nownow.gallery\/de\/wp-json\/wp\/v2\/product"}],"about":[{"href":"https:\/\/nownow.gallery\/de\/wp-json\/wp\/v2\/types\/product"}],"replies":[{"embeddable":true,"href":"https:\/\/nownow.gallery\/de\/wp-json\/wp\/v2\/comments?post=19466"}],"wp:featuredmedia":[{"embeddable":true,"href":"https:\/\/nownow.gallery\/de\/wp-json\/wp\/v2\/media\/19526"}],"wp:attachment":[{"href":"https:\/\/nownow.gallery\/de\/wp-json\/wp\/v2\/media?parent=19466"}],"wp:term":[{"taxonomy":"product_brand","embeddable":true,"href":"https:\/\/nownow.gallery\/de\/wp-json\/wp\/v2\/product_brand?post=19466"},{"taxonomy":"product_cat","embeddable":true,"href":"https:\/\/nownow.gallery\/de\/wp-json\/wp\/v2\/product_cat?post=19466"},{"taxonomy":"product_tag","embeddable":true,"href":"https:\/\/nownow.gallery\/de\/wp-json\/wp\/v2\/product_tag?post=19466"}],"curies":[{"name":"wp","href":"https:\/\/api.w.org\/{rel}","templated":true}]}}