{"id":19240,"date":"2024-10-29T14:25:21","date_gmt":"2024-10-29T13:25:21","guid":{"rendered":"https:\/\/nownow.gallery\/?post_type=product&#038;p=19240"},"modified":"2025-02-04T09:04:56","modified_gmt":"2025-02-04T08:04:56","slug":"geldundillusion","status":"publish","type":"product","link":"https:\/\/nownow.gallery\/de\/shop\/die-menschliche-erfahrung\/geldundillusion\/","title":{"rendered":"The Illusion"},"content":{"rendered":"<h3>Geld und Illusion<\/h3>\n<p>Ich wei\u00df nicht, wie lange ich diese Packung Taschent\u00fccher mit dem Dollar-Aufdruck schon besitze. 15 Jahre oder so. Ich habe immer auf den richtigen Zeitpunkt gewartet, um sie zu benutzen. W\u00e4hrend meines Masterstudiums habe ich mich mit Illusionen und Intrigen besch\u00e4ftigt und schlie\u00dflich das Taschentuch f\u00fcr ein Projekt fotografiert. Geld ist ja letztlich nichts anderes als ein Illusion, auf die wir uns geeinigt haben, nicht wahr?<\/p>\n","protected":false},"excerpt":{"rendered":"<p>2021, The Human Experience, The Illusion, Dollar, Geld, Gewebe, Illusion, Gina Bolle<\/p>\n","protected":false},"featured_media":19298,"comment_status":"closed","ping_status":"closed","template":"","meta":{"iawp_total_views":5},"product_brand":[],"product_cat":[519],"product_tag":[928,677,929,930],"class_list":{"0":"post-19240","1":"product","2":"type-product","3":"status-publish","4":"has-post-thumbnail","6":"product_cat-die-menschliche-erfahrung","7":"product_tag-dollar","8":"product_tag-geld","9":"product_tag-gewebe","10":"product_tag-illusion-de","12":"first","13":"instock","14":"featured","15":"taxable","16":"shipping-taxable","17":"purchasable","18":"product-type-variable","19":"has-default-attributes"},"supplier_id":null,"supplier_sku":"","barcode":null,"atum_controlled":true,"out_stock_date":null,"out_stock_threshold":null,"inheritable":false,"inbound_stock":null,"stock_on_hold":null,"sold_today":null,"sales_last_days":null,"reserved_stock":null,"customer_returns":null,"warehouse_damage":null,"lost_in_post":null,"other_logs":null,"out_stock_days":null,"lost_sales":null,"has_location":null,"update_date":null,"atum_locations":[],"atum_stock_status":"instock","restock_status":false,"low_stock_amount":10,"sales_update_date":null,"calc_backorders":null,"_links":{"self":[{"href":"https:\/\/nownow.gallery\/de\/wp-json\/wp\/v2\/product\/19240","targetHints":{"allow":["GET"]}}],"collection":[{"href":"https:\/\/nownow.gallery\/de\/wp-json\/wp\/v2\/product"}],"about":[{"href":"https:\/\/nownow.gallery\/de\/wp-json\/wp\/v2\/types\/product"}],"replies":[{"embeddable":true,"href":"https:\/\/nownow.gallery\/de\/wp-json\/wp\/v2\/comments?post=19240"}],"wp:featuredmedia":[{"embeddable":true,"href":"https:\/\/nownow.gallery\/de\/wp-json\/wp\/v2\/media\/19298"}],"wp:attachment":[{"href":"https:\/\/nownow.gallery\/de\/wp-json\/wp\/v2\/media?parent=19240"}],"wp:term":[{"taxonomy":"product_brand","embeddable":true,"href":"https:\/\/nownow.gallery\/de\/wp-json\/wp\/v2\/product_brand?post=19240"},{"taxonomy":"product_cat","embeddable":true,"href":"https:\/\/nownow.gallery\/de\/wp-json\/wp\/v2\/product_cat?post=19240"},{"taxonomy":"product_tag","embeddable":true,"href":"https:\/\/nownow.gallery\/de\/wp-json\/wp\/v2\/product_tag?post=19240"}],"curies":[{"name":"wp","href":"https:\/\/api.w.org\/{rel}","templated":true}]}}