{"id":19064,"date":"2024-10-29T14:16:26","date_gmt":"2024-10-29T13:16:26","guid":{"rendered":"https:\/\/nownow.gallery\/?post_type=product&#038;p=19064"},"modified":"2025-09-14T22:19:07","modified_gmt":"2025-09-14T20:19:07","slug":"hundundmensch","status":"publish","type":"product","link":"https:\/\/nownow.gallery\/de\/shop\/tieristisch\/hundundmensch\/","title":{"rendered":"Dogs in Cars I"},"content":{"rendered":"<h3>Entspannt wie ein Hund<\/h3>\n<p>Am Ende meines Auslandssemesters in Neuseeland machte ich einen Road Trip zum n\u00f6rdlichsten Punkt der Nordinsel: Cape Reinga. Zu dieser Zeit war ich genauso entspannt wie dieses s\u00fc\u00dfe H\u00fcndchen. Das Foto wurde irgendwo auf dem Weg dorthin aufgenommen und l\u00f6st in mir immer wieder Sommer- und Urlaubsgef\u00fchle aus \ud83d\ude42<\/p>\n","protected":false},"excerpt":{"rendered":"<p>2017, Animal(istic), Dogs in Cars I, Auto, Hund, H\u00fcndchen, niedlich, Gina Bolle<\/p>\n","protected":false},"featured_media":19122,"comment_status":"closed","ping_status":"closed","template":"","meta":{"iawp_total_views":9},"product_brand":[],"product_cat":[551],"product_tag":[500,918,920,919],"class_list":{"0":"post-19064","1":"product","2":"type-product","3":"status-publish","4":"has-post-thumbnail","6":"product_cat-tieristisch","7":"product_tag-auto","8":"product_tag-hund","9":"product_tag-hundchen","10":"product_tag-niedlich","12":"first","13":"instock","14":"featured","15":"taxable","16":"shipping-taxable","17":"purchasable","18":"product-type-variable","19":"has-default-attributes"},"supplier_id":null,"supplier_sku":"","barcode":null,"atum_controlled":true,"out_stock_date":null,"out_stock_threshold":null,"inheritable":false,"inbound_stock":null,"stock_on_hold":0,"sold_today":0,"sales_last_days":0,"reserved_stock":null,"customer_returns":null,"warehouse_damage":null,"lost_in_post":null,"other_logs":null,"out_stock_days":null,"lost_sales":0,"has_location":null,"update_date":"2025-09-15T13:23:50","atum_locations":[],"atum_stock_status":"instock","restock_status":false,"low_stock_amount":10,"sales_update_date":null,"calc_backorders":null,"_links":{"self":[{"href":"https:\/\/nownow.gallery\/de\/wp-json\/wp\/v2\/product\/19064","targetHints":{"allow":["GET"]}}],"collection":[{"href":"https:\/\/nownow.gallery\/de\/wp-json\/wp\/v2\/product"}],"about":[{"href":"https:\/\/nownow.gallery\/de\/wp-json\/wp\/v2\/types\/product"}],"replies":[{"embeddable":true,"href":"https:\/\/nownow.gallery\/de\/wp-json\/wp\/v2\/comments?post=19064"}],"wp:featuredmedia":[{"embeddable":true,"href":"https:\/\/nownow.gallery\/de\/wp-json\/wp\/v2\/media\/19122"}],"wp:attachment":[{"href":"https:\/\/nownow.gallery\/de\/wp-json\/wp\/v2\/media?parent=19064"}],"wp:term":[{"taxonomy":"product_brand","embeddable":true,"href":"https:\/\/nownow.gallery\/de\/wp-json\/wp\/v2\/product_brand?post=19064"},{"taxonomy":"product_cat","embeddable":true,"href":"https:\/\/nownow.gallery\/de\/wp-json\/wp\/v2\/product_cat?post=19064"},{"taxonomy":"product_tag","embeddable":true,"href":"https:\/\/nownow.gallery\/de\/wp-json\/wp\/v2\/product_tag?post=19064"}],"curies":[{"name":"wp","href":"https:\/\/api.w.org\/{rel}","templated":true}]}}