{"id":18620,"date":"2024-10-28T19:40:12","date_gmt":"2024-10-28T18:40:12","guid":{"rendered":"https:\/\/nownow.gallery\/?post_type=product&#038;p=18620"},"modified":"2025-02-04T09:55:27","modified_gmt":"2025-02-04T08:55:27","slug":"undercover-art","status":"publish","type":"product","link":"https:\/\/nownow.gallery\/de\/shop\/entwurf\/hauptprodukt-fur-s-m-l-xl-kopie-copy-copy-2\/","title":{"rendered":"Undercover"},"content":{"rendered":"<h3>Undercover Art<\/h3>\n<p>Eines meiner ersten freien Projekte war eine Serie von Motorr\u00e4dern, die in Planen geh\u00fcllt waren. Sie erinnerten mich an Skulpturen, die wie Ready-Mades aussahen. Pl\u00f6tzlich sah ich \u00fcberall in der Stadt abgedeckte Fahrzeuge und konnte nicht mehr aufh\u00f6ren, sie zu fotografieren. Daraus entstand ein kleines Magazin mit einigen Bildern aus der Serie. Bis heute f\u00fchle ich mich von verkleideten Objekten aller Art angezogen und fotografiere sie von Zeit zu Zeit. Mir gef\u00e4llt besonders, wie dieses Auto stolz seinen Seitenspiegel zur Schau stellt.<\/p>\n","protected":false},"excerpt":{"rendered":"<p>2018, Design, Undercover, draps, Fertigprodukt, Skulptur, Christian Werner<\/p>\n","protected":false},"featured_media":18652,"comment_status":"closed","ping_status":"closed","template":"","meta":{"iawp_total_views":5},"product_brand":[],"product_cat":[512],"product_tag":[892,894,893],"class_list":{"0":"post-18620","1":"product","2":"type-product","3":"status-publish","4":"has-post-thumbnail","6":"product_cat-entwurf","7":"product_tag-draps-de","8":"product_tag-fertigprodukt","9":"product_tag-skulptur","11":"first","12":"instock","13":"featured","14":"taxable","15":"shipping-taxable","16":"purchasable","17":"product-type-variable","18":"has-default-attributes"},"supplier_id":null,"supplier_sku":"","barcode":null,"atum_controlled":true,"out_stock_date":null,"out_stock_threshold":null,"inheritable":false,"inbound_stock":null,"stock_on_hold":null,"sold_today":null,"sales_last_days":null,"reserved_stock":null,"customer_returns":null,"warehouse_damage":null,"lost_in_post":null,"other_logs":null,"out_stock_days":null,"lost_sales":null,"has_location":null,"update_date":null,"atum_locations":[],"atum_stock_status":"instock","restock_status":false,"low_stock_amount":10,"sales_update_date":null,"calc_backorders":null,"_links":{"self":[{"href":"https:\/\/nownow.gallery\/de\/wp-json\/wp\/v2\/product\/18620","targetHints":{"allow":["GET"]}}],"collection":[{"href":"https:\/\/nownow.gallery\/de\/wp-json\/wp\/v2\/product"}],"about":[{"href":"https:\/\/nownow.gallery\/de\/wp-json\/wp\/v2\/types\/product"}],"replies":[{"embeddable":true,"href":"https:\/\/nownow.gallery\/de\/wp-json\/wp\/v2\/comments?post=18620"}],"wp:featuredmedia":[{"embeddable":true,"href":"https:\/\/nownow.gallery\/de\/wp-json\/wp\/v2\/media\/18652"}],"wp:attachment":[{"href":"https:\/\/nownow.gallery\/de\/wp-json\/wp\/v2\/media?parent=18620"}],"wp:term":[{"taxonomy":"product_brand","embeddable":true,"href":"https:\/\/nownow.gallery\/de\/wp-json\/wp\/v2\/product_brand?post=18620"},{"taxonomy":"product_cat","embeddable":true,"href":"https:\/\/nownow.gallery\/de\/wp-json\/wp\/v2\/product_cat?post=18620"},{"taxonomy":"product_tag","embeddable":true,"href":"https:\/\/nownow.gallery\/de\/wp-json\/wp\/v2\/product_tag?post=18620"}],"curies":[{"name":"wp","href":"https:\/\/api.w.org\/{rel}","templated":true}]}}