{"id":18329,"date":"2024-10-28T19:28:06","date_gmt":"2024-10-28T18:28:06","guid":{"rendered":"https:\/\/nownow.gallery\/?post_type=product&#038;p=18329"},"modified":"2025-02-04T10:05:12","modified_gmt":"2025-02-04T09:05:12","slug":"sandduenen","status":"publish","type":"product","link":"https:\/\/nownow.gallery\/de\/shop\/reisen\/sandduenen\/","title":{"rendered":"Sandd\u00fcnen"},"content":{"rendered":"<h3>Weit weg vom Wahnsinn<\/h3>\n<p>Ende 2022 wurde ich von Leica zusammen mit vier anderen internationalen Fotografen nach Dubai eingeladen, um ein fotografisches Portr\u00e4t dieses modernen Babylons in der W\u00fcste zu erstellen. Nat\u00fcrlich war ich beeindruckt von der gewaltigen Architektur, die in Rekordzeit errichtet worden war. Aber die obsz\u00f6ne Zurschaustellung von Luxus und das entkoppelte Leben in vollklimatisierten R\u00e4umen hat mich auch verunsichert. Ein Tag und eine Nacht in der nahe gelegenen Al Marmoom-W\u00fcste brachten mich jedoch wieder zur Ruhe. Die Natur hat eine heilende Pr\u00e4senz und ich war weit weg von all dem vom Menschen verursachten Wahnsinn. Dieses Bild habe ich damals mit meiner Mamiya 7 auf Film aufgenommen.<\/p>\n","protected":false},"excerpt":{"rendered":"<p>2022, Travel, Sandd\u00fcnen, Dubai, Sand, unendlich, W\u00fcste, Christian Werner<\/p>\n","protected":false},"featured_media":18359,"comment_status":"closed","ping_status":"closed","template":"","meta":{"iawp_total_views":2},"product_brand":[],"product_cat":[489],"product_tag":[887,669,888,667],"class_list":{"0":"post-18329","1":"product","2":"type-product","3":"status-publish","4":"has-post-thumbnail","6":"product_cat-reisen","7":"product_tag-dubai-de","8":"product_tag-sand-de","9":"product_tag-unendlich","10":"product_tag-wuste","12":"first","13":"instock","14":"featured","15":"taxable","16":"shipping-taxable","17":"purchasable","18":"product-type-variable","19":"has-default-attributes"},"supplier_id":null,"supplier_sku":"","barcode":null,"atum_controlled":true,"out_stock_date":null,"out_stock_threshold":null,"inheritable":false,"inbound_stock":null,"stock_on_hold":null,"sold_today":null,"sales_last_days":null,"reserved_stock":null,"customer_returns":null,"warehouse_damage":null,"lost_in_post":null,"other_logs":null,"out_stock_days":null,"lost_sales":null,"has_location":null,"update_date":null,"atum_locations":[],"atum_stock_status":"instock","restock_status":false,"low_stock_amount":10,"sales_update_date":null,"calc_backorders":null,"_links":{"self":[{"href":"https:\/\/nownow.gallery\/de\/wp-json\/wp\/v2\/product\/18329","targetHints":{"allow":["GET"]}}],"collection":[{"href":"https:\/\/nownow.gallery\/de\/wp-json\/wp\/v2\/product"}],"about":[{"href":"https:\/\/nownow.gallery\/de\/wp-json\/wp\/v2\/types\/product"}],"replies":[{"embeddable":true,"href":"https:\/\/nownow.gallery\/de\/wp-json\/wp\/v2\/comments?post=18329"}],"wp:featuredmedia":[{"embeddable":true,"href":"https:\/\/nownow.gallery\/de\/wp-json\/wp\/v2\/media\/18359"}],"wp:attachment":[{"href":"https:\/\/nownow.gallery\/de\/wp-json\/wp\/v2\/media?parent=18329"}],"wp:term":[{"taxonomy":"product_brand","embeddable":true,"href":"https:\/\/nownow.gallery\/de\/wp-json\/wp\/v2\/product_brand?post=18329"},{"taxonomy":"product_cat","embeddable":true,"href":"https:\/\/nownow.gallery\/de\/wp-json\/wp\/v2\/product_cat?post=18329"},{"taxonomy":"product_tag","embeddable":true,"href":"https:\/\/nownow.gallery\/de\/wp-json\/wp\/v2\/product_tag?post=18329"}],"curies":[{"name":"wp","href":"https:\/\/api.w.org\/{rel}","templated":true}]}}