{"id":18034,"date":"2024-10-10T17:15:49","date_gmt":"2024-10-10T15:15:49","guid":{"rendered":"https:\/\/nownow.gallery\/?post_type=product&#038;p=18034"},"modified":"2025-02-05T09:29:20","modified_gmt":"2025-02-05T08:29:20","slug":"nackterhintern","status":"publish","type":"product","link":"https:\/\/nownow.gallery\/de\/shop\/die-menschliche-erfahrung\/nackterhintern\/","title":{"rendered":"Fresh Air"},"content":{"rendered":"<h3>Schottische Hintern<\/h3>\n<p>Ich interessiere mich \u00fcberhaupt nicht f\u00fcr Fu\u00dfball, auch nicht wenn gr\u00f6\u00dfere Turniere stattfinden, wie etwa die Europameisterschaft 2024 in Deutschland. Damals war ich im Stadtzentrum von M\u00fcnchen unterwegs, um ein paar Besorgungen zu machen, und kam am zentralen Platz &#8211; dem Marienplatz &#8211; vorbei, der voll mit schottischen Fans war. Die schottische und die deutsche Mannschaft standen kurz vor dem Er\u00f6ffnungsspiel. Ich ging sofort nach Hause, um meine Kamera zu holen und verbrachte gut zwei Stunden auf dem Marienplatz, um Portr\u00e4ts der Fans zu schie\u00dfen. Ich bin zur H\u00e4lfte Schotte und liebe einfach die Menschen von dort. Dieses Foto machte ich nur, um zu pr\u00fcfen, ob sie wirklich unter dem Kilt nichts tragen.<\/p>\n","protected":false},"excerpt":{"rendered":"<p>The Human Experience, Fresh Air, Arsch, Deutschland, Fu\u00dfball, nackt, schottisch, Roderick Aichinger<\/p>\n","protected":false},"featured_media":18052,"comment_status":"closed","ping_status":"closed","template":"","meta":{"iawp_total_views":383},"product_brand":[],"product_cat":[519],"product_tag":[860,844,870,598,871],"class_list":{"0":"post-18034","1":"product","2":"type-product","3":"status-publish","4":"has-post-thumbnail","6":"product_cat-die-menschliche-erfahrung","7":"product_tag-arsch","8":"product_tag-deutschland","9":"product_tag-fusball","10":"product_tag-nackt","11":"product_tag-schottisch","13":"first","14":"instock","15":"featured","16":"taxable","17":"shipping-taxable","18":"purchasable","19":"product-type-variable","20":"has-default-attributes"},"supplier_id":null,"supplier_sku":"","barcode":null,"atum_controlled":true,"out_stock_date":null,"out_stock_threshold":null,"inheritable":false,"inbound_stock":null,"stock_on_hold":null,"sold_today":null,"sales_last_days":null,"reserved_stock":null,"customer_returns":null,"warehouse_damage":null,"lost_in_post":null,"other_logs":null,"out_stock_days":null,"lost_sales":null,"has_location":null,"update_date":null,"atum_locations":[],"atum_stock_status":"instock","restock_status":false,"low_stock_amount":10,"sales_update_date":null,"calc_backorders":null,"_links":{"self":[{"href":"https:\/\/nownow.gallery\/de\/wp-json\/wp\/v2\/product\/18034","targetHints":{"allow":["GET"]}}],"collection":[{"href":"https:\/\/nownow.gallery\/de\/wp-json\/wp\/v2\/product"}],"about":[{"href":"https:\/\/nownow.gallery\/de\/wp-json\/wp\/v2\/types\/product"}],"replies":[{"embeddable":true,"href":"https:\/\/nownow.gallery\/de\/wp-json\/wp\/v2\/comments?post=18034"}],"wp:featuredmedia":[{"embeddable":true,"href":"https:\/\/nownow.gallery\/de\/wp-json\/wp\/v2\/media\/18052"}],"wp:attachment":[{"href":"https:\/\/nownow.gallery\/de\/wp-json\/wp\/v2\/media?parent=18034"}],"wp:term":[{"taxonomy":"product_brand","embeddable":true,"href":"https:\/\/nownow.gallery\/de\/wp-json\/wp\/v2\/product_brand?post=18034"},{"taxonomy":"product_cat","embeddable":true,"href":"https:\/\/nownow.gallery\/de\/wp-json\/wp\/v2\/product_cat?post=18034"},{"taxonomy":"product_tag","embeddable":true,"href":"https:\/\/nownow.gallery\/de\/wp-json\/wp\/v2\/product_tag?post=18034"}],"curies":[{"name":"wp","href":"https:\/\/api.w.org\/{rel}","templated":true}]}}