{"id":17929,"date":"2024-10-10T17:00:36","date_gmt":"2024-10-10T15:00:36","guid":{"rendered":"https:\/\/nownow.gallery\/?post_type=product&#038;p=17929"},"modified":"2025-04-22T10:06:53","modified_gmt":"2025-04-22T08:06:53","slug":"modernekleopatra","status":"publish","type":"product","link":"https:\/\/nownow.gallery\/de\/shop\/die-menschliche-erfahrung\/modernekleopatra\/","title":{"rendered":"Strange Living Bath"},"content":{"rendered":"<h3>Kleopatra badet in Milch<\/h3>\n<p>Als ich in Brooklyn wohnte, habe ich eine Serie von Bildern aufgenommen, die ich <em>Strange Living<\/em> nannte. Es waren Bilder, die ich mir buchst\u00e4blich ertr\u00e4umt habe. Dieses Bild ist offensichtlich von Kleopatra beeinflusst, die angeblich regelm\u00e4\u00dfig in Milch gebadet haben soll. Ich habe es im Badezimmer unserer 65 m2 gro\u00dfen Brownstone-Wohnung in BedStuy aufgenommen. Es gab dort ein gro\u00dfes Oberlicht, das den Raum mit diffusem Licht flutete. Meine Kleopatra badet oder besser gesagt kniet in mit Babymilchpulver vermischtem Wasser, mit dem die Wanne bis zum Rand gef\u00fcllt habe. In New York sind die meisten Badewannen in \u00e4lteren Geb\u00e4uden sehr flach, um Wasser zu sparen \u2013 was den seltsamen Effekt des Bildes noch verst\u00e4rkt.<\/p>\n","protected":false},"excerpt":{"rendered":"<p>The Human Experience, Strange Living Bath, Bad, Badezimmer, nackt, wei\u00df, zur\u00fcck, Roderick Aichinger<\/p>\n","protected":false},"featured_media":17959,"comment_status":"closed","ping_status":"closed","template":"","meta":{"iawp_total_views":35},"product_brand":[],"product_cat":[519],"product_tag":[865,866,598,867,680],"class_list":{"0":"post-17929","1":"product","2":"type-product","3":"status-publish","4":"has-post-thumbnail","6":"product_cat-die-menschliche-erfahrung","7":"product_tag-bad","8":"product_tag-badezimmer","9":"product_tag-nackt","10":"product_tag-weis","11":"product_tag-zuruck","13":"first","14":"instock","15":"featured","16":"taxable","17":"shipping-taxable","18":"purchasable","19":"product-type-variable","20":"has-default-attributes"},"supplier_id":null,"supplier_sku":"","barcode":null,"atum_controlled":true,"out_stock_date":null,"out_stock_threshold":null,"inheritable":false,"inbound_stock":null,"stock_on_hold":0,"sold_today":0,"sales_last_days":1,"reserved_stock":null,"customer_returns":null,"warehouse_damage":null,"lost_in_post":null,"other_logs":null,"out_stock_days":null,"lost_sales":0,"has_location":null,"update_date":"2025-01-17T14:20:35","atum_locations":[],"atum_stock_status":"instock","restock_status":false,"low_stock_amount":10,"sales_update_date":null,"calc_backorders":null,"_links":{"self":[{"href":"https:\/\/nownow.gallery\/de\/wp-json\/wp\/v2\/product\/17929","targetHints":{"allow":["GET"]}}],"collection":[{"href":"https:\/\/nownow.gallery\/de\/wp-json\/wp\/v2\/product"}],"about":[{"href":"https:\/\/nownow.gallery\/de\/wp-json\/wp\/v2\/types\/product"}],"replies":[{"embeddable":true,"href":"https:\/\/nownow.gallery\/de\/wp-json\/wp\/v2\/comments?post=17929"}],"wp:featuredmedia":[{"embeddable":true,"href":"https:\/\/nownow.gallery\/de\/wp-json\/wp\/v2\/media\/17959"}],"wp:attachment":[{"href":"https:\/\/nownow.gallery\/de\/wp-json\/wp\/v2\/media?parent=17929"}],"wp:term":[{"taxonomy":"product_brand","embeddable":true,"href":"https:\/\/nownow.gallery\/de\/wp-json\/wp\/v2\/product_brand?post=17929"},{"taxonomy":"product_cat","embeddable":true,"href":"https:\/\/nownow.gallery\/de\/wp-json\/wp\/v2\/product_cat?post=17929"},{"taxonomy":"product_tag","embeddable":true,"href":"https:\/\/nownow.gallery\/de\/wp-json\/wp\/v2\/product_tag?post=17929"}],"curies":[{"name":"wp","href":"https:\/\/api.w.org\/{rel}","templated":true}]}}