{"id":17568,"date":"2024-10-10T16:34:30","date_gmt":"2024-10-10T14:34:30","guid":{"rendered":"https:\/\/nownow.gallery\/?post_type=product&#038;p=17568"},"modified":"2025-02-10T09:31:11","modified_gmt":"2025-02-10T08:31:11","slug":"begegnungderdrittenart","status":"publish","type":"product","link":"https:\/\/nownow.gallery\/de\/shop\/schwarz-weis\/begegnungderdrittenart\/","title":{"rendered":"Juicy Salif Pissing"},"content":{"rendered":"<h3>Begegnung der dritten Art<\/h3>\n<p>Der &#8222;Juicy Salif&#8220; von Philippe Starck ist die sch\u00f6nste Zitronenpresse aller Zeiten. Mir erscheint sie wie ein au\u00dferirdischer, lebenden Organismus, der \u00fcber meine K\u00fcche herrscht. Ich wollte sie immer im Studio fotografieren und dabei ist dieses Bild entstanden.<\/p>\n","protected":false},"excerpt":{"rendered":"<p>Black\/White, Juicy Salif Pissing, Lebensmittel, Pissen, Saftig, Salif, Schwarz und Wei\u00df, Annika Weertz<\/p>\n","protected":false},"featured_media":17598,"comment_status":"closed","ping_status":"closed","template":"","meta":{"iawp_total_views":3},"product_brand":[],"product_cat":[629],"product_tag":[579,853,851,852,576],"class_list":{"0":"post-17568","1":"product","2":"type-product","3":"status-publish","4":"has-post-thumbnail","6":"product_cat-schwarz-weis","7":"product_tag-lebensmittel","8":"product_tag-pissen","9":"product_tag-saftig","10":"product_tag-salif-de","11":"product_tag-schwarz-und-weis","13":"first","14":"instock","15":"featured","16":"taxable","17":"shipping-taxable","18":"purchasable","19":"product-type-variable","20":"has-default-attributes"},"supplier_id":null,"supplier_sku":"","barcode":null,"atum_controlled":true,"out_stock_date":null,"out_stock_threshold":null,"inheritable":false,"inbound_stock":null,"stock_on_hold":null,"sold_today":null,"sales_last_days":null,"reserved_stock":null,"customer_returns":null,"warehouse_damage":null,"lost_in_post":null,"other_logs":null,"out_stock_days":null,"lost_sales":null,"has_location":null,"update_date":null,"atum_locations":[],"atum_stock_status":"instock","restock_status":false,"low_stock_amount":10,"sales_update_date":null,"calc_backorders":null,"_links":{"self":[{"href":"https:\/\/nownow.gallery\/de\/wp-json\/wp\/v2\/product\/17568","targetHints":{"allow":["GET"]}}],"collection":[{"href":"https:\/\/nownow.gallery\/de\/wp-json\/wp\/v2\/product"}],"about":[{"href":"https:\/\/nownow.gallery\/de\/wp-json\/wp\/v2\/types\/product"}],"replies":[{"embeddable":true,"href":"https:\/\/nownow.gallery\/de\/wp-json\/wp\/v2\/comments?post=17568"}],"wp:featuredmedia":[{"embeddable":true,"href":"https:\/\/nownow.gallery\/de\/wp-json\/wp\/v2\/media\/17598"}],"wp:attachment":[{"href":"https:\/\/nownow.gallery\/de\/wp-json\/wp\/v2\/media?parent=17568"}],"wp:term":[{"taxonomy":"product_brand","embeddable":true,"href":"https:\/\/nownow.gallery\/de\/wp-json\/wp\/v2\/product_brand?post=17568"},{"taxonomy":"product_cat","embeddable":true,"href":"https:\/\/nownow.gallery\/de\/wp-json\/wp\/v2\/product_cat?post=17568"},{"taxonomy":"product_tag","embeddable":true,"href":"https:\/\/nownow.gallery\/de\/wp-json\/wp\/v2\/product_tag?post=17568"}],"curies":[{"name":"wp","href":"https:\/\/api.w.org\/{rel}","templated":true}]}}