{"id":17409,"date":"2024-09-05T10:44:18","date_gmt":"2024-09-05T08:44:18","guid":{"rendered":"https:\/\/nownow.gallery\/?post_type=product&#038;p=17409"},"modified":"2025-02-10T09:37:33","modified_gmt":"2025-02-10T08:37:33","slug":"kubanische-melancholie","status":"publish","type":"product","link":"https:\/\/nownow.gallery\/de\/shop\/reisen\/kubanische-melancholie\/","title":{"rendered":"Havanna 5"},"content":{"rendered":"<h3>Kubanische Melancholie<\/h3>\n<p>Ich habe eine enge Verbindung zu Kuba, war schon mehrmals dort und habe ein Jahr lang in Havanna studiert. Mit meinen Bildern m\u00f6chte ich meine Erinnerungen an meine Zeit in der Stadt bewahren und eine bestimmte Stimmung unter der Oberfl\u00e4che einfangen. Die Karibik wird immer mit Fr\u00f6hlichkeit und guter Laune assoziiert. Nat\u00fcrlich habe ich das auch schon erlebt, zum Beispiel, wenn ich in Sammeltaxis oder Privatwagen unterwegs bin, die man einfach heranwinken kann und die dann viele Leute mitnehmen. Sie sind vollgestopft mit Eink\u00e4ufen, und die Passagiere unterhalten sich angeregt, w\u00e4hrend Salsa in angemessener Lautst\u00e4rke gespielt wird. Doch hinter diesem \u00dcberschwang verbirgt sich eine Melancholie, die ebenso zu Kuba geh\u00f6rt. Mit meinen Bildern m\u00f6chte ich dieses Gef\u00fchl einer gewissen Abgeschiedenheit, Melancholie, Sehnsucht und das au\u00dfergew\u00f6hnliche Licht Havannas einfangen.<\/p>\n","protected":false},"excerpt":{"rendered":"<p>Travel, Havanna 5, Auto, Kuba, lada?, Alina Simmelbauer<\/p>\n","protected":false},"featured_media":17439,"comment_status":"closed","ping_status":"closed","template":"","meta":{"iawp_total_views":6},"product_brand":[],"product_cat":[489],"product_tag":[500,477,826],"class_list":{"0":"post-17409","1":"product","2":"type-product","3":"status-publish","4":"has-post-thumbnail","6":"product_cat-reisen","7":"product_tag-auto","8":"product_tag-kuba","9":"product_tag-lada-de","11":"first","12":"instock","13":"featured","14":"taxable","15":"shipping-taxable","16":"purchasable","17":"product-type-variable","18":"has-default-attributes"},"supplier_id":null,"supplier_sku":"","barcode":null,"atum_controlled":true,"out_stock_date":null,"out_stock_threshold":null,"inheritable":true,"inbound_stock":null,"stock_on_hold":null,"sold_today":null,"sales_last_days":null,"reserved_stock":null,"customer_returns":null,"warehouse_damage":null,"lost_in_post":null,"other_logs":null,"out_stock_days":null,"lost_sales":null,"has_location":false,"update_date":"2025-06-02T16:03:05","atum_locations":[],"atum_stock_status":"instock","restock_status":false,"low_stock_amount":10,"sales_update_date":null,"calc_backorders":null,"_links":{"self":[{"href":"https:\/\/nownow.gallery\/de\/wp-json\/wp\/v2\/product\/17409","targetHints":{"allow":["GET"]}}],"collection":[{"href":"https:\/\/nownow.gallery\/de\/wp-json\/wp\/v2\/product"}],"about":[{"href":"https:\/\/nownow.gallery\/de\/wp-json\/wp\/v2\/types\/product"}],"replies":[{"embeddable":true,"href":"https:\/\/nownow.gallery\/de\/wp-json\/wp\/v2\/comments?post=17409"}],"wp:featuredmedia":[{"embeddable":true,"href":"https:\/\/nownow.gallery\/de\/wp-json\/wp\/v2\/media\/17439"}],"wp:attachment":[{"href":"https:\/\/nownow.gallery\/de\/wp-json\/wp\/v2\/media?parent=17409"}],"wp:term":[{"taxonomy":"product_brand","embeddable":true,"href":"https:\/\/nownow.gallery\/de\/wp-json\/wp\/v2\/product_brand?post=17409"},{"taxonomy":"product_cat","embeddable":true,"href":"https:\/\/nownow.gallery\/de\/wp-json\/wp\/v2\/product_cat?post=17409"},{"taxonomy":"product_tag","embeddable":true,"href":"https:\/\/nownow.gallery\/de\/wp-json\/wp\/v2\/product_tag?post=17409"}],"curies":[{"name":"wp","href":"https:\/\/api.w.org\/{rel}","templated":true}]}}