{"id":15382,"date":"2024-05-28T17:06:18","date_gmt":"2024-05-28T15:06:18","guid":{"rendered":"https:\/\/nownow.gallery\/?post_type=product&#038;p=15382"},"modified":"2025-04-22T09:17:42","modified_gmt":"2025-04-22T07:17:42","slug":"sonnenuntergang-manhattan","status":"publish","type":"product","link":"https:\/\/nownow.gallery\/de\/shop\/stadt\/sonnenuntergang-manhattan\/","title":{"rendered":"Sunset From Bushwick"},"content":{"rendered":"<h3>Orte der Ruhe in der Megacity<\/h3>\n<p>Das ist der Blick von meiner ehemaligen Dachterrasse in Bushwick. Mein ewiger Lieblingsplatz. Ich war oft dort oben, um die Aussicht zu genie\u00dfen, in der Sonne zu chillen, Yoga zu machen, M\u00fcsli zum Fr\u00fchst\u00fcck zu essen, Fotoshootings zu produzieren, das Wetter zu sp\u00fcren, Sonnenunterg\u00e4nge bei einem Feierabendbier zu beobachten, nachts Sternschnuppen und vorbeiziehende Flugzeuge zu z\u00e4hlen, Picknicks und Grillpartys zu veranstalten oder eine Party zu schmei\u00dfen. Das Bild macht mich nostalgisch, denn ich habe es aufgenommen, als ich das letzte Mal dort war, w\u00e4hrend meines letzten Sommers in New York. Ich erinnere mich an die Dachterrassen von Brooklyn. Kleine Oasen der Ruhe, R\u00fcckzugsorte von der Hektik der Stadt und hippe Partylocations im Sommer.<\/p>\n","protected":false},"excerpt":{"rendered":"<p>2017, City, Sunset From Bushwick, Brooklyn, New York, Skyline, Sonnenuntergang, Stadt, Stadtbild, Louisa Marie Summer<\/p>\n","protected":false},"featured_media":15400,"comment_status":"closed","ping_status":"closed","template":"","meta":{"iawp_total_views":11},"product_brand":[],"product_cat":[497],"product_tag":[813,737,814,493,513,509],"class_list":{"0":"post-15382","1":"product","2":"type-product","3":"status-publish","4":"has-post-thumbnail","6":"product_cat-stadt","7":"product_tag-brooklyn-de","8":"product_tag-new-york-de","9":"product_tag-skyline-de","10":"product_tag-sonnenuntergang","11":"product_tag-stadt","12":"product_tag-stadtbild","14":"first","15":"instock","16":"featured","17":"taxable","18":"shipping-taxable","19":"purchasable","20":"product-type-variable"},"supplier_id":null,"supplier_sku":"","barcode":null,"atum_controlled":true,"out_stock_date":null,"out_stock_threshold":null,"inheritable":true,"inbound_stock":null,"stock_on_hold":null,"sold_today":null,"sales_last_days":null,"reserved_stock":null,"customer_returns":null,"warehouse_damage":null,"lost_in_post":null,"other_logs":null,"out_stock_days":null,"lost_sales":null,"has_location":false,"update_date":"2024-12-06T07:27:55","atum_locations":[],"atum_stock_status":"instock","restock_status":false,"low_stock_amount":10,"sales_update_date":null,"calc_backorders":null,"_links":{"self":[{"href":"https:\/\/nownow.gallery\/de\/wp-json\/wp\/v2\/product\/15382","targetHints":{"allow":["GET"]}}],"collection":[{"href":"https:\/\/nownow.gallery\/de\/wp-json\/wp\/v2\/product"}],"about":[{"href":"https:\/\/nownow.gallery\/de\/wp-json\/wp\/v2\/types\/product"}],"replies":[{"embeddable":true,"href":"https:\/\/nownow.gallery\/de\/wp-json\/wp\/v2\/comments?post=15382"}],"wp:featuredmedia":[{"embeddable":true,"href":"https:\/\/nownow.gallery\/de\/wp-json\/wp\/v2\/media\/15400"}],"wp:attachment":[{"href":"https:\/\/nownow.gallery\/de\/wp-json\/wp\/v2\/media?parent=15382"}],"wp:term":[{"taxonomy":"product_brand","embeddable":true,"href":"https:\/\/nownow.gallery\/de\/wp-json\/wp\/v2\/product_brand?post=15382"},{"taxonomy":"product_cat","embeddable":true,"href":"https:\/\/nownow.gallery\/de\/wp-json\/wp\/v2\/product_cat?post=15382"},{"taxonomy":"product_tag","embeddable":true,"href":"https:\/\/nownow.gallery\/de\/wp-json\/wp\/v2\/product_tag?post=15382"}],"curies":[{"name":"wp","href":"https:\/\/api.w.org\/{rel}","templated":true}]}}