{"id":12729,"date":"2024-05-07T11:23:18","date_gmt":"2024-05-07T09:23:18","guid":{"rendered":"https:\/\/nownow.gallery\/?post_type=product&#038;p=12729"},"modified":"2025-01-09T08:48:30","modified_gmt":"2025-01-09T07:48:30","slug":"hauptprodukt-fur-s-m-l-xl-kopie-kopie-kopie-copy-copy-2","status":"publish","type":"product","link":"https:\/\/nownow.gallery\/de\/shop\/traume\/hauptprodukt-fur-s-m-l-xl-kopie-kopie-kopie-copy-copy-2\/","title":{"rendered":"Miami 1"},"content":{"rendered":"<h3>Eine bizarre Skulptur<\/h3>\n<p>Wenn ich an einem Ort bin, bewege ich mich mit meiner Kamera. Ich nutze sie, um Landschaften und St\u00e4dte wie Miami zu erkunden. Ich ging durch ein Viertel, als ich dieses Objekt bemerkte. Zuerst konnte ich nicht erkennen, was es war. Dieses Ding sah bizarr aus am Stra\u00dfenrand. Ah, ein verpacktes Auto. Dann wurde ich sofort neugierig, wie das Fahrzeug ohne die Plane aussah. Welches Modell ist es? Aber leider wei\u00df ich es nicht, weil ich die Plane nicht einfach abziehen konnte. Es bleibt ein R\u00e4tsel, ein Objekt f\u00fcr Spekulationen.         <\/p>\n","protected":false},"excerpt":{"rendered":"<p>Eine bizarre Skulptur Wenn ich an einem Ort bin, bewege ich mich mit meiner Kamera. Ich nutze sie, um Landschaften und St\u00e4dte wie Miami zu erkunden. Ich ging durch ein Viertel, als ich dieses Objekt bemerkte. Zuerst konnte ich nicht erkennen, was es war. Dieses Ding sah bizarr aus am Stra\u00dfenrand. Ah, ein verpacktes Auto. [&hellip;]<\/p>\n","protected":false},"featured_media":15581,"comment_status":"closed","ping_status":"closed","template":"","meta":{"iawp_total_views":17},"product_brand":[],"product_cat":[497,460],"product_tag":[514,500,517,516,515,503,513,484,518],"class_list":{"0":"post-12729","1":"product","2":"type-product","3":"status-publish","4":"has-post-thumbnail","6":"product_cat-stadt","7":"product_cat-traume","8":"product_tag-amerikanisch","9":"product_tag-auto","10":"product_tag-garage-de","11":"product_tag-kreuzfahrt","12":"product_tag-lebensstil","13":"product_tag-miami-de","14":"product_tag-stadt","15":"product_tag-usa-de","16":"product_tag-zuhause","18":"first","19":"instock","20":"featured","21":"taxable","22":"shipping-taxable","23":"purchasable","24":"product-type-variable"},"supplier_id":null,"supplier_sku":"","barcode":null,"atum_controlled":true,"out_stock_date":null,"out_stock_threshold":null,"inheritable":true,"inbound_stock":null,"stock_on_hold":null,"sold_today":null,"sales_last_days":null,"reserved_stock":null,"customer_returns":null,"warehouse_damage":null,"lost_in_post":null,"other_logs":null,"out_stock_days":null,"lost_sales":null,"has_location":false,"update_date":"2025-01-09T07:48:23","atum_locations":[],"atum_stock_status":"instock","restock_status":false,"low_stock_amount":10,"sales_update_date":null,"calc_backorders":null,"_links":{"self":[{"href":"https:\/\/nownow.gallery\/de\/wp-json\/wp\/v2\/product\/12729","targetHints":{"allow":["GET"]}}],"collection":[{"href":"https:\/\/nownow.gallery\/de\/wp-json\/wp\/v2\/product"}],"about":[{"href":"https:\/\/nownow.gallery\/de\/wp-json\/wp\/v2\/types\/product"}],"replies":[{"embeddable":true,"href":"https:\/\/nownow.gallery\/de\/wp-json\/wp\/v2\/comments?post=12729"}],"wp:featuredmedia":[{"embeddable":true,"href":"https:\/\/nownow.gallery\/de\/wp-json\/wp\/v2\/media\/15581"}],"wp:attachment":[{"href":"https:\/\/nownow.gallery\/de\/wp-json\/wp\/v2\/media?parent=12729"}],"wp:term":[{"taxonomy":"product_brand","embeddable":true,"href":"https:\/\/nownow.gallery\/de\/wp-json\/wp\/v2\/product_brand?post=12729"},{"taxonomy":"product_cat","embeddable":true,"href":"https:\/\/nownow.gallery\/de\/wp-json\/wp\/v2\/product_cat?post=12729"},{"taxonomy":"product_tag","embeddable":true,"href":"https:\/\/nownow.gallery\/de\/wp-json\/wp\/v2\/product_tag?post=12729"}],"curies":[{"name":"wp","href":"https:\/\/api.w.org\/{rel}","templated":true}]}}