{"id":12004,"date":"2023-12-22T11:29:28","date_gmt":"2023-12-22T10:29:28","guid":{"rendered":"https:\/\/nownow.gallery\/shop\/unkategorisiert\/chanel-cheddar\/"},"modified":"2025-04-11T10:16:33","modified_gmt":"2025-04-11T08:16:33","slug":"chanel-cheddar","status":"publish","type":"product","link":"https:\/\/nownow.gallery\/de\/shop\/essen-liebe\/chanel-cheddar\/","title":{"rendered":"Chanel Cheddar"},"content":{"rendered":"<h3 style=\"text-align: left;\">Chanel und Cheddar. Frankreich und England<\/h3>\n<p>Ich wurde beauftragt, D\u00fcfte f\u00fcr <em>GQ<\/em> zu fotografieren. Intuitiv baute ich eine Skulptur aus Cheddar-K\u00e4se, weil dessen Farbe und pr\u00e4zise Form zu dem schlichten Flakon des Chanel-Dufts Paris-\u00c9dimbourg passte. Ich habe das Bild in Paris aufgenommen, der Heimat von Chanel. Puristen h\u00e4tten vielleicht einen franz\u00f6sischen K\u00e4se gew\u00e4hlt, zum Beispiel einen Comt\u00e9. Aber f\u00fcr mich geben sich auf diesem Bild zwei Kulturen die Hand. Chanel und Cheddar. Frankreich und England.<\/p>\n","protected":false},"excerpt":{"rendered":"<p>2021, Food Love, Chanel Cheddar, Frankreich, K\u00e4se, Lebensmittel, Parf\u00fcm, Paris, Stephanie F\u00fcssenich<\/p>\n","protected":false},"featured_media":9173,"comment_status":"closed","ping_status":"closed","template":"","meta":{"iawp_total_views":22},"product_brand":[],"product_cat":[467],"product_tag":[712,753,579,754,628],"class_list":{"0":"post-12004","1":"product","2":"type-product","3":"status-publish","4":"has-post-thumbnail","6":"product_cat-essen-liebe","7":"product_tag-frankreich","8":"product_tag-kase","9":"product_tag-lebensmittel","10":"product_tag-parfum","11":"product_tag-paris-de","13":"first","14":"instock","15":"featured","16":"taxable","17":"shipping-taxable","18":"purchasable","19":"product-type-variable"},"supplier_id":null,"supplier_sku":"","barcode":null,"atum_controlled":true,"out_stock_date":null,"out_stock_threshold":null,"inheritable":true,"inbound_stock":null,"stock_on_hold":0,"sold_today":0,"sales_last_days":0,"reserved_stock":null,"customer_returns":null,"warehouse_damage":null,"lost_in_post":null,"other_logs":null,"out_stock_days":0,"lost_sales":0,"has_location":false,"update_date":"2025-02-03T07:55:09","atum_locations":[],"atum_stock_status":"instock","restock_status":false,"low_stock_amount":"","sales_update_date":"2024-11-21T00:01:16","calc_backorders":null,"_links":{"self":[{"href":"https:\/\/nownow.gallery\/de\/wp-json\/wp\/v2\/product\/12004","targetHints":{"allow":["GET"]}}],"collection":[{"href":"https:\/\/nownow.gallery\/de\/wp-json\/wp\/v2\/product"}],"about":[{"href":"https:\/\/nownow.gallery\/de\/wp-json\/wp\/v2\/types\/product"}],"replies":[{"embeddable":true,"href":"https:\/\/nownow.gallery\/de\/wp-json\/wp\/v2\/comments?post=12004"}],"wp:featuredmedia":[{"embeddable":true,"href":"https:\/\/nownow.gallery\/de\/wp-json\/wp\/v2\/media\/9173"}],"wp:attachment":[{"href":"https:\/\/nownow.gallery\/de\/wp-json\/wp\/v2\/media?parent=12004"}],"wp:term":[{"taxonomy":"product_brand","embeddable":true,"href":"https:\/\/nownow.gallery\/de\/wp-json\/wp\/v2\/product_brand?post=12004"},{"taxonomy":"product_cat","embeddable":true,"href":"https:\/\/nownow.gallery\/de\/wp-json\/wp\/v2\/product_cat?post=12004"},{"taxonomy":"product_tag","embeddable":true,"href":"https:\/\/nownow.gallery\/de\/wp-json\/wp\/v2\/product_tag?post=12004"}],"curies":[{"name":"wp","href":"https:\/\/api.w.org\/{rel}","templated":true}]}}