{"id":11977,"date":"2024-04-02T14:39:39","date_gmt":"2024-04-02T12:39:39","guid":{"rendered":"https:\/\/nownow.gallery\/shop\/unkategorisiert\/die-heimat-einer-nation\/"},"modified":"2025-04-02T08:49:20","modified_gmt":"2025-04-02T06:49:20","slug":"ameisenbaum","status":"publish","type":"product","link":"https:\/\/nownow.gallery\/de\/shop\/natur-liebe\/die-heimat-einer-nation\/","title":{"rendered":"Home Of A Nation"},"content":{"rendered":"<h3>Der Ameisenbaum<\/h3>\n<p>Dieses Bild zeigt den Emba\u00faba-Baum (Ameisenbaum) im Itatiaia-Nationalpark im Bundesstaat Rio de Janeiro. Ameisenb\u00e4ume sind im Dschungel weit verbreitet und k\u00f6nnen an der einzigartigen Form ihrer Bl\u00e4tter erkannt werden. Sie leben in Symbiose mit Ameisenkolonien, die sie als Lebensraum nutzen. Im Gegenzug verteidigen die Insekten die B\u00e4ume gegen Fressfeinde. Der Baum auf dem Foto befindet sich in der Mata Atl\u00e2ntica &#8211; dem Atlantischen Regenwald. Er ist genauso aufregend wie der Amazonas und steht ihm in puncto Artenvielfalt in nichts nach. Leider ist er vom Aussterben bedroht. Mehr als achtzig Prozent der B\u00e4ume in dieser UNESCO-Welterbest\u00e4tte sind durch den Klimawandel, die Landwirtschaft und die Urbanisierung verloren gegangen.<\/p>\n","protected":false},"excerpt":{"rendered":"<p>2021, Nature Love, Party Time, Home Of A Nation, B\u00e4ume, Brasilien, Dschungel, Regen, Regenwald, Kristin Bethge<\/p>\n","protected":false},"featured_media":9153,"comment_status":"closed","ping_status":"closed","template":"","meta":{"iawp_total_views":8},"product_brand":[],"product_cat":[461,474],"product_tag":[561,699,620,751,749],"class_list":{"0":"post-11977","1":"product","2":"type-product","3":"status-publish","4":"has-post-thumbnail","6":"product_cat-natur-liebe","7":"product_cat-fortgehen","8":"product_tag-baume","9":"product_tag-brasilien","10":"product_tag-dschungel","11":"product_tag-regen","12":"product_tag-regenwald","14":"first","15":"instock","16":"featured","17":"taxable","18":"shipping-taxable","19":"purchasable","20":"product-type-variable"},"supplier_id":null,"supplier_sku":"","barcode":null,"atum_controlled":true,"out_stock_date":null,"out_stock_threshold":null,"inheritable":true,"inbound_stock":null,"stock_on_hold":0,"sold_today":0,"sales_last_days":0,"reserved_stock":null,"customer_returns":null,"warehouse_damage":null,"lost_in_post":null,"other_logs":null,"out_stock_days":0,"lost_sales":0,"has_location":false,"update_date":"2025-01-28T07:24:18","atum_locations":[],"atum_stock_status":"instock","restock_status":false,"low_stock_amount":"","sales_update_date":"2024-11-25T00:06:38","calc_backorders":null,"_links":{"self":[{"href":"https:\/\/nownow.gallery\/de\/wp-json\/wp\/v2\/product\/11977","targetHints":{"allow":["GET"]}}],"collection":[{"href":"https:\/\/nownow.gallery\/de\/wp-json\/wp\/v2\/product"}],"about":[{"href":"https:\/\/nownow.gallery\/de\/wp-json\/wp\/v2\/types\/product"}],"replies":[{"embeddable":true,"href":"https:\/\/nownow.gallery\/de\/wp-json\/wp\/v2\/comments?post=11977"}],"wp:featuredmedia":[{"embeddable":true,"href":"https:\/\/nownow.gallery\/de\/wp-json\/wp\/v2\/media\/9153"}],"wp:attachment":[{"href":"https:\/\/nownow.gallery\/de\/wp-json\/wp\/v2\/media?parent=11977"}],"wp:term":[{"taxonomy":"product_brand","embeddable":true,"href":"https:\/\/nownow.gallery\/de\/wp-json\/wp\/v2\/product_brand?post=11977"},{"taxonomy":"product_cat","embeddable":true,"href":"https:\/\/nownow.gallery\/de\/wp-json\/wp\/v2\/product_cat?post=11977"},{"taxonomy":"product_tag","embeddable":true,"href":"https:\/\/nownow.gallery\/de\/wp-json\/wp\/v2\/product_tag?post=11977"}],"curies":[{"name":"wp","href":"https:\/\/api.w.org\/{rel}","templated":true}]}}