{"id":11883,"date":"2023-12-22T16:32:04","date_gmt":"2023-12-22T15:32:04","guid":{"rendered":"https:\/\/nownow.gallery\/shop\/unkategorisiert\/beeswing\/"},"modified":"2025-04-07T09:38:20","modified_gmt":"2025-04-07T07:38:20","slug":"die-liebe-zu-bienen","status":"publish","type":"product","link":"https:\/\/nownow.gallery\/de\/shop\/essen-liebe\/beeswing\/","title":{"rendered":"Beeswing"},"content":{"rendered":"<h3>Die Liebe zu Bienen<\/h3>\n<p>Dieses Bild habe ich an einem wundersch\u00f6nen Sp\u00e4tsommertag \u00fcber dem Rhein aufgenommen. Ich besuchte die Ankerm\u00fchle, eine Manufaktur in der N\u00e4he von Koblenz. Unter anderem wird dort ein sehr beliebter und hochwertiger Riesling-Wermut hergestellt. Auf dem Bild k\u00fcmmert sich Holger, der seiner Frau bei der Verwaltung der Ankerm\u00fchle hilft, um seine Bienen. Ruhig und bed\u00e4chtig, was sehr gut zu der entspannten Atmosph\u00e4re des Ortes passte.<\/p>\n","protected":false},"excerpt":{"rendered":"<p>2020, Animal(istic), Food Love, Beeswing, Biene, Honig, Imker, Insekten, Julia Sellmann<\/p>\n","protected":false},"featured_media":9068,"comment_status":"closed","ping_status":"closed","template":"","meta":{"iawp_total_views":20},"product_brand":[],"product_cat":[551,467],"product_tag":[740,742,743,741],"class_list":{"0":"post-11883","1":"product","2":"type-product","3":"status-publish","4":"has-post-thumbnail","6":"product_cat-tieristisch","7":"product_cat-essen-liebe","8":"product_tag-biene","9":"product_tag-honig","10":"product_tag-imker","11":"product_tag-insekten","13":"first","14":"instock","15":"featured","16":"taxable","17":"shipping-taxable","18":"purchasable","19":"product-type-variable"},"supplier_id":null,"supplier_sku":"","barcode":null,"atum_controlled":true,"out_stock_date":null,"out_stock_threshold":null,"inheritable":true,"inbound_stock":null,"stock_on_hold":0,"sold_today":0,"sales_last_days":0,"reserved_stock":null,"customer_returns":null,"warehouse_damage":null,"lost_in_post":null,"other_logs":null,"out_stock_days":0,"lost_sales":0,"has_location":false,"update_date":"2025-01-28T09:48:22","atum_locations":[],"atum_stock_status":"instock","restock_status":false,"low_stock_amount":"","sales_update_date":"2024-11-24T00:05:56","calc_backorders":null,"_links":{"self":[{"href":"https:\/\/nownow.gallery\/de\/wp-json\/wp\/v2\/product\/11883","targetHints":{"allow":["GET"]}}],"collection":[{"href":"https:\/\/nownow.gallery\/de\/wp-json\/wp\/v2\/product"}],"about":[{"href":"https:\/\/nownow.gallery\/de\/wp-json\/wp\/v2\/types\/product"}],"replies":[{"embeddable":true,"href":"https:\/\/nownow.gallery\/de\/wp-json\/wp\/v2\/comments?post=11883"}],"wp:featuredmedia":[{"embeddable":true,"href":"https:\/\/nownow.gallery\/de\/wp-json\/wp\/v2\/media\/9068"}],"wp:attachment":[{"href":"https:\/\/nownow.gallery\/de\/wp-json\/wp\/v2\/media?parent=11883"}],"wp:term":[{"taxonomy":"product_brand","embeddable":true,"href":"https:\/\/nownow.gallery\/de\/wp-json\/wp\/v2\/product_brand?post=11883"},{"taxonomy":"product_cat","embeddable":true,"href":"https:\/\/nownow.gallery\/de\/wp-json\/wp\/v2\/product_cat?post=11883"},{"taxonomy":"product_tag","embeddable":true,"href":"https:\/\/nownow.gallery\/de\/wp-json\/wp\/v2\/product_tag?post=11883"}],"curies":[{"name":"wp","href":"https:\/\/api.w.org\/{rel}","templated":true}]}}