{"id":11831,"date":"2024-04-03T10:35:47","date_gmt":"2024-04-03T08:35:47","guid":{"rendered":"https:\/\/nownow.gallery\/shop\/unkategorisiert\/blick-auf-die-welt-ihr-schleier-i\/"},"modified":"2025-04-01T09:19:32","modified_gmt":"2025-04-01T07:19:32","slug":"doppelt-einzigartig-2","status":"publish","type":"product","link":"https:\/\/nownow.gallery\/de\/shop\/die-menschliche-erfahrung\/blick-auf-die-welt-ihr-schleier-i\/","title":{"rendered":"Look at the World, its Veil &#8211; I"},"content":{"rendered":"<h3>Doppelt einzigartig<\/h3>\n<p>Mit dieser Arbeit m\u00f6chte ich den Prozess der kontextabh\u00e4ngigen Wahrnehmung untersuchen. Ich habe ein Material gew\u00e4hlt, das einem st\u00e4ndigen Wandel unterworfen ist; es ver\u00e4ndert seine Form je nach Licht- und Luftverh\u00e4ltnissen. Ein weiterer Einfluss ist die Dynamik des Wurfs, die es schweben l\u00e4sst. Die Rettungsdecke bleibt dabei bleibt reines Material; ich bin nicht daran interessiert, ein politisches Statement abzugeben (was nicht hei\u00dft, dass ich nicht wiederholt darum gebeten wurde). Der Schwerpunkt liegt auf der Materialit\u00e4t und den Formen, die sie erm\u00f6glicht. Sie entstehen zuf\u00e4llig und sind unm\u00f6glich zu wiederholen. Das liegt daran, dass der Kontext immer wieder neu ist. Der Wind dreht sich jedes Mal anders, wenn die Decke geworfen wird, und das Licht der Sonne wird unterschiedlich reflektiert. Mit dem Ausl\u00f6ser verwandle ich die Kamera in einen Bildhauer, der diese in den Himmel gemei\u00dfelte Skulptur aus den unendlichen Formen, die m\u00f6glich w\u00e4ren, festh\u00e4lt. Der Betrachter kann verschiedene Dinge darin lesen; im Idealfall erkennt er das Ausgangsmaterial nicht mehr.<\/p>\n<p>&nbsp;<\/p>\n<p>Ich schaffe so einzigartige Motive, indem das Zusammenspiel der Elemente zu komplex ist, um es nachzubilden. Sobald das Bild gedruckt ist, vernichte ich alle digitalen Versionen. Das Bild gibt es dann nur auf Papier und wird als einmaliger Druck mit einer Motivwahl, die nicht wiederholt werden kann, doppelt einzigartig. Seine Form existiert nur an der Wand, an der das Bild aufgeh\u00e4ngt ist.<\/p>\n","protected":false},"excerpt":{"rendered":"<p>Living Room, The Human Experience, Look at the World, its Veil &#8211; I, Bildhauer, Einzig und allein, Himmel, Kunst, Unikat, Anna Boldt<\/p>\n","protected":false},"featured_media":9251,"comment_status":"closed","ping_status":"closed","template":"","meta":{"iawp_total_views":19},"product_brand":[],"product_cat":[570,519],"product_tag":[642,645,542,643,644],"class_list":{"0":"post-11831","1":"product","2":"type-product","3":"status-publish","4":"has-post-thumbnail","6":"product_cat-wohnzimmer","7":"product_cat-die-menschliche-erfahrung","8":"product_tag-bildhauer","9":"product_tag-einzig-und-allein","10":"product_tag-himmel","11":"product_tag-kunst","12":"product_tag-unikat-de","14":"first","15":"instock","16":"featured","17":"sold-individually","18":"taxable","19":"shipping-taxable","20":"purchasable","21":"product-type-variable","22":"has-default-attributes"},"supplier_id":null,"supplier_sku":"","barcode":null,"atum_controlled":true,"out_stock_date":null,"out_stock_threshold":null,"inheritable":true,"inbound_stock":null,"stock_on_hold":0,"sold_today":0,"sales_last_days":0,"reserved_stock":null,"customer_returns":null,"warehouse_damage":null,"lost_in_post":null,"other_logs":null,"out_stock_days":0,"lost_sales":0,"has_location":false,"update_date":"2025-01-17T07:49:45","atum_locations":[],"atum_stock_status":"instock","restock_status":false,"low_stock_amount":"","sales_update_date":"2024-11-27T00:08:09","calc_backorders":null,"_links":{"self":[{"href":"https:\/\/nownow.gallery\/de\/wp-json\/wp\/v2\/product\/11831","targetHints":{"allow":["GET"]}}],"collection":[{"href":"https:\/\/nownow.gallery\/de\/wp-json\/wp\/v2\/product"}],"about":[{"href":"https:\/\/nownow.gallery\/de\/wp-json\/wp\/v2\/types\/product"}],"replies":[{"embeddable":true,"href":"https:\/\/nownow.gallery\/de\/wp-json\/wp\/v2\/comments?post=11831"}],"wp:featuredmedia":[{"embeddable":true,"href":"https:\/\/nownow.gallery\/de\/wp-json\/wp\/v2\/media\/9251"}],"wp:attachment":[{"href":"https:\/\/nownow.gallery\/de\/wp-json\/wp\/v2\/media?parent=11831"}],"wp:term":[{"taxonomy":"product_brand","embeddable":true,"href":"https:\/\/nownow.gallery\/de\/wp-json\/wp\/v2\/product_brand?post=11831"},{"taxonomy":"product_cat","embeddable":true,"href":"https:\/\/nownow.gallery\/de\/wp-json\/wp\/v2\/product_cat?post=11831"},{"taxonomy":"product_tag","embeddable":true,"href":"https:\/\/nownow.gallery\/de\/wp-json\/wp\/v2\/product_tag?post=11831"}],"curies":[{"name":"wp","href":"https:\/\/api.w.org\/{rel}","templated":true}]}}