{"id":11830,"date":"2024-04-03T09:53:36","date_gmt":"2024-04-03T07:53:36","guid":{"rendered":"https:\/\/nownow.gallery\/shop\/unkategorisiert\/ziele-des-paares\/"},"modified":"2025-04-01T10:14:03","modified_gmt":"2025-04-01T08:14:03","slug":"heisse-jahreszeit","status":"publish","type":"product","link":"https:\/\/nownow.gallery\/de\/shop\/fortgehen\/ziele-des-paares\/","title":{"rendered":"Couple Goals"},"content":{"rendered":"<h3>In der hei\u00dfen Jahreszeit<\/h3>\n<p>Als ich einmal \u00fcber die Alpen nach Venedig geradelt bin, musste ich vom Nord- zum S\u00fcdufer des Gardasees \u00fcbersetzen. Diese beiden St\u00fchle standen auf der F\u00e4hre, mit der ich die Passage machte. Sie erzeugen bei mir sofort das Gef\u00fchl von Sommer. F\u00fcr mich ist das Bild der Inbegriff der hei\u00dfen Jahreszeit.<\/p>\n","protected":false},"excerpt":{"rendered":"<p>2018, The Human Experience, Travel, Party Time, Couple Goals, Italien, Liebe, Seen, Wasser, Lisa H\u00f6rterer<\/p>\n","protected":false},"featured_media":8975,"comment_status":"closed","ping_status":"closed","template":"","meta":{"iawp_total_views":7},"product_brand":[],"product_cat":[519,489,474],"product_tag":[465,733,734,614],"class_list":{"0":"post-11830","1":"product","2":"type-product","3":"status-publish","4":"has-post-thumbnail","6":"product_cat-die-menschliche-erfahrung","7":"product_cat-reisen","8":"product_cat-fortgehen","9":"product_tag-italien","10":"product_tag-liebe","11":"product_tag-seen","12":"product_tag-wasser","14":"first","15":"instock","16":"featured","17":"taxable","18":"shipping-taxable","19":"purchasable","20":"product-type-variable"},"supplier_id":null,"supplier_sku":"","barcode":null,"atum_controlled":true,"out_stock_date":null,"out_stock_threshold":null,"inheritable":true,"inbound_stock":null,"stock_on_hold":0,"sold_today":0,"sales_last_days":0,"reserved_stock":null,"customer_returns":null,"warehouse_damage":null,"lost_in_post":null,"other_logs":null,"out_stock_days":0,"lost_sales":0,"has_location":false,"update_date":"2025-01-17T07:59:15","atum_locations":[],"atum_stock_status":"instock","restock_status":false,"low_stock_amount":"","sales_update_date":"2024-11-26T00:08:28","calc_backorders":null,"_links":{"self":[{"href":"https:\/\/nownow.gallery\/de\/wp-json\/wp\/v2\/product\/11830","targetHints":{"allow":["GET"]}}],"collection":[{"href":"https:\/\/nownow.gallery\/de\/wp-json\/wp\/v2\/product"}],"about":[{"href":"https:\/\/nownow.gallery\/de\/wp-json\/wp\/v2\/types\/product"}],"replies":[{"embeddable":true,"href":"https:\/\/nownow.gallery\/de\/wp-json\/wp\/v2\/comments?post=11830"}],"wp:featuredmedia":[{"embeddable":true,"href":"https:\/\/nownow.gallery\/de\/wp-json\/wp\/v2\/media\/8975"}],"wp:attachment":[{"href":"https:\/\/nownow.gallery\/de\/wp-json\/wp\/v2\/media?parent=11830"}],"wp:term":[{"taxonomy":"product_brand","embeddable":true,"href":"https:\/\/nownow.gallery\/de\/wp-json\/wp\/v2\/product_brand?post=11830"},{"taxonomy":"product_cat","embeddable":true,"href":"https:\/\/nownow.gallery\/de\/wp-json\/wp\/v2\/product_cat?post=11830"},{"taxonomy":"product_tag","embeddable":true,"href":"https:\/\/nownow.gallery\/de\/wp-json\/wp\/v2\/product_tag?post=11830"}],"curies":[{"name":"wp","href":"https:\/\/api.w.org\/{rel}","templated":true}]}}