{"id":11772,"date":"2024-04-02T15:57:35","date_gmt":"2024-04-02T13:57:35","guid":{"rendered":"https:\/\/nownow.gallery\/shop\/unkategorisiert\/doggy-style-3\/"},"modified":"2025-04-01T10:31:03","modified_gmt":"2025-04-01T08:31:03","slug":"der-schoenste","status":"publish","type":"product","link":"https:\/\/nownow.gallery\/de\/shop\/tieristisch\/doggy-style-3\/","title":{"rendered":"Doggy Style I"},"content":{"rendered":"<h3>Der Sch\u00f6nste<\/h3>\n<p>Vor ein paar Jahren habe ich in Hundesalons und bei Hundesch\u00f6nheitswettbewerben fotografiert. Ich fand es faszinierend, wie sich die Tiere diesen absurden Sch\u00f6nheitsprozeduren unterwerfen. Ruhig und hingebungsvoll. Ich habe den Pudel auf den Bildern bei einem Wettbewerb in Genf kennengelernt. Er stolzierte total arrogant in den Raum. So: Hier kommt der Sch\u00f6nste, der Gr\u00f6\u00dfte. Aber dann wurde er gewaschen und sein ganzes Selbstvertrauen war dahin. Er sa\u00df da wie ein H\u00e4ufchen Elend, als ob ihm etwas Entscheidendes genommen worden war. Seine Locken! Aber dann wurde er gef\u00f6hnt, und ich habe ihn dabei fotografiert. Ich habe mich f\u00fcr Nahaufnahmen entschieden, weil ich es sehr interessant fand, wie viele verschiedene Gesichtsausdr\u00fccke Hunde haben k\u00f6nnen. Das F\u00f6hnen gefiel ihm nicht, es war hei\u00df, und er streckte die Zunge raus. Aber wenigstens waren seine Locken danach wieder da. Er mochte es auch nicht, wenn ich ihn anglotzte. Zun\u00e4chst nahm er alles gelassen hin. Aber als alles fertig war, sprang er auf, lief direkt zu meiner Fototasche und pinkelte drauf, als ob er sagen wollte: So nicht, du kleiner Mensch!<\/p>\n","protected":false},"excerpt":{"rendered":"<p>Animal(istic), Doggy Style I, Frisuren, Hunde, Nahaufnahme, Schwarz und Wei\u00df, Lorraine Hellwig<\/p>\n","protected":false},"featured_media":15337,"comment_status":"closed","ping_status":"closed","template":"","meta":{"iawp_total_views":4},"product_brand":[],"product_cat":[551],"product_tag":[723,553,798,576],"class_list":{"0":"post-11772","1":"product","2":"type-product","3":"status-publish","4":"has-post-thumbnail","6":"product_cat-tieristisch","7":"product_tag-frisuren","8":"product_tag-hunde","9":"product_tag-nahaufnahme","10":"product_tag-schwarz-und-weis","12":"first","13":"instock","14":"featured","15":"taxable","16":"shipping-taxable","17":"purchasable","18":"product-type-variable"},"supplier_id":null,"supplier_sku":"","barcode":null,"atum_controlled":true,"out_stock_date":null,"out_stock_threshold":null,"inheritable":true,"inbound_stock":null,"stock_on_hold":0,"sold_today":0,"sales_last_days":0,"reserved_stock":null,"customer_returns":null,"warehouse_damage":null,"lost_in_post":null,"other_logs":null,"out_stock_days":0,"lost_sales":0,"has_location":false,"update_date":"2025-01-17T08:11:07","atum_locations":[],"atum_stock_status":"instock","restock_status":false,"low_stock_amount":10,"sales_update_date":"2024-11-26T00:08:14","calc_backorders":null,"_links":{"self":[{"href":"https:\/\/nownow.gallery\/de\/wp-json\/wp\/v2\/product\/11772","targetHints":{"allow":["GET"]}}],"collection":[{"href":"https:\/\/nownow.gallery\/de\/wp-json\/wp\/v2\/product"}],"about":[{"href":"https:\/\/nownow.gallery\/de\/wp-json\/wp\/v2\/types\/product"}],"replies":[{"embeddable":true,"href":"https:\/\/nownow.gallery\/de\/wp-json\/wp\/v2\/comments?post=11772"}],"wp:featuredmedia":[{"embeddable":true,"href":"https:\/\/nownow.gallery\/de\/wp-json\/wp\/v2\/media\/15337"}],"wp:attachment":[{"href":"https:\/\/nownow.gallery\/de\/wp-json\/wp\/v2\/media?parent=11772"}],"wp:term":[{"taxonomy":"product_brand","embeddable":true,"href":"https:\/\/nownow.gallery\/de\/wp-json\/wp\/v2\/product_brand?post=11772"},{"taxonomy":"product_cat","embeddable":true,"href":"https:\/\/nownow.gallery\/de\/wp-json\/wp\/v2\/product_cat?post=11772"},{"taxonomy":"product_tag","embeddable":true,"href":"https:\/\/nownow.gallery\/de\/wp-json\/wp\/v2\/product_tag?post=11772"}],"curies":[{"name":"wp","href":"https:\/\/api.w.org\/{rel}","templated":true}]}}