{"id":11746,"date":"2024-04-03T10:04:22","date_gmt":"2024-04-03T08:04:22","guid":{"rendered":"https:\/\/nownow.gallery\/shop\/unkategorisiert\/das-zeitalter-des-vergnuegens\/"},"modified":"2025-04-01T09:24:46","modified_gmt":"2025-04-01T07:24:46","slug":"chillen-niederbayern","status":"publish","type":"product","link":"https:\/\/nownow.gallery\/de\/shop\/freude\/das-zeitalter-des-vergnuegens\/","title":{"rendered":"The Age of Pleasure"},"content":{"rendered":"<h3>Chillen in Niederbayern<\/h3>\n<p>Huskys haben eine Menge zu tun, wenn sie Schlitten durch den Schnee ziehen. Danach m\u00fcssen sie sich ausruhen, wie dieser hier. Allerdings habe ich ihn nicht in der Arktis oder in Sibirien fotografiert, wo man die Hunde normalerweise erwarten w\u00fcrde, sondern in Niederbayern. Damals lag dort ungew\u00f6hnlich viel Schnee &#8211; genug, um gem\u00fctliche L\u00f6cher zum Ausruhen zu graben.<\/p>\n","protected":false},"excerpt":{"rendered":"<p>2018, Animal(istic), Joy, The Age of Pleasure, Eis, Gelassenheit, Hunde, K\u00fchlen, Schnee, Lisa H\u00f6rterer<\/p>\n","protected":false},"featured_media":8965,"comment_status":"closed","ping_status":"closed","template":"","meta":{"iawp_total_views":13},"product_brand":[],"product_cat":[551,468],"product_tag":[722,732,553,731,564],"class_list":{"0":"post-11746","1":"product","2":"type-product","3":"status-publish","4":"has-post-thumbnail","6":"product_cat-tieristisch","7":"product_cat-freude","8":"product_tag-eis","9":"product_tag-gelassenheit","10":"product_tag-hunde","11":"product_tag-kuhlen","12":"product_tag-schnee","14":"first","15":"instock","16":"featured","17":"taxable","18":"shipping-taxable","19":"purchasable","20":"product-type-variable"},"supplier_id":null,"supplier_sku":"","barcode":null,"atum_controlled":true,"out_stock_date":null,"out_stock_threshold":null,"inheritable":true,"inbound_stock":null,"stock_on_hold":0,"sold_today":0,"sales_last_days":0,"reserved_stock":null,"customer_returns":null,"warehouse_damage":null,"lost_in_post":null,"other_logs":null,"out_stock_days":0,"lost_sales":0,"has_location":false,"update_date":"2025-01-17T07:52:59","atum_locations":[],"atum_stock_status":"instock","restock_status":false,"low_stock_amount":"","sales_update_date":"2024-11-27T00:08:02","calc_backorders":null,"_links":{"self":[{"href":"https:\/\/nownow.gallery\/de\/wp-json\/wp\/v2\/product\/11746","targetHints":{"allow":["GET"]}}],"collection":[{"href":"https:\/\/nownow.gallery\/de\/wp-json\/wp\/v2\/product"}],"about":[{"href":"https:\/\/nownow.gallery\/de\/wp-json\/wp\/v2\/types\/product"}],"replies":[{"embeddable":true,"href":"https:\/\/nownow.gallery\/de\/wp-json\/wp\/v2\/comments?post=11746"}],"wp:featuredmedia":[{"embeddable":true,"href":"https:\/\/nownow.gallery\/de\/wp-json\/wp\/v2\/media\/8965"}],"wp:attachment":[{"href":"https:\/\/nownow.gallery\/de\/wp-json\/wp\/v2\/media?parent=11746"}],"wp:term":[{"taxonomy":"product_brand","embeddable":true,"href":"https:\/\/nownow.gallery\/de\/wp-json\/wp\/v2\/product_brand?post=11746"},{"taxonomy":"product_cat","embeddable":true,"href":"https:\/\/nownow.gallery\/de\/wp-json\/wp\/v2\/product_cat?post=11746"},{"taxonomy":"product_tag","embeddable":true,"href":"https:\/\/nownow.gallery\/de\/wp-json\/wp\/v2\/product_tag?post=11746"}],"curies":[{"name":"wp","href":"https:\/\/api.w.org\/{rel}","templated":true}]}}