{"id":11687,"date":"2024-04-03T09:57:12","date_gmt":"2024-04-03T07:57:12","guid":{"rendered":"https:\/\/nownow.gallery\/shop\/unkategorisiert\/machen-sie-eine-fahrt-mit-mir\/"},"modified":"2025-04-01T09:31:06","modified_gmt":"2025-04-01T07:31:06","slug":"die-gefaehrlichste-strasse-der-welt","status":"publish","type":"product","link":"https:\/\/nownow.gallery\/de\/shop\/reisen\/machen-sie-eine-fahrt-mit-mir\/","title":{"rendered":"Take A Ride With Me"},"content":{"rendered":"<h3>Auf der gef\u00e4hrlichsten Stra\u00dfe der Welt<\/h3>\n<p>Als ich dieses Foto machte, war ich erleichtert. Hinter mir lag eine wilde Fahrt auf dem Albano Pass in Georgia. Unser F\u00fchrer und Fahrer, Gocha, nannte die Stra\u00dfe einen Pfad f\u00fcr Autos, und das stimmte auch. Denn der Pass ist sehr schmal, und die H\u00e4nge fallen steil ab. Es ist eine der gef\u00e4hrlichsten Stra\u00dfen der Welt. Ich habe es \u00fcberlebt und freute mich auf die Berge von Tuscheti, deren Ausl\u00e4ufer man auf dem Bild sehen kann.<\/p>\n","protected":false},"excerpt":{"rendered":"<p>2019, The Human Experience, Travel, Take A Ride With Me, Berge, Georgia, Passing, Stra\u00dfen, Lisa H\u00f6rterer<\/p>\n","protected":false},"featured_media":8969,"comment_status":"closed","ping_status":"closed","template":"","meta":{"iawp_total_views":8},"product_brand":[],"product_cat":[519,489],"product_tag":[563,729,730,691],"class_list":{"0":"post-11687","1":"product","2":"type-product","3":"status-publish","4":"has-post-thumbnail","6":"product_cat-die-menschliche-erfahrung","7":"product_cat-reisen","8":"product_tag-berge","9":"product_tag-georgia-de","10":"product_tag-passing-de","11":"product_tag-strasen-de","13":"first","14":"instock","15":"featured","16":"taxable","17":"shipping-taxable","18":"purchasable","19":"product-type-variable"},"supplier_id":null,"supplier_sku":"","barcode":null,"atum_controlled":true,"out_stock_date":null,"out_stock_threshold":null,"inheritable":true,"inbound_stock":null,"stock_on_hold":0,"sold_today":0,"sales_last_days":0,"reserved_stock":null,"customer_returns":null,"warehouse_damage":null,"lost_in_post":null,"other_logs":null,"out_stock_days":0,"lost_sales":0,"has_location":false,"update_date":"2025-01-17T07:56:16","atum_locations":[],"atum_stock_status":"instock","restock_status":false,"low_stock_amount":"","sales_update_date":"2024-11-26T00:08:35","calc_backorders":null,"_links":{"self":[{"href":"https:\/\/nownow.gallery\/de\/wp-json\/wp\/v2\/product\/11687","targetHints":{"allow":["GET"]}}],"collection":[{"href":"https:\/\/nownow.gallery\/de\/wp-json\/wp\/v2\/product"}],"about":[{"href":"https:\/\/nownow.gallery\/de\/wp-json\/wp\/v2\/types\/product"}],"replies":[{"embeddable":true,"href":"https:\/\/nownow.gallery\/de\/wp-json\/wp\/v2\/comments?post=11687"}],"wp:featuredmedia":[{"embeddable":true,"href":"https:\/\/nownow.gallery\/de\/wp-json\/wp\/v2\/media\/8969"}],"wp:attachment":[{"href":"https:\/\/nownow.gallery\/de\/wp-json\/wp\/v2\/media?parent=11687"}],"wp:term":[{"taxonomy":"product_brand","embeddable":true,"href":"https:\/\/nownow.gallery\/de\/wp-json\/wp\/v2\/product_brand?post=11687"},{"taxonomy":"product_cat","embeddable":true,"href":"https:\/\/nownow.gallery\/de\/wp-json\/wp\/v2\/product_cat?post=11687"},{"taxonomy":"product_tag","embeddable":true,"href":"https:\/\/nownow.gallery\/de\/wp-json\/wp\/v2\/product_tag?post=11687"}],"curies":[{"name":"wp","href":"https:\/\/api.w.org\/{rel}","templated":true}]}}