{"id":11686,"date":"2024-04-02T15:53:44","date_gmt":"2024-04-02T13:53:44","guid":{"rendered":"https:\/\/nownow.gallery\/shop\/unkategorisiert\/auf-der-suche-nach-dali\/"},"modified":"2025-04-01T11:45:08","modified_gmt":"2025-04-01T09:45:08","slug":"dali-fineartprint","status":"publish","type":"product","link":"https:\/\/nownow.gallery\/de\/shop\/reisen\/dali\/fineartprint\/","title":{"rendered":"Searching for Dal\u00ed"},"content":{"rendered":"<h3>Treffen der Surrealisten<\/h3>\n<p>Wir wollten das Dal\u00ed-Museum in Figueres besuchen, im Geburtsort des Surrealisten. Aber das Museum war geschlossen, und auch sonst war nicht viel los. Die Pandemie hatte die Stra\u00dfen leergefegt, und es herrschte eine geheimnisvolle Stille. Auch der Laden auf dem Bild hatte schon lange nicht mehr ge\u00f6ffnet. Die Typografie in der Mitte hat mir sofort gefallen. Und die grau get\u00fcnchte Farbe der Fassade erinnerte mich an einen Roy Andersson-Film. Es w\u00e4re in der Tat eine lustige Szene, wenn Andersson und Dal\u00ed in dieser Bar zusammen etwas trinken w\u00fcrden. Zwei Surrealisten, der eine schwedisch stoisch, der andere spanisch erregbar, im L&#8217;Abriqall. Dann fiel das Sonnenlicht in einem 90-Grad-Winkel von der Seite auf das Geb\u00e4ude, wie man an den Schatten erkennen kann. Dieses Licht verleiht dem Bild ein unwirkliches Aussehen &#8211; ein sch\u00f6ner Zufall.<\/p>\n","protected":false},"excerpt":{"rendered":"<p>2001, Nostalgia, Travel, Searching for Dal\u00ed, Bars, Spanien, Surrealisten, Anna Boldt<\/p>\n","protected":false},"featured_media":8957,"comment_status":"closed","ping_status":"closed","template":"","meta":{"iawp_total_views":13},"product_brand":[],"product_cat":[510,489],"product_tag":[728,726,727],"class_list":{"0":"post-11686","1":"product","2":"type-product","3":"status-publish","4":"has-post-thumbnail","6":"product_cat-nostalgie","7":"product_cat-reisen","8":"product_tag-bars-de","9":"product_tag-spanien","10":"product_tag-surrealisten","12":"first","13":"instock","14":"featured","15":"taxable","16":"shipping-taxable","17":"purchasable","18":"product-type-variable"},"supplier_id":null,"supplier_sku":"","barcode":null,"atum_controlled":true,"out_stock_date":null,"out_stock_threshold":null,"inheritable":true,"inbound_stock":null,"stock_on_hold":0,"sold_today":0,"sales_last_days":0,"reserved_stock":null,"customer_returns":null,"warehouse_damage":null,"lost_in_post":null,"other_logs":null,"out_stock_days":0,"lost_sales":0,"has_location":false,"update_date":"2025-01-27T08:07:44","atum_locations":[],"atum_stock_status":"instock","restock_status":false,"low_stock_amount":"","sales_update_date":"2024-11-26T00:07:59","calc_backorders":null,"_links":{"self":[{"href":"https:\/\/nownow.gallery\/de\/wp-json\/wp\/v2\/product\/11686","targetHints":{"allow":["GET"]}}],"collection":[{"href":"https:\/\/nownow.gallery\/de\/wp-json\/wp\/v2\/product"}],"about":[{"href":"https:\/\/nownow.gallery\/de\/wp-json\/wp\/v2\/types\/product"}],"replies":[{"embeddable":true,"href":"https:\/\/nownow.gallery\/de\/wp-json\/wp\/v2\/comments?post=11686"}],"wp:featuredmedia":[{"embeddable":true,"href":"https:\/\/nownow.gallery\/de\/wp-json\/wp\/v2\/media\/8957"}],"wp:attachment":[{"href":"https:\/\/nownow.gallery\/de\/wp-json\/wp\/v2\/media?parent=11686"}],"wp:term":[{"taxonomy":"product_brand","embeddable":true,"href":"https:\/\/nownow.gallery\/de\/wp-json\/wp\/v2\/product_brand?post=11686"},{"taxonomy":"product_cat","embeddable":true,"href":"https:\/\/nownow.gallery\/de\/wp-json\/wp\/v2\/product_cat?post=11686"},{"taxonomy":"product_tag","embeddable":true,"href":"https:\/\/nownow.gallery\/de\/wp-json\/wp\/v2\/product_tag?post=11686"}],"curies":[{"name":"wp","href":"https:\/\/api.w.org\/{rel}","templated":true}]}}