{"id":11518,"date":"2024-04-02T15:10:16","date_gmt":"2024-04-02T13:10:16","guid":{"rendered":"https:\/\/nownow.gallery\/shop\/unkategorisiert\/gefrorene-skulpturen\/"},"modified":"2025-04-02T08:15:41","modified_gmt":"2025-04-02T06:15:41","slug":"esmarkbreen-gletscher","status":"publish","type":"product","link":"https:\/\/nownow.gallery\/de\/shop\/natur-liebe\/gefrorene-skulpturen\/","title":{"rendered":"Frozen Sculptures"},"content":{"rendered":"<h3>Vom Esmarkbreen-Gletscher<\/h3>\n<p>Gletscher formen unwirkliche Landschaften. Wie der Esmarkbreen bei Spitzbergen. Ich war mit meinem Vater dort. Wir haben f\u00fcnf N\u00e4chte lang gezeltet, was nur bedingt komfortabel war. Au\u00dferdem muss man nachts nach Eisb\u00e4ren Ausschau halten, damit sie einen nicht angreifen. Tags\u00fcber sind wir \u00fcber den Gletscher gewandert und herumgeklettert. Er ist 15 Kilometer lang, und f\u00e4llt am Rand 25 Meter ab.<\/p>\n","protected":false},"excerpt":{"rendered":"<p>2017, Nature Love, Travel, Party Time, Frozen Sculptures, Arktis, Eis, Gletscher, Schnee, Katjana Frisch<\/p>\n","protected":false},"featured_media":9023,"comment_status":"closed","ping_status":"closed","template":"","meta":{"iawp_total_views":4},"product_brand":[],"product_cat":[461,489,474],"product_tag":[720,722,721,564],"class_list":{"0":"post-11518","1":"product","2":"type-product","3":"status-publish","4":"has-post-thumbnail","6":"product_cat-natur-liebe","7":"product_cat-reisen","8":"product_cat-fortgehen","9":"product_tag-arktis","10":"product_tag-eis","11":"product_tag-gletscher","12":"product_tag-schnee","14":"first","15":"instock","16":"featured","17":"taxable","18":"shipping-taxable","19":"purchasable","20":"product-type-variable"},"supplier_id":null,"supplier_sku":"","barcode":null,"atum_controlled":true,"out_stock_date":null,"out_stock_threshold":null,"inheritable":true,"inbound_stock":null,"stock_on_hold":0,"sold_today":0,"sales_last_days":0,"reserved_stock":null,"customer_returns":null,"warehouse_damage":null,"lost_in_post":null,"other_logs":null,"out_stock_days":0,"lost_sales":0,"has_location":false,"update_date":"2025-01-27T08:57:20","atum_locations":[],"atum_stock_status":"instock","restock_status":false,"low_stock_amount":"","sales_update_date":"2024-11-25T00:07:12","calc_backorders":null,"_links":{"self":[{"href":"https:\/\/nownow.gallery\/de\/wp-json\/wp\/v2\/product\/11518","targetHints":{"allow":["GET"]}}],"collection":[{"href":"https:\/\/nownow.gallery\/de\/wp-json\/wp\/v2\/product"}],"about":[{"href":"https:\/\/nownow.gallery\/de\/wp-json\/wp\/v2\/types\/product"}],"replies":[{"embeddable":true,"href":"https:\/\/nownow.gallery\/de\/wp-json\/wp\/v2\/comments?post=11518"}],"wp:featuredmedia":[{"embeddable":true,"href":"https:\/\/nownow.gallery\/de\/wp-json\/wp\/v2\/media\/9023"}],"wp:attachment":[{"href":"https:\/\/nownow.gallery\/de\/wp-json\/wp\/v2\/media?parent=11518"}],"wp:term":[{"taxonomy":"product_brand","embeddable":true,"href":"https:\/\/nownow.gallery\/de\/wp-json\/wp\/v2\/product_brand?post=11518"},{"taxonomy":"product_cat","embeddable":true,"href":"https:\/\/nownow.gallery\/de\/wp-json\/wp\/v2\/product_cat?post=11518"},{"taxonomy":"product_tag","embeddable":true,"href":"https:\/\/nownow.gallery\/de\/wp-json\/wp\/v2\/product_tag?post=11518"}],"curies":[{"name":"wp","href":"https:\/\/api.w.org\/{rel}","templated":true}]}}