{"id":11297,"date":"2024-04-02T14:29:39","date_gmt":"2024-04-02T12:29:39","guid":{"rendered":"https:\/\/nownow.gallery\/shop\/unkategorisiert\/rutschen-sie-nicht-weg\/"},"modified":"2025-04-02T08:58:30","modified_gmt":"2025-04-02T06:58:30","slug":"unabhaengigkeitskampf","status":"publish","type":"product","link":"https:\/\/nownow.gallery\/de\/shop\/essen-liebe\/rutschen-sie-nicht-weg\/","title":{"rendered":"Don&#8217;t Slip Away"},"content":{"rendered":"<h3>Der Kampf um Unabh\u00e4ngigkeit<\/h3>\n<p>Im Hafen von Bissau, Porto Pidjiguiti, ist immer etwas los. Er ist das Zentrum dieses kleinen westafrikanischen Landes. Auf dem Bild l\u00e4dt ein junger Mann Fisch auf eine Schubkarre und ordnet den Fang, damit er nicht herunterf\u00e4llt. Die gro\u00dfen Fische sind Guineische Barrakudas, die nur an der K\u00fcste Westafrikas heimisch sind. Die kleinen Fische darunter sind Buntbarsche oder afrikanische Buntbarsche. \u00dcbrigens begann der Widerstand gegen die portugiesische Kolonialregierung in Porto Pidjiguiti, als die Hafenarbeiter in den 1950er Jahren erneut streikten, was 1959 in einem Massaker endete, bei dem f\u00fcnfzig Menschen starben. Bald darauf begann der Unabh\u00e4ngigkeitskrieg, der das Land 1973 in die Unabh\u00e4ngigkeit f\u00fchrte.<\/p>\n","protected":false},"excerpt":{"rendered":"<p>2021, Animal(istic), Food Love, Sea Life, Don&#8217;t Slip Away, Afrika, Fang des Tages, Fisch, K\u00fcche, Kristin Bethge<\/p>\n","protected":false},"featured_media":9161,"comment_status":"closed","ping_status":"closed","template":"","meta":{"iawp_total_views":11},"product_brand":[],"product_cat":[551,467,548],"product_tag":[702,705,703,704],"class_list":{"0":"post-11297","1":"product","2":"type-product","3":"status-publish","4":"has-post-thumbnail","6":"product_cat-tieristisch","7":"product_cat-essen-liebe","8":"product_cat-meeresleben","9":"product_tag-afrika","10":"product_tag-fang-des-tages","11":"product_tag-fisch","12":"product_tag-kuche","14":"first","15":"instock","16":"featured","17":"taxable","18":"shipping-taxable","19":"purchasable","20":"product-type-variable"},"supplier_id":null,"supplier_sku":"","barcode":null,"atum_controlled":true,"out_stock_date":null,"out_stock_threshold":null,"inheritable":true,"inbound_stock":null,"stock_on_hold":0,"sold_today":0,"sales_last_days":0,"reserved_stock":null,"customer_returns":null,"warehouse_damage":null,"lost_in_post":null,"other_logs":null,"out_stock_days":0,"lost_sales":0,"has_location":false,"update_date":"2025-01-28T07:39:12","atum_locations":[],"atum_stock_status":"instock","restock_status":false,"low_stock_amount":"","sales_update_date":"2024-11-24T00:06:49","calc_backorders":null,"_links":{"self":[{"href":"https:\/\/nownow.gallery\/de\/wp-json\/wp\/v2\/product\/11297","targetHints":{"allow":["GET"]}}],"collection":[{"href":"https:\/\/nownow.gallery\/de\/wp-json\/wp\/v2\/product"}],"about":[{"href":"https:\/\/nownow.gallery\/de\/wp-json\/wp\/v2\/types\/product"}],"replies":[{"embeddable":true,"href":"https:\/\/nownow.gallery\/de\/wp-json\/wp\/v2\/comments?post=11297"}],"wp:featuredmedia":[{"embeddable":true,"href":"https:\/\/nownow.gallery\/de\/wp-json\/wp\/v2\/media\/9161"}],"wp:attachment":[{"href":"https:\/\/nownow.gallery\/de\/wp-json\/wp\/v2\/media?parent=11297"}],"wp:term":[{"taxonomy":"product_brand","embeddable":true,"href":"https:\/\/nownow.gallery\/de\/wp-json\/wp\/v2\/product_brand?post=11297"},{"taxonomy":"product_cat","embeddable":true,"href":"https:\/\/nownow.gallery\/de\/wp-json\/wp\/v2\/product_cat?post=11297"},{"taxonomy":"product_tag","embeddable":true,"href":"https:\/\/nownow.gallery\/de\/wp-json\/wp\/v2\/product_tag?post=11297"}],"curies":[{"name":"wp","href":"https:\/\/api.w.org\/{rel}","templated":true}]}}