{"id":11295,"date":"2024-04-02T14:19:27","date_gmt":"2024-04-02T12:19:27","guid":{"rendered":"https:\/\/nownow.gallery\/shop\/unkategorisiert\/das-rattenrennen-verlangsamen\/"},"modified":"2025-04-02T09:08:38","modified_gmt":"2025-04-02T07:08:38","slug":"sitzender-kolibri","status":"publish","type":"product","link":"https:\/\/nownow.gallery\/de\/shop\/fortgehen\/das-rattenrennen-verlangsamen\/","title":{"rendered":"Slowing Down The Rat Race"},"content":{"rendered":"<h3>Sitzender Kolibri<\/h3>\n<p>Ich habe diesen Kolibri auf der Ilha Grande fotografiert, einer paradiesischen Insel nur drei Stunden von Rio entfernt. Es ist selten, dass man die V\u00f6gel still sitzen sieht. Sie sind in der Regel in Bewegung oder auch nicht, denn sie k\u00f6nnen auf der Stelle fliegen und in der Luft stehen. Ihre Fl\u00fcgel schlagen extrem schnell, und ein leises, aber unverwechselbares Ger\u00e4usch ist zu h\u00f6ren. Wenn ich einen Kolibri beobachte, ist es, als w\u00fcrde die Zeit f\u00fcr einen Moment stillstehen.<\/p>\n","protected":false},"excerpt":{"rendered":"<p>Animal(istic), Party Time, Slowing Down The Rat Race, Brasilien, Dschungel, Natur, V\u00f6gel, Kristin Bethge<\/p>\n","protected":false},"featured_media":9134,"comment_status":"closed","ping_status":"closed","template":"","meta":{"iawp_total_views":4},"product_brand":[],"product_cat":[551,474],"product_tag":[699,620,463,554],"class_list":{"0":"post-11295","1":"product","2":"type-product","3":"status-publish","4":"has-post-thumbnail","6":"product_cat-tieristisch","7":"product_cat-fortgehen","8":"product_tag-brasilien","9":"product_tag-dschungel","10":"product_tag-natur-de","11":"product_tag-vogel-de","13":"first","14":"instock","15":"featured","16":"taxable","17":"shipping-taxable","18":"purchasable","19":"product-type-variable"},"supplier_id":null,"supplier_sku":"","barcode":null,"atum_controlled":true,"out_stock_date":null,"out_stock_threshold":null,"inheritable":true,"inbound_stock":null,"stock_on_hold":0,"sold_today":0,"sales_last_days":0,"reserved_stock":null,"customer_returns":null,"warehouse_damage":null,"lost_in_post":null,"other_logs":null,"out_stock_days":0,"lost_sales":0,"has_location":false,"update_date":"2025-01-28T08:01:10","atum_locations":[],"atum_stock_status":"instock","restock_status":false,"low_stock_amount":"","sales_update_date":"2024-11-24T00:06:32","calc_backorders":null,"_links":{"self":[{"href":"https:\/\/nownow.gallery\/de\/wp-json\/wp\/v2\/product\/11295","targetHints":{"allow":["GET"]}}],"collection":[{"href":"https:\/\/nownow.gallery\/de\/wp-json\/wp\/v2\/product"}],"about":[{"href":"https:\/\/nownow.gallery\/de\/wp-json\/wp\/v2\/types\/product"}],"replies":[{"embeddable":true,"href":"https:\/\/nownow.gallery\/de\/wp-json\/wp\/v2\/comments?post=11295"}],"wp:featuredmedia":[{"embeddable":true,"href":"https:\/\/nownow.gallery\/de\/wp-json\/wp\/v2\/media\/9134"}],"wp:attachment":[{"href":"https:\/\/nownow.gallery\/de\/wp-json\/wp\/v2\/media?parent=11295"}],"wp:term":[{"taxonomy":"product_brand","embeddable":true,"href":"https:\/\/nownow.gallery\/de\/wp-json\/wp\/v2\/product_brand?post=11295"},{"taxonomy":"product_cat","embeddable":true,"href":"https:\/\/nownow.gallery\/de\/wp-json\/wp\/v2\/product_cat?post=11295"},{"taxonomy":"product_tag","embeddable":true,"href":"https:\/\/nownow.gallery\/de\/wp-json\/wp\/v2\/product_tag?post=11295"}],"curies":[{"name":"wp","href":"https:\/\/api.w.org\/{rel}","templated":true}]}}