{"id":11268,"date":"2024-03-11T19:14:53","date_gmt":"2024-03-11T18:14:53","guid":{"rendered":"https:\/\/nownow.gallery\/shop\/unkategorisiert\/geld-verdienen-statt-freunde-finden-i\/"},"modified":"2025-04-02T09:32:43","modified_gmt":"2025-04-02T07:32:43","slug":"keine-freunde","status":"publish","type":"product","link":"https:\/\/nownow.gallery\/de\/shop\/die-menschliche-erfahrung\/geld-verdienen-statt-freunde-finden-i\/","title":{"rendered":"Make Money Not Friends I"},"content":{"rendered":"<h3>Im Wettkampf gibt es keine Freunde<\/h3>\n<p>Das ist der Hinterkopf des Fu\u00dfballers Jer\u00f4me Boateng. Ein Stylist ist noch dabei, seine Jacke f\u00fcr das Modeshooting, das ich gleich mit ihm machen werde, anzupassen. Der Slogan auf der Kappe passt zu dem Bild <em>Make Money No Friends II<\/em>, das man ebenfalls in meiner Auswahl finden kann. Die meisten Spiele sind Wettbewerbe. Um zu gewinnen, sollte die Freundschaft f\u00fcr einige Zeit keine Rolle mehr spielen.<\/p>\n","protected":false},"excerpt":{"rendered":"<p>2019, The Human Experience, Make Money Not Friends I, Freunde, Geld, Schwarz und Wei\u00df, Spiele, Markus Burke<\/p>\n","protected":false},"featured_media":9098,"comment_status":"closed","ping_status":"closed","template":"","meta":{"iawp_total_views":1},"product_brand":[],"product_cat":[519],"product_tag":[471,677,576,693],"class_list":{"0":"post-11268","1":"product","2":"type-product","3":"status-publish","4":"has-post-thumbnail","6":"product_cat-die-menschliche-erfahrung","7":"product_tag-freunde","8":"product_tag-geld","9":"product_tag-schwarz-und-weis","10":"product_tag-spiele","12":"first","13":"instock","14":"taxable","15":"shipping-taxable","16":"purchasable","17":"product-type-variable"},"supplier_id":null,"supplier_sku":"","barcode":null,"atum_controlled":true,"out_stock_date":null,"out_stock_threshold":null,"inheritable":false,"inbound_stock":null,"stock_on_hold":0,"sold_today":0,"sales_last_days":0,"reserved_stock":null,"customer_returns":null,"warehouse_damage":null,"lost_in_post":null,"other_logs":null,"out_stock_days":0,"lost_sales":0,"has_location":null,"update_date":"2024-11-30T00:17:03","atum_locations":[],"atum_stock_status":"instock","restock_status":false,"low_stock_amount":"","sales_update_date":"2024-11-30T00:17:03","calc_backorders":null,"_links":{"self":[{"href":"https:\/\/nownow.gallery\/de\/wp-json\/wp\/v2\/product\/11268","targetHints":{"allow":["GET"]}}],"collection":[{"href":"https:\/\/nownow.gallery\/de\/wp-json\/wp\/v2\/product"}],"about":[{"href":"https:\/\/nownow.gallery\/de\/wp-json\/wp\/v2\/types\/product"}],"replies":[{"embeddable":true,"href":"https:\/\/nownow.gallery\/de\/wp-json\/wp\/v2\/comments?post=11268"}],"wp:featuredmedia":[{"embeddable":true,"href":"https:\/\/nownow.gallery\/de\/wp-json\/wp\/v2\/media\/9098"}],"wp:attachment":[{"href":"https:\/\/nownow.gallery\/de\/wp-json\/wp\/v2\/media?parent=11268"}],"wp:term":[{"taxonomy":"product_brand","embeddable":true,"href":"https:\/\/nownow.gallery\/de\/wp-json\/wp\/v2\/product_brand?post=11268"},{"taxonomy":"product_cat","embeddable":true,"href":"https:\/\/nownow.gallery\/de\/wp-json\/wp\/v2\/product_cat?post=11268"},{"taxonomy":"product_tag","embeddable":true,"href":"https:\/\/nownow.gallery\/de\/wp-json\/wp\/v2\/product_tag?post=11268"}],"curies":[{"name":"wp","href":"https:\/\/api.w.org\/{rel}","templated":true}]}}