{"id":11256,"date":"2024-03-11T19:20:48","date_gmt":"2024-03-11T18:20:48","guid":{"rendered":"https:\/\/nownow.gallery\/shop\/unkategorisiert\/schnelle-reise-2\/"},"modified":"2025-04-02T09:27:20","modified_gmt":"2025-04-02T07:27:20","slug":"ufos-ueber-mississippi","status":"publish","type":"product","link":"https:\/\/nownow.gallery\/de\/shop\/essen-liebe\/schnelle-reise-2\/","title":{"rendered":"Next Exit"},"content":{"rendered":"<h3>Ufos \u00fcber Mississippi<\/h3>\n<p>Das Bild ist Teil der Serie <em>Billboards<\/em>, f\u00fcr die ich Werbetafeln und Tankstellen fotografierte und dann deren St\u00fctzen und S\u00e4ulen wegretuschieren lie\u00df. Damit erhielten die Bilder eine futuristische Anmutung, weil die Billboards und D\u00e4cher wie UFOs \u00fcber der Landschaft und den St\u00e4dten schweben. Dieses Motiv fotografierte ich in Mississippi am Stra\u00dfenrand eines Highways. Einen Teil der Serie aus acht Bildern konnte ich 2020 auf der Kunstinseln am Lenbachplatz in M\u00fcnchen zeigen. Es ist ein Projekt f\u00fcr Kunst im \u00f6ffentlichen Raum, bei dem K\u00fcnstlerinnen und K\u00fcnstler im Wechseln ausstellen.<\/p>\n","protected":false},"excerpt":{"rendered":"<p>Food Love, Next Exit, Autos, Landschaft, Natur, Stra\u00dfe, usa, Werbetafeln, Markus Burke<\/p>\n","protected":false},"featured_media":9097,"comment_status":"closed","ping_status":"closed","template":"","meta":{"iawp_total_views":13},"product_brand":[],"product_cat":[467],"product_tag":[522,589,463,506,484,698],"class_list":{"0":"post-11256","1":"product","2":"type-product","3":"status-publish","4":"has-post-thumbnail","6":"product_cat-essen-liebe","7":"product_tag-autos","8":"product_tag-landschaft","9":"product_tag-natur-de","10":"product_tag-strase","11":"product_tag-usa-de","12":"product_tag-werbetafeln","14":"first","15":"instock","16":"taxable","17":"shipping-taxable","18":"purchasable","19":"product-type-variable"},"supplier_id":null,"supplier_sku":"","barcode":null,"atum_controlled":true,"out_stock_date":null,"out_stock_threshold":null,"inheritable":false,"inbound_stock":null,"stock_on_hold":0,"sold_today":0,"sales_last_days":0,"reserved_stock":null,"customer_returns":null,"warehouse_damage":null,"lost_in_post":null,"other_logs":null,"out_stock_days":0,"lost_sales":0,"has_location":null,"update_date":"2024-11-30T00:17:02","atum_locations":[],"atum_stock_status":"instock","restock_status":false,"low_stock_amount":"","sales_update_date":"2024-11-30T00:17:02","calc_backorders":null,"_links":{"self":[{"href":"https:\/\/nownow.gallery\/de\/wp-json\/wp\/v2\/product\/11256","targetHints":{"allow":["GET"]}}],"collection":[{"href":"https:\/\/nownow.gallery\/de\/wp-json\/wp\/v2\/product"}],"about":[{"href":"https:\/\/nownow.gallery\/de\/wp-json\/wp\/v2\/types\/product"}],"replies":[{"embeddable":true,"href":"https:\/\/nownow.gallery\/de\/wp-json\/wp\/v2\/comments?post=11256"}],"wp:featuredmedia":[{"embeddable":true,"href":"https:\/\/nownow.gallery\/de\/wp-json\/wp\/v2\/media\/9097"}],"wp:attachment":[{"href":"https:\/\/nownow.gallery\/de\/wp-json\/wp\/v2\/media?parent=11256"}],"wp:term":[{"taxonomy":"product_brand","embeddable":true,"href":"https:\/\/nownow.gallery\/de\/wp-json\/wp\/v2\/product_brand?post=11256"},{"taxonomy":"product_cat","embeddable":true,"href":"https:\/\/nownow.gallery\/de\/wp-json\/wp\/v2\/product_cat?post=11256"},{"taxonomy":"product_tag","embeddable":true,"href":"https:\/\/nownow.gallery\/de\/wp-json\/wp\/v2\/product_tag?post=11256"}],"curies":[{"name":"wp","href":"https:\/\/api.w.org\/{rel}","templated":true}]}}