{"id":11180,"date":"2024-03-11T18:43:29","date_gmt":"2024-03-11T17:43:29","guid":{"rendered":"https:\/\/nownow.gallery\/shop\/unkategorisiert\/wasserstrasse-i\/"},"modified":"2025-04-04T09:20:09","modified_gmt":"2025-04-04T07:20:09","slug":"das-stilfser-joch","status":"publish","type":"product","link":"https:\/\/nownow.gallery\/de\/shop\/wohnzimmer\/wasserstrasse-i\/","title":{"rendered":"Water Street I"},"content":{"rendered":"<h3>Das Stilfser Joch<\/h3>\n<p>Der Passo di Stelvio, oder Stilfser Joch, verbindet die Schweiz und Norditalien. Der Bergpass wurde 1825 fertiggestellt und ist mit 2757 Metern der zweith\u00f6chste der Alpen. Ich war dort, weil ich f\u00fcr einen Auftrag bestimmte Stra\u00dfen in ganz Europa fotografieren sollte, und nat\u00fcrlich durfte der Passo di Stelvio nicht fehlen. Das Bild ist eine Antwort auf <em>Water Street II<\/em> (auch in meiner Auswahl). Beide zeigen die Spuren, die zur\u00fcckbleiben, wenn sich Menschen und Fl\u00fcsse durch Landschaften bewegen.<\/p>\n","protected":false},"excerpt":{"rendered":"<p>2019, Living Room, Water Street I, Berge, Italien, Radfahren, Stra\u00dfen, Markus Burke<\/p>\n","protected":false},"featured_media":9095,"comment_status":"closed","ping_status":"closed","template":"","meta":{"iawp_total_views":15},"product_brand":[],"product_cat":[570],"product_tag":[563,465,692,543],"class_list":{"0":"post-11180","1":"product","2":"type-product","3":"status-publish","4":"has-post-thumbnail","6":"product_cat-wohnzimmer","7":"product_tag-berge","8":"product_tag-italien","9":"product_tag-radfahren","10":"product_tag-strasen","12":"first","13":"instock","14":"taxable","15":"shipping-taxable","16":"purchasable","17":"product-type-variable"},"supplier_id":null,"supplier_sku":"","barcode":null,"atum_controlled":true,"out_stock_date":null,"out_stock_threshold":null,"inheritable":false,"inbound_stock":null,"stock_on_hold":0,"sold_today":0,"sales_last_days":0,"reserved_stock":null,"customer_returns":null,"warehouse_damage":null,"lost_in_post":null,"other_logs":null,"out_stock_days":0,"lost_sales":0,"has_location":null,"update_date":"2024-11-30T00:16:54","atum_locations":[],"atum_stock_status":"instock","restock_status":false,"low_stock_amount":"","sales_update_date":"2024-11-30T00:16:54","calc_backorders":null,"_links":{"self":[{"href":"https:\/\/nownow.gallery\/de\/wp-json\/wp\/v2\/product\/11180","targetHints":{"allow":["GET"]}}],"collection":[{"href":"https:\/\/nownow.gallery\/de\/wp-json\/wp\/v2\/product"}],"about":[{"href":"https:\/\/nownow.gallery\/de\/wp-json\/wp\/v2\/types\/product"}],"replies":[{"embeddable":true,"href":"https:\/\/nownow.gallery\/de\/wp-json\/wp\/v2\/comments?post=11180"}],"wp:featuredmedia":[{"embeddable":true,"href":"https:\/\/nownow.gallery\/de\/wp-json\/wp\/v2\/media\/9095"}],"wp:attachment":[{"href":"https:\/\/nownow.gallery\/de\/wp-json\/wp\/v2\/media?parent=11180"}],"wp:term":[{"taxonomy":"product_brand","embeddable":true,"href":"https:\/\/nownow.gallery\/de\/wp-json\/wp\/v2\/product_brand?post=11180"},{"taxonomy":"product_cat","embeddable":true,"href":"https:\/\/nownow.gallery\/de\/wp-json\/wp\/v2\/product_cat?post=11180"},{"taxonomy":"product_tag","embeddable":true,"href":"https:\/\/nownow.gallery\/de\/wp-json\/wp\/v2\/product_tag?post=11180"}],"curies":[{"name":"wp","href":"https:\/\/api.w.org\/{rel}","templated":true}]}}