{"id":11136,"date":"2023-12-22T12:30:48","date_gmt":"2023-12-22T11:30:48","guid":{"rendered":"https:\/\/nownow.gallery\/shop\/unkategorisiert\/traeume-von-schafen\/"},"modified":"2025-04-10T10:25:20","modified_gmt":"2025-04-10T08:25:20","slug":"schafe-auf-reisen","status":"publish","type":"product","link":"https:\/\/nownow.gallery\/de\/shop\/nostalgie\/traeume-von-schafen\/","title":{"rendered":"Dreams of Sheep"},"content":{"rendered":"<h3>Schafe auf Reisen<\/h3>\n<p>Jedes Jahr im Juni werden 4.000 Schafe aus dem S\u00fcdtiroler Schnalstal \u00fcber den Niederjochpass zu den saftigen Wiesen des \u00d6tztals bei Vent gef\u00fchrt. Dieser \u00dcbergang \u00fcber den Alpenhauptkamm und die Grenze zwischen \u00d6sterreich und Italien, zwischen S\u00fcd- und Nordtirol, wird angeblich schon seit 10.000 Jahren von Menschen genutzt, die seit 6.000 Jahren ihre Schafe dar\u00fcber treiben. Damals muss die Szenerie ziemlich \u00e4hnlich ausgesehen haben. Nur die roten und blauen Markierungen, die auf das Fell gespr\u00fcht wurden, fehlten. Ich mag die bunten Markierungen; sie sehen sch\u00f6n aus und helfen den Bauern, ihre Tiere zu erkennen. Die Schafe verbringen ihre Sommerferien drei Monate lang auf den Hochweiden des \u00d6tztals. Es war beeindruckend, so viele von ihnen auf einmal zu sehen &#8211; ein gro\u00dfartiges Erlebnis. Im Jahr 2011 wurde die Schafzucht in \u00d6sterreich in die UNESCO-Liste des immateriellen Kulturerbes aufgenommen.<\/p>\n","protected":false},"excerpt":{"rendered":"<p>2010, Animal(istic), Nostalgia, Dreams of Sheep, Berge, Fernweh, Leben in der Vergangenheit, \u00d6sterreich, Verena Kathrein<\/p>\n","protected":false},"featured_media":8950,"comment_status":"closed","ping_status":"closed","template":"","meta":{"iawp_total_views":28},"product_brand":[],"product_cat":[551,510],"product_tag":[563,508,528,690],"class_list":{"0":"post-11136","1":"product","2":"type-product","3":"status-publish","4":"has-post-thumbnail","6":"product_cat-tieristisch","7":"product_cat-nostalgie","8":"product_tag-berge","9":"product_tag-fernweh","10":"product_tag-leben-in-der-vergangenheit","11":"product_tag-osterreich","13":"first","14":"instock","15":"featured","16":"taxable","17":"shipping-taxable","18":"purchasable","19":"product-type-variable"},"supplier_id":null,"supplier_sku":"","barcode":null,"atum_controlled":true,"out_stock_date":null,"out_stock_threshold":null,"inheritable":true,"inbound_stock":null,"stock_on_hold":0,"sold_today":0,"sales_last_days":0,"reserved_stock":null,"customer_returns":null,"warehouse_damage":null,"lost_in_post":null,"other_logs":null,"out_stock_days":0,"lost_sales":0,"has_location":false,"update_date":"2026-03-13T13:21:15","atum_locations":[],"atum_stock_status":"instock","restock_status":false,"low_stock_amount":"","sales_update_date":"2024-11-22T00:01:57","calc_backorders":null,"_links":{"self":[{"href":"https:\/\/nownow.gallery\/de\/wp-json\/wp\/v2\/product\/11136","targetHints":{"allow":["GET"]}}],"collection":[{"href":"https:\/\/nownow.gallery\/de\/wp-json\/wp\/v2\/product"}],"about":[{"href":"https:\/\/nownow.gallery\/de\/wp-json\/wp\/v2\/types\/product"}],"replies":[{"embeddable":true,"href":"https:\/\/nownow.gallery\/de\/wp-json\/wp\/v2\/comments?post=11136"}],"wp:featuredmedia":[{"embeddable":true,"href":"https:\/\/nownow.gallery\/de\/wp-json\/wp\/v2\/media\/8950"}],"wp:attachment":[{"href":"https:\/\/nownow.gallery\/de\/wp-json\/wp\/v2\/media?parent=11136"}],"wp:term":[{"taxonomy":"product_brand","embeddable":true,"href":"https:\/\/nownow.gallery\/de\/wp-json\/wp\/v2\/product_brand?post=11136"},{"taxonomy":"product_cat","embeddable":true,"href":"https:\/\/nownow.gallery\/de\/wp-json\/wp\/v2\/product_cat?post=11136"},{"taxonomy":"product_tag","embeddable":true,"href":"https:\/\/nownow.gallery\/de\/wp-json\/wp\/v2\/product_tag?post=11136"}],"curies":[{"name":"wp","href":"https:\/\/api.w.org\/{rel}","templated":true}]}}