{"id":11036,"date":"2023-12-22T16:25:06","date_gmt":"2023-12-22T15:25:06","guid":{"rendered":"https:\/\/nownow.gallery\/shop\/unkategorisiert\/weltmeister\/"},"modified":"2025-04-07T10:01:32","modified_gmt":"2025-04-07T08:01:32","slug":"das-schoenste-kaninchen-der-welt","status":"publish","type":"product","link":"https:\/\/nownow.gallery\/de\/shop\/tieristisch\/weltmeister\/","title":{"rendered":"World Champion"},"content":{"rendered":"<h3>Das sch\u00f6nste Kaninchen der Welt<\/h3>\n<p>Das ist H\u00e4nschen. Das sch\u00f6nste m\u00e4nnliche Kaninchen der Welt. H\u00e4nschen wurde bei der Weltmeisterschaft der Zwergkaninchen 2019 zum Sieger gekr\u00f6nt. Daf\u00fcr musste er einige herausragende Eigenschaften aufweisen. Zum Beispiel ein besonders sch\u00f6nes Fell, eine elegante Haltung, aber auch pr\u00e4chtige Hoden. Bei ihm stimmte alles, von 100 Punkten erreichte er 97,5, was anscheinend unglaublich ist. Kein Zwergkaninchen hat jemals 100 Punkte erhalten. H\u00e4nschen lebt bei seinen Z\u00fcchtern Uli und Birgit in Hamm, Nordrhein-Westfalen, wo ich ihn auch fotografiert habe. Als ich ihn streichelte, war ich sehr beeindruckt: Sein Fell ist wirklich super flauschig. Uli und Birgit k\u00fcmmern sich offensichtlich gut um ihn. Alles in allem sieht H\u00e4nschen aus, als w\u00e4re er gephotoshopped worden. Einfach unwirklich sch\u00f6n.<\/p>\n","protected":false},"excerpt":{"rendered":"<p>2021, Animal(istic), Black\/White, World Champion, Kaninchen, Pelz, Sch\u00f6nheit, Sex, Tier, Julia Sellmann<\/p>\n","protected":false},"featured_media":9080,"comment_status":"closed","ping_status":"closed","template":"","meta":{"iawp_total_views":16},"product_brand":[],"product_cat":[551,629],"product_tag":[687,689,684,688,607],"class_list":{"0":"post-11036","1":"product","2":"type-product","3":"status-publish","4":"has-post-thumbnail","6":"product_cat-tieristisch","7":"product_cat-schwarz-weis","8":"product_tag-kaninchen","9":"product_tag-pelz","10":"product_tag-schonheit","11":"product_tag-sex-de","12":"product_tag-tier","14":"first","15":"instock","16":"featured","17":"taxable","18":"shipping-taxable","19":"purchasable","20":"product-type-variable"},"supplier_id":null,"supplier_sku":"","barcode":null,"atum_controlled":true,"out_stock_date":null,"out_stock_threshold":null,"inheritable":true,"inbound_stock":null,"stock_on_hold":0,"sold_today":0,"sales_last_days":0,"reserved_stock":null,"customer_returns":null,"warehouse_damage":null,"lost_in_post":null,"other_logs":null,"out_stock_days":0,"lost_sales":0,"has_location":false,"update_date":"2025-01-29T08:21:57","atum_locations":[],"atum_stock_status":"instock","restock_status":false,"low_stock_amount":"","sales_update_date":"2024-11-23T00:03:29","calc_backorders":null,"_links":{"self":[{"href":"https:\/\/nownow.gallery\/de\/wp-json\/wp\/v2\/product\/11036","targetHints":{"allow":["GET"]}}],"collection":[{"href":"https:\/\/nownow.gallery\/de\/wp-json\/wp\/v2\/product"}],"about":[{"href":"https:\/\/nownow.gallery\/de\/wp-json\/wp\/v2\/types\/product"}],"replies":[{"embeddable":true,"href":"https:\/\/nownow.gallery\/de\/wp-json\/wp\/v2\/comments?post=11036"}],"wp:featuredmedia":[{"embeddable":true,"href":"https:\/\/nownow.gallery\/de\/wp-json\/wp\/v2\/media\/9080"}],"wp:attachment":[{"href":"https:\/\/nownow.gallery\/de\/wp-json\/wp\/v2\/media?parent=11036"}],"wp:term":[{"taxonomy":"product_brand","embeddable":true,"href":"https:\/\/nownow.gallery\/de\/wp-json\/wp\/v2\/product_brand?post=11036"},{"taxonomy":"product_cat","embeddable":true,"href":"https:\/\/nownow.gallery\/de\/wp-json\/wp\/v2\/product_cat?post=11036"},{"taxonomy":"product_tag","embeddable":true,"href":"https:\/\/nownow.gallery\/de\/wp-json\/wp\/v2\/product_tag?post=11036"}],"curies":[{"name":"wp","href":"https:\/\/api.w.org\/{rel}","templated":true}]}}