{"id":11035,"date":"2024-03-11T18:17:13","date_gmt":"2024-03-11T17:17:13","guid":{"rendered":"https:\/\/nownow.gallery\/shop\/unkategorisiert\/roter-mond-i\/"},"modified":"2025-04-04T09:38:22","modified_gmt":"2025-04-04T07:38:22","slug":"mond-ueber-losangeles","status":"publish","type":"product","link":"https:\/\/nownow.gallery\/de\/shop\/traume\/roter-mond-i\/","title":{"rendered":"Red Moon I"},"content":{"rendered":"<h3>Mond \u00fcber Los Angeles<\/h3>\n<p>W\u00e4hrend des ersten Covis-Lockdown habe ich Bilder aus meinem Archiv sortiert und Kombinationen erstellt. Hier sieht man den Mond \u00fcber Los Angeles. Von unten f\u00e4rben die Lichter der Stadt den Himmel mit einem leichten Gl\u00fchen. Ich habe dieses Bild mit <em>Red Moon II<\/em> gruppiert, ein Bild, das man ebenfalls in meiner Auswahl findet. Es ist also am besten, beide Bilder zu kaufen und sie nicht zu trennen. Sie sind wie ein Liebespaar \ud83d\ude09<\/p>\n","protected":false},"excerpt":{"rendered":"<p>2015, City, Dreams, Red Moon I, Himmel, Kalifornien, los angeles, Mond, Nacht, Markus Burke<\/p>\n","protected":false},"featured_media":9090,"comment_status":"closed","ping_status":"closed","template":"","meta":{"iawp_total_views":3},"product_brand":[],"product_cat":[497,460],"product_tag":[542,678,487,683,596],"class_list":{"0":"post-11035","1":"product","2":"type-product","3":"status-publish","4":"has-post-thumbnail","6":"product_cat-stadt","7":"product_cat-traume","8":"product_tag-himmel","9":"product_tag-kalifornien","10":"product_tag-los-angeles-de","11":"product_tag-mond","12":"product_tag-nacht-de","14":"first","15":"instock","16":"taxable","17":"shipping-taxable","18":"purchasable","19":"product-type-variable"},"supplier_id":null,"supplier_sku":"","barcode":null,"atum_controlled":true,"out_stock_date":null,"out_stock_threshold":null,"inheritable":false,"inbound_stock":null,"stock_on_hold":0,"sold_today":0,"sales_last_days":0,"reserved_stock":null,"customer_returns":null,"warehouse_damage":null,"lost_in_post":null,"other_logs":null,"out_stock_days":0,"lost_sales":0,"has_location":null,"update_date":"2024-11-30T00:16:45","atum_locations":[],"atum_stock_status":"instock","restock_status":false,"low_stock_amount":"","sales_update_date":"2024-11-30T00:16:45","calc_backorders":null,"_links":{"self":[{"href":"https:\/\/nownow.gallery\/de\/wp-json\/wp\/v2\/product\/11035","targetHints":{"allow":["GET"]}}],"collection":[{"href":"https:\/\/nownow.gallery\/de\/wp-json\/wp\/v2\/product"}],"about":[{"href":"https:\/\/nownow.gallery\/de\/wp-json\/wp\/v2\/types\/product"}],"replies":[{"embeddable":true,"href":"https:\/\/nownow.gallery\/de\/wp-json\/wp\/v2\/comments?post=11035"}],"wp:featuredmedia":[{"embeddable":true,"href":"https:\/\/nownow.gallery\/de\/wp-json\/wp\/v2\/media\/9090"}],"wp:attachment":[{"href":"https:\/\/nownow.gallery\/de\/wp-json\/wp\/v2\/media?parent=11035"}],"wp:term":[{"taxonomy":"product_brand","embeddable":true,"href":"https:\/\/nownow.gallery\/de\/wp-json\/wp\/v2\/product_brand?post=11035"},{"taxonomy":"product_cat","embeddable":true,"href":"https:\/\/nownow.gallery\/de\/wp-json\/wp\/v2\/product_cat?post=11035"},{"taxonomy":"product_tag","embeddable":true,"href":"https:\/\/nownow.gallery\/de\/wp-json\/wp\/v2\/product_tag?post=11035"}],"curies":[{"name":"wp","href":"https:\/\/api.w.org\/{rel}","templated":true}]}}