{"id":10973,"date":"2023-12-22T16:13:47","date_gmt":"2023-12-22T15:13:47","guid":{"rendered":"https:\/\/nownow.gallery\/shop\/unkategorisiert\/auf-der-kreuzung\/"},"modified":"2025-04-08T08:35:17","modified_gmt":"2025-04-08T06:35:17","slug":"shinjuku-crossing","status":"publish","type":"product","link":"https:\/\/nownow.gallery\/de\/shop\/reisen\/shinjuku-crossing\/","title":{"rendered":"On The Intersection"},"content":{"rendered":"<h3>Shinjuku Crossing<\/h3>\n<p>Viel! Viel! Geld! Dieses Plakat hing im bunten und lauten Shinjuku-Viertel von Tokio, nicht weit von einem Kapselhotel entfernt, wo ich im Fr\u00fchjahr 2019 ein paar Tage verbrachte. Das war vor der Pandemie. Danach war eine solche Reise f\u00fcr ein paar Jahre ohnehin nicht mehr m\u00f6glich. Ich mochte die Farben in Japan sehr &#8211; egal, wohin ich mich wandte, es gab etwas zu fotografieren und f\u00fcr die Ewigkeit festzuhalten.<\/p>\n","protected":false},"excerpt":{"rendered":"<p>2019, City, Travel, On The Intersection, Geld, Japan, Stadt, Tokio, Helga Traxler<\/p>\n","protected":false},"featured_media":9029,"comment_status":"closed","ping_status":"closed","template":"","meta":{"iawp_total_views":6},"product_brand":[],"product_cat":[497,489],"product_tag":[677,555,513,676],"class_list":{"0":"post-10973","1":"product","2":"type-product","3":"status-publish","4":"has-post-thumbnail","6":"product_cat-stadt","7":"product_cat-reisen","8":"product_tag-geld","9":"product_tag-japan-de","10":"product_tag-stadt","11":"product_tag-tokio","13":"first","14":"instock","15":"featured","16":"taxable","17":"shipping-taxable","18":"purchasable","19":"product-type-variable"},"supplier_id":null,"supplier_sku":"","barcode":null,"atum_controlled":true,"out_stock_date":null,"out_stock_threshold":null,"inheritable":true,"inbound_stock":null,"stock_on_hold":0,"sold_today":0,"sales_last_days":0,"reserved_stock":null,"customer_returns":null,"warehouse_damage":null,"lost_in_post":null,"other_logs":null,"out_stock_days":0,"lost_sales":0,"has_location":false,"update_date":"2025-01-29T09:23:44","atum_locations":[],"atum_stock_status":"instock","restock_status":false,"low_stock_amount":"","sales_update_date":"2024-11-23T00:03:03","calc_backorders":null,"_links":{"self":[{"href":"https:\/\/nownow.gallery\/de\/wp-json\/wp\/v2\/product\/10973","targetHints":{"allow":["GET"]}}],"collection":[{"href":"https:\/\/nownow.gallery\/de\/wp-json\/wp\/v2\/product"}],"about":[{"href":"https:\/\/nownow.gallery\/de\/wp-json\/wp\/v2\/types\/product"}],"replies":[{"embeddable":true,"href":"https:\/\/nownow.gallery\/de\/wp-json\/wp\/v2\/comments?post=10973"}],"wp:featuredmedia":[{"embeddable":true,"href":"https:\/\/nownow.gallery\/de\/wp-json\/wp\/v2\/media\/9029"}],"wp:attachment":[{"href":"https:\/\/nownow.gallery\/de\/wp-json\/wp\/v2\/media?parent=10973"}],"wp:term":[{"taxonomy":"product_brand","embeddable":true,"href":"https:\/\/nownow.gallery\/de\/wp-json\/wp\/v2\/product_brand?post=10973"},{"taxonomy":"product_cat","embeddable":true,"href":"https:\/\/nownow.gallery\/de\/wp-json\/wp\/v2\/product_cat?post=10973"},{"taxonomy":"product_tag","embeddable":true,"href":"https:\/\/nownow.gallery\/de\/wp-json\/wp\/v2\/product_tag?post=10973"}],"curies":[{"name":"wp","href":"https:\/\/api.w.org\/{rel}","templated":true}]}}